{"id":1025,"date":"2011-03-15T18:30:07","date_gmt":"2011-03-15T22:30:07","guid":{"rendered":"http:\/\/rkrause.cl\/web\/?page_id=1025"},"modified":"2018-03-02T16:58:27","modified_gmt":"2018-03-02T19:58:27","slug":"falta-de-distancia","status":"publish","type":"page","link":"https:\/\/rkrause.cl\/web\/?page_id=1025","title":{"rendered":"[2010-11] Falta de Distancia"},"content":{"rendered":"<h2>Falta de Distancia<\/h2>\n<h6>Museo sin Muros (Mall Plaza Vespucio, Santiago y Mall Plaza Tr\u00e9bol, Concepci\u00f3n), 2010-11<\/h6>\n<p>ngg_shortcode_0_placeholder<\/p>\n<p>Participantes: &gt; <a href=\"http:\/\/etab.cl\/monica-bate\/\" target=\"_blank\" rel=\"noopener\">M\u00f3nica Bate<\/a>, Filip Carrasco, &gt; <a href=\"http:\/\/www.masivo.cl\/\" target=\"_blank\" rel=\"noopener\">Daniel Cruz<\/a>, &gt; <a href=\"http:\/\/www.nicolasfranco.com\/\" target=\"_blank\" rel=\"noopener\">Nicol\u00e1s Franco<\/a>, Rainer Krause, LaMe, &gt; <a href=\"http:\/\/claudiamuller.net\/\" target=\"_blank\" rel=\"noopener\">Claudia M\u00fcller<\/a>, &gt; <a href=\"https:\/\/soundcloud.com\/pintor-z\" target=\"_blank\" rel=\"noopener\">Mario Z,<\/a> &gt; <a href=\"http:\/\/enriquezamudio.cl\/\" target=\"_blank\" rel=\"noopener\">Enrique Zamudio<\/a><\/p>\n<p><!-- [if gte mso 9]><xml> <w:WordDocument> <w:View>Normal<\/w:View> <w:Zoom>0<\/w:Zoom> <w:TrackMoves ><\/w:TrackMoves> <w:TrackFormatting ><\/w:TrackFormatting> <w:HyphenationZone>21<\/w:HyphenationZone> <w:PunctuationKerning ><\/w:PunctuationKerning> <w:ValidateAgainstSchemas ><\/w:ValidateAgainstSchemas> <w:SaveIfXMLInvalid>false<\/w:SaveIfXMLInvalid> <w:IgnoreMixedContent>false<\/w:IgnoreMixedContent> <w:AlwaysShowPlaceholderText>false<\/w:AlwaysShowPlaceholderText> <w:DoNotPromoteQF ><\/w:DoNotPromoteQF> <w:LidThemeOther>ES<\/w:LidThemeOther> <w:LidThemeAsian>X-NONE<\/w:LidThemeAsian> <w:LidThemeComplexScript>X-NONE<\/w:LidThemeComplexScript> <w:Compatibility> <w:BreakWrappedTables ><\/w:BreakWrappedTables> <w:SnapToGridInCell ><\/w:SnapToGridInCell> <w:WrapTextWithPunct ><\/w:WrapTextWithPunct> <w:UseAsianBreakRules ><\/w:UseAsianBreakRules> <w:DontGrowAutofit ><\/w:DontGrowAutofit> <w:SplitPgBreakAndParaMark ><\/w:SplitPgBreakAndParaMark> <w:DontVertAlignCellWithSp ><\/w:DontVertAlignCellWithSp> <w:DontBreakConstrainedForcedTables ><\/w:DontBreakConstrainedForcedTables> <w:DontVertAlignInTxbx ><\/w:DontVertAlignInTxbx> <w:Word11KerningPairs ><\/w:Word11KerningPairs> <w:CachedColBalance ><\/w:CachedColBalance> <\/w:Compatibility> <m:mathPr> <m:mathFont m:val=\"Cambria Math\" ><\/m:mathFont> <m:brkBin m:val=\"before\" ><\/m:brkBin> <m:brkBinSub m:val=\" \" ><\/m:brkBinSub> <m:smallFrac m:val=\"off\" ><\/m:smallFrac> <m:dispDef ><\/m:dispDef> <m:lMargin m:val=\"0\" ><\/m:lMargin> <m:rMargin m:val=\"0\" ><\/m:rMargin> <m:defJc m:val=\"centerGroup\" ><\/m:defJc> <m:wrapIndent m:val=\"1440\" ><\/m:wrapIndent> <m:intLim m:val=\"subSup\" ><\/m:intLim> <m:naryLim m:val=\"undOvr\" ><\/m:naryLim> <\/m:mathPr><\/w:WordDocument> <\/xml><![endif]--><!-- [if gte mso 9]><xml> <w:LatentStyles DefLockedState=\"false\" DefUnhideWhenUsed=\"true\" DefSemiHidden=\"true\" DefQFormat=\"false\" DefPriority=\"99\" LatentStyleCount=\"267\"> <w:LsdException Locked=\"false\" Priority=\"0\" SemiHidden=\"false\" UnhideWhenUsed=\"false\" QFormat=\"true\" Name=\"Normal\" ><\/w:LsdException> <w:LsdException Locked=\"false\" Priority=\"9\" SemiHidden=\"false\" UnhideWhenUsed=\"false\" QFormat=\"true\" Name=\"heading 1\" ><\/w:LsdException> <w:LsdException Locked=\"false\" Priority=\"9\" QFormat=\"true\" Name=\"heading 2\" ><\/w:LsdException> <w:LsdException Locked=\"false\" Priority=\"9\" QFormat=\"true\" Name=\"heading 3\" ><\/w:LsdException> <w:LsdException Locked=\"false\" Priority=\"9\" QFormat=\"true\" Name=\"heading 4\" ><\/w:LsdException> <w:LsdException Locked=\"false\" Priority=\"9\" QFormat=\"true\" Name=\"heading 5\" ><\/w:LsdException> <w:LsdException Locked=\"false\" Priority=\"9\" QFormat=\"true\" Name=\"heading 6\" ><\/w:LsdException> <w:LsdException Locked=\"false\" Priority=\"9\" QFormat=\"true\" Name=\"heading 7\" ><\/w:LsdException> <w:LsdException Locked=\"false\" Priority=\"9\" QFormat=\"true\" Name=\"heading 8\" ><\/w:LsdException> <w:LsdException Locked=\"false\" Priority=\"9\" QFormat=\"true\" Name=\"heading 9\" ><\/w:LsdException> <w:LsdException Locked=\"false\" Priority=\"39\" Name=\"toc 1\" ><\/w:LsdException> <w:LsdException Locked=\"false\" Priority=\"39\" Name=\"toc 2\" ><\/w:LsdException> <w:LsdException Locked=\"false\" Priority=\"39\" Name=\"toc 3\" ><\/w:LsdException> <w:LsdException Locked=\"false\" Priority=\"39\" Name=\"toc 4\" ><\/w:LsdException> <w:LsdException Locked=\"false\" Priority=\"39\" Name=\"toc 5\" ><\/w:LsdException> <w:LsdException Locked=\"false\" Priority=\"39\" Name=\"toc 6\" ><\/w:LsdException> <w:LsdException Locked=\"false\" Priority=\"39\" Name=\"toc 7\" ><\/w:LsdException> <w:LsdException Locked=\"false\" Priority=\"39\" Name=\"toc 8\" ><\/w:LsdException> <w:LsdException Locked=\"false\" Priority=\"39\" Name=\"toc 9\" ><\/w:LsdException> <w:LsdException Locked=\"false\" Priority=\"35\" QFormat=\"true\" Name=\"caption\" ><\/w:LsdException> <w:LsdException Locked=\"false\" Priority=\"10\" SemiHidden=\"false\" UnhideWhenUsed=\"false\" QFormat=\"true\" Name=\"Title\" ><\/w:LsdException> <w:LsdException Locked=\"false\" Priority=\"1\" Name=\"Default Paragraph Font\" ><\/w:LsdException> <w:LsdException Locked=\"false\" Priority=\"11\" SemiHidden=\"false\" UnhideWhenUsed=\"false\" QFormat=\"true\" Name=\"Subtitle\" ><\/w:LsdException> <w:LsdException Locked=\"false\" Priority=\"22\" SemiHidden=\"false\" UnhideWhenUsed=\"false\" QFormat=\"true\" Name=\"Strong\" ><\/w:LsdException> <w:LsdException Locked=\"false\" Priority=\"20\" SemiHidden=\"false\" UnhideWhenUsed=\"false\" QFormat=\"true\" Name=\"Emphasis\" ><\/w:LsdException> <w:LsdException Locked=\"false\" Priority=\"59\" SemiHidden=\"false\" UnhideWhenUsed=\"false\" Name=\"Table Grid\" ><\/w:LsdException> <w:LsdException Locked=\"false\" UnhideWhenUsed=\"false\" Name=\"Placeholder Text\" ><\/w:LsdException> <w:LsdException Locked=\"false\" Priority=\"1\" SemiHidden=\"false\" UnhideWhenUsed=\"false\" QFormat=\"true\" Name=\"No Spacing\" ><\/w:LsdException> <w:LsdException Locked=\"false\" Priority=\"60\" SemiHidden=\"false\" UnhideWhenUsed=\"false\" Name=\"Light Shading\" ><\/w:LsdException> <w:LsdException Locked=\"false\" Priority=\"61\" SemiHidden=\"false\" UnhideWhenUsed=\"false\" Name=\"Light List\" ><\/w:LsdException> <w:LsdException Locked=\"false\" Priority=\"62\" SemiHidden=\"false\" UnhideWhenUsed=\"false\" Name=\"Light Grid\" ><\/w:LsdException> <w:LsdException Locked=\"false\" Priority=\"63\" SemiHidden=\"false\" UnhideWhenUsed=\"false\" Name=\"Medium Shading 1\" ><\/w:LsdException> <w:LsdException Locked=\"false\" Priority=\"64\" SemiHidden=\"false\" UnhideWhenUsed=\"false\" Name=\"Medium Shading 2\" ><\/w:LsdException> <w:LsdException Locked=\"false\" Priority=\"65\" SemiHidden=\"false\" UnhideWhenUsed=\"false\" Name=\"Medium List 1\" ><\/w:LsdException> <w:LsdException Locked=\"false\" Priority=\"66\" SemiHidden=\"false\" UnhideWhenUsed=\"false\" Name=\"Medium List 2\" ><\/w:LsdException> <w:LsdException Locked=\"false\" Priority=\"67\" SemiHidden=\"false\" UnhideWhenUsed=\"false\" Name=\"Medium Grid 1\" ><\/w:LsdException> <w:LsdException Locked=\"false\" Priority=\"68\" SemiHidden=\"false\" UnhideWhenUsed=\"false\" Name=\"Medium Grid 2\" ><\/w:LsdException> <w:LsdException Locked=\"false\" Priority=\"69\" SemiHidden=\"false\" UnhideWhenUsed=\"false\" Name=\"Medium Grid 3\" ><\/w:LsdException> <w:LsdException Locked=\"false\" Priority=\"70\" SemiHidden=\"false\" UnhideWhenUsed=\"false\" Name=\"Dark List\" ><\/w:LsdException> <w:LsdException Locked=\"false\" Priority=\"71\" SemiHidden=\"false\" UnhideWhenUsed=\"false\" Name=\"Colorful Shading\" ><\/w:LsdException> <w:LsdException Locked=\"false\" Priority=\"72\" SemiHidden=\"false\" UnhideWhenUsed=\"false\" Name=\"Colorful List\" ><\/w:LsdException> <w:LsdException Locked=\"false\" Priority=\"73\" SemiHidden=\"false\" UnhideWhenUsed=\"false\" Name=\"Colorful Grid\" ><\/w:LsdException> <w:LsdException Locked=\"false\" Priority=\"60\" SemiHidden=\"false\" UnhideWhenUsed=\"false\" Name=\"Light Shading Accent 1\" ><\/w:LsdException> <w:LsdException Locked=\"false\" Priority=\"61\" SemiHidden=\"false\" UnhideWhenUsed=\"false\" Name=\"Light List Accent 1\" ><\/w:LsdException> <w:LsdException Locked=\"false\" Priority=\"62\" SemiHidden=\"false\" UnhideWhenUsed=\"false\" Name=\"Light Grid Accent 1\" ><\/w:LsdException> <w:LsdException Locked=\"false\" Priority=\"63\" SemiHidden=\"false\" UnhideWhenUsed=\"false\" Name=\"Medium Shading 1 Accent 1\" ><\/w:LsdException> <w:LsdException Locked=\"false\" Priority=\"64\" SemiHidden=\"false\" UnhideWhenUsed=\"false\" Name=\"Medium Shading 2 Accent 1\" ><\/w:LsdException> <w:LsdException Locked=\"false\" Priority=\"65\" SemiHidden=\"false\" UnhideWhenUsed=\"false\" Name=\"Medium List 1 Accent 1\" ><\/w:LsdException> <w:LsdException Locked=\"false\" UnhideWhenUsed=\"false\" Name=\"Revision\" ><\/w:LsdException> <w:LsdException Locked=\"false\" Priority=\"34\" SemiHidden=\"false\" UnhideWhenUsed=\"false\" QFormat=\"true\" Name=\"List Paragraph\" ><\/w:LsdException> <w:LsdException Locked=\"false\" Priority=\"29\" SemiHidden=\"false\" UnhideWhenUsed=\"false\" QFormat=\"true\" Name=\"Quote\" ><\/w:LsdException> <w:LsdException Locked=\"false\" Priority=\"30\" SemiHidden=\"false\" UnhideWhenUsed=\"false\" QFormat=\"true\" Name=\"Intense Quote\" ><\/w:LsdException> <w:LsdException Locked=\"false\" Priority=\"66\" SemiHidden=\"false\" UnhideWhenUsed=\"false\" Name=\"Medium List 2 Accent 1\" ><\/w:LsdException> <w:LsdException Locked=\"false\" Priority=\"67\" SemiHidden=\"false\" UnhideWhenUsed=\"false\" Name=\"Medium Grid 1 Accent 1\" ><\/w:LsdException> <w:LsdException Locked=\"false\" Priority=\"68\" SemiHidden=\"false\" UnhideWhenUsed=\"false\" Name=\"Medium Grid 2 Accent 1\" ><\/w:LsdException> <w:LsdException Locked=\"false\" Priority=\"69\" SemiHidden=\"false\" UnhideWhenUsed=\"false\" Name=\"Medium Grid 3 Accent 1\" ><\/w:LsdException> <w:LsdException Locked=\"false\" Priority=\"70\" SemiHidden=\"false\" UnhideWhenUsed=\"false\" Name=\"Dark List Accent 1\" ><\/w:LsdException> <w:LsdException Locked=\"false\" Priority=\"71\" SemiHidden=\"false\" UnhideWhenUsed=\"false\" Name=\"Colorful Shading Accent 1\" ><\/w:LsdException> <w:LsdException Locked=\"false\" Priority=\"72\" SemiHidden=\"false\" UnhideWhenUsed=\"false\" Name=\"Colorful List Accent 1\" ><\/w:LsdException> <w:LsdException Locked=\"false\" Priority=\"73\" SemiHidden=\"false\" UnhideWhenUsed=\"false\" Name=\"Colorful Grid Accent 1\" ><\/w:LsdException> <w:LsdException Locked=\"false\" Priority=\"60\" SemiHidden=\"false\" UnhideWhenUsed=\"false\" Name=\"Light Shading Accent 2\" ><\/w:LsdException> <w:LsdException Locked=\"false\" Priority=\"61\" SemiHidden=\"false\" UnhideWhenUsed=\"false\" Name=\"Light List Accent 2\" ><\/w:LsdException> <w:LsdException Locked=\"false\" Priority=\"62\" SemiHidden=\"false\" UnhideWhenUsed=\"false\" Name=\"Light Grid Accent 2\" ><\/w:LsdException> <w:LsdException Locked=\"false\" Priority=\"63\" SemiHidden=\"false\" UnhideWhenUsed=\"false\" Name=\"Medium Shading 1 Accent 2\" ><\/w:LsdException> <w:LsdException Locked=\"false\" Priority=\"64\" SemiHidden=\"false\" UnhideWhenUsed=\"false\" Name=\"Medium Shading 2 Accent 2\" ><\/w:LsdException> <w:LsdException Locked=\"false\" Priority=\"65\" SemiHidden=\"false\" UnhideWhenUsed=\"false\" Name=\"Medium List 1 Accent 2\" ><\/w:LsdException> <w:LsdException Locked=\"false\" Priority=\"66\" SemiHidden=\"false\" UnhideWhenUsed=\"false\" Name=\"Medium List 2 Accent 2\" ><\/w:LsdException> <w:LsdException Locked=\"false\" Priority=\"67\" SemiHidden=\"false\" UnhideWhenUsed=\"false\" Name=\"Medium Grid 1 Accent 2\" ><\/w:LsdException> <w:LsdException Locked=\"false\" Priority=\"68\" SemiHidden=\"false\" UnhideWhenUsed=\"false\" Name=\"Medium Grid 2 Accent 2\" ><\/w:LsdException> <w:LsdException Locked=\"false\" Priority=\"69\" SemiHidden=\"false\" UnhideWhenUsed=\"false\" Name=\"Medium Grid 3 Accent 2\" ><\/w:LsdException> <w:LsdException Locked=\"false\" Priority=\"70\" SemiHidden=\"false\" UnhideWhenUsed=\"false\" Name=\"Dark List Accent 2\" ><\/w:LsdException> <w:LsdException Locked=\"false\" Priority=\"71\" SemiHidden=\"false\" UnhideWhenUsed=\"false\" Name=\"Colorful Shading Accent 2\" ><\/w:LsdException> <w:LsdException Locked=\"false\" Priority=\"72\" SemiHidden=\"false\" UnhideWhenUsed=\"false\" Name=\"Colorful List Accent 2\" ><\/w:LsdException> <w:LsdException Locked=\"false\" Priority=\"73\" SemiHidden=\"false\" UnhideWhenUsed=\"false\" Name=\"Colorful Grid Accent 2\" ><\/w:LsdException> <w:LsdException Locked=\"false\" Priority=\"60\" SemiHidden=\"false\" UnhideWhenUsed=\"false\" Name=\"Light Shading Accent 3\" ><\/w:LsdException> <w:LsdException Locked=\"false\" Priority=\"61\" SemiHidden=\"false\" UnhideWhenUsed=\"false\" Name=\"Light List Accent 3\" ><\/w:LsdException> <w:LsdException Locked=\"false\" Priority=\"62\" SemiHidden=\"false\" UnhideWhenUsed=\"false\" Name=\"Light Grid Accent 3\" ><\/w:LsdException> <w:LsdException Locked=\"false\" Priority=\"63\" SemiHidden=\"false\" UnhideWhenUsed=\"false\" Name=\"Medium Shading 1 Accent 3\" ><\/w:LsdException> <w:LsdException Locked=\"false\" Priority=\"64\" SemiHidden=\"false\" UnhideWhenUsed=\"false\" Name=\"Medium Shading 2 Accent 3\" ><\/w:LsdException> <w:LsdException Locked=\"false\" Priority=\"65\" SemiHidden=\"false\" UnhideWhenUsed=\"false\" Name=\"Medium List 1 Accent 3\" ><\/w:LsdException> <w:LsdException Locked=\"false\" Priority=\"66\" SemiHidden=\"false\" UnhideWhenUsed=\"false\" Name=\"Medium List 2 Accent 3\" ><\/w:LsdException> <w:LsdException Locked=\"false\" Priority=\"67\" SemiHidden=\"false\" UnhideWhenUsed=\"false\" Name=\"Medium Grid 1 Accent 3\" ><\/w:LsdException> <w:LsdException Locked=\"false\" Priority=\"68\" SemiHidden=\"false\" UnhideWhenUsed=\"false\" Name=\"Medium Grid 2 Accent 3\" ><\/w:LsdException> <w:LsdException Locked=\"false\" Priority=\"69\" SemiHidden=\"false\" UnhideWhenUsed=\"false\" Name=\"Medium Grid 3 Accent 3\" ><\/w:LsdException> <w:LsdException Locked=\"false\" Priority=\"70\" SemiHidden=\"false\" UnhideWhenUsed=\"false\" Name=\"Dark List Accent 3\" ><\/w:LsdException> <w:LsdException Locked=\"false\" Priority=\"71\" SemiHidden=\"false\" UnhideWhenUsed=\"false\" Name=\"Colorful Shading Accent 3\" ><\/w:LsdException> <w:LsdException Locked=\"false\" Priority=\"72\" SemiHidden=\"false\" UnhideWhenUsed=\"false\" Name=\"Colorful List Accent 3\" ><\/w:LsdException> <w:LsdException Locked=\"false\" Priority=\"73\" SemiHidden=\"false\" UnhideWhenUsed=\"false\" Name=\"Colorful Grid Accent 3\" ><\/w:LsdException> <w:LsdException Locked=\"false\" Priority=\"60\" SemiHidden=\"false\" UnhideWhenUsed=\"false\" Name=\"Light Shading Accent 4\" ><\/w:LsdException> <w:LsdException Locked=\"false\" Priority=\"61\" SemiHidden=\"false\" UnhideWhenUsed=\"false\" Name=\"Light List Accent 4\" ><\/w:LsdException> <w:LsdException Locked=\"false\" Priority=\"62\" SemiHidden=\"false\" UnhideWhenUsed=\"false\" Name=\"Light Grid Accent 4\" ><\/w:LsdException> <w:LsdException Locked=\"false\" Priority=\"63\" SemiHidden=\"false\" UnhideWhenUsed=\"false\" Name=\"Medium Shading 1 Accent 4\" ><\/w:LsdException> <w:LsdException Locked=\"false\" Priority=\"64\" SemiHidden=\"false\" UnhideWhenUsed=\"false\" Name=\"Medium Shading 2 Accent 4\" ><\/w:LsdException> <w:LsdException Locked=\"false\" Priority=\"65\" SemiHidden=\"false\" UnhideWhenUsed=\"false\" Name=\"Medium List 1 Accent 4\" ><\/w:LsdException> <w:LsdException Locked=\"false\" Priority=\"66\" SemiHidden=\"false\" UnhideWhenUsed=\"false\" Name=\"Medium List 2 Accent 4\" ><\/w:LsdException> <w:LsdException Locked=\"false\" Priority=\"67\" SemiHidden=\"false\" UnhideWhenUsed=\"false\" Name=\"Medium Grid 1 Accent 4\" ><\/w:LsdException> <w:LsdException Locked=\"false\" Priority=\"68\" SemiHidden=\"false\" UnhideWhenUsed=\"false\" Name=\"Medium Grid 2 Accent 4\" ><\/w:LsdException> <w:LsdException Locked=\"false\" Priority=\"69\" SemiHidden=\"false\" UnhideWhenUsed=\"false\" Name=\"Medium Grid 3 Accent 4\" ><\/w:LsdException> <w:LsdException Locked=\"false\" Priority=\"70\" SemiHidden=\"false\" UnhideWhenUsed=\"false\" Name=\"Dark List Accent 4\" ><\/w:LsdException> <w:LsdException Locked=\"false\" Priority=\"71\" SemiHidden=\"false\" UnhideWhenUsed=\"false\" Name=\"Colorful Shading Accent 4\" ><\/w:LsdException> <w:LsdException Locked=\"false\" Priority=\"72\" SemiHidden=\"false\" UnhideWhenUsed=\"false\" Name=\"Colorful List Accent 4\" ><\/w:LsdException> <w:LsdException Locked=\"false\" Priority=\"73\" SemiHidden=\"false\" UnhideWhenUsed=\"false\" Name=\"Colorful Grid Accent 4\" ><\/w:LsdException> <w:LsdException Locked=\"false\" Priority=\"60\" SemiHidden=\"false\" UnhideWhenUsed=\"false\" Name=\"Light Shading Accent 5\" ><\/w:LsdException> <w:LsdException Locked=\"false\" Priority=\"61\" SemiHidden=\"false\" UnhideWhenUsed=\"false\" Name=\"Light List Accent 5\" ><\/w:LsdException> <w:LsdException Locked=\"false\" Priority=\"62\" SemiHidden=\"false\" UnhideWhenUsed=\"false\" Name=\"Light Grid Accent 5\" ><\/w:LsdException> <w:LsdException Locked=\"false\" Priority=\"63\" SemiHidden=\"false\" UnhideWhenUsed=\"false\" Name=\"Medium Shading 1 Accent 5\" ><\/w:LsdException> <w:LsdException Locked=\"false\" Priority=\"64\" SemiHidden=\"false\" UnhideWhenUsed=\"false\" Name=\"Medium Shading 2 Accent 5\" ><\/w:LsdException> <w:LsdException Locked=\"false\" Priority=\"65\" SemiHidden=\"false\" UnhideWhenUsed=\"false\" Name=\"Medium List 1 Accent 5\" ><\/w:LsdException> <w:LsdException Locked=\"false\" Priority=\"66\" SemiHidden=\"false\" UnhideWhenUsed=\"false\" Name=\"Medium List 2 Accent 5\" ><\/w:LsdException> <w:LsdException Locked=\"false\" Priority=\"67\" SemiHidden=\"false\" UnhideWhenUsed=\"false\" Name=\"Medium Grid 1 Accent 5\" ><\/w:LsdException> <w:LsdException Locked=\"false\" Priority=\"68\" SemiHidden=\"false\" UnhideWhenUsed=\"false\" Name=\"Medium Grid 2 Accent 5\" ><\/w:LsdException> <w:LsdException Locked=\"false\" Priority=\"69\" SemiHidden=\"false\" UnhideWhenUsed=\"false\" Name=\"Medium Grid 3 Accent 5\" ><\/w:LsdException> <w:LsdException Locked=\"false\" Priority=\"70\" SemiHidden=\"false\" UnhideWhenUsed=\"false\" Name=\"Dark List Accent 5\" ><\/w:LsdException> <w:LsdException Locked=\"false\" Priority=\"71\" SemiHidden=\"false\" UnhideWhenUsed=\"false\" Name=\"Colorful Shading Accent 5\" ><\/w:LsdException> <w:LsdException Locked=\"false\" Priority=\"72\" SemiHidden=\"false\" UnhideWhenUsed=\"false\" Name=\"Colorful List Accent 5\" ><\/w:LsdException> <w:LsdException Locked=\"false\" Priority=\"73\" SemiHidden=\"false\" UnhideWhenUsed=\"false\" Name=\"Colorful Grid Accent 5\" ><\/w:LsdException> <w:LsdException Locked=\"false\" Priority=\"60\" SemiHidden=\"false\" UnhideWhenUsed=\"false\" Name=\"Light Shading Accent 6\" ><\/w:LsdException> <w:LsdException Locked=\"false\" Priority=\"61\" SemiHidden=\"false\" UnhideWhenUsed=\"false\" Name=\"Light List Accent 6\" ><\/w:LsdException> <w:LsdException Locked=\"false\" Priority=\"62\" SemiHidden=\"false\" UnhideWhenUsed=\"false\" Name=\"Light Grid Accent 6\" ><\/w:LsdException> <w:LsdException Locked=\"false\" Priority=\"63\" SemiHidden=\"false\" UnhideWhenUsed=\"false\" Name=\"Medium Shading 1 Accent 6\" ><\/w:LsdException> <w:LsdException Locked=\"false\" Priority=\"64\" SemiHidden=\"false\" UnhideWhenUsed=\"false\" Name=\"Medium Shading 2 Accent 6\" ><\/w:LsdException> <w:LsdException Locked=\"false\" Priority=\"65\" SemiHidden=\"false\" UnhideWhenUsed=\"false\" Name=\"Medium List 1 Accent 6\" ><\/w:LsdException> <w:LsdException Locked=\"false\" Priority=\"66\" SemiHidden=\"false\" UnhideWhenUsed=\"false\" Name=\"Medium List 2 Accent 6\" ><\/w:LsdException> <w:LsdException Locked=\"false\" Priority=\"67\" SemiHidden=\"false\" UnhideWhenUsed=\"false\" Name=\"Medium Grid 1 Accent 6\" ><\/w:LsdException> <w:LsdException Locked=\"false\" Priority=\"68\" SemiHidden=\"false\" UnhideWhenUsed=\"false\" Name=\"Medium Grid 2 Accent 6\" ><\/w:LsdException> <w:LsdException Locked=\"false\" Priority=\"69\" SemiHidden=\"false\" UnhideWhenUsed=\"false\" Name=\"Medium Grid 3 Accent 6\" ><\/w:LsdException> <w:LsdException Locked=\"false\" Priority=\"70\" SemiHidden=\"false\" UnhideWhenUsed=\"false\" Name=\"Dark List Accent 6\" ><\/w:LsdException> <w:LsdException Locked=\"false\" Priority=\"71\" SemiHidden=\"false\" UnhideWhenUsed=\"false\" Name=\"Colorful Shading Accent 6\" ><\/w:LsdException> <w:LsdException Locked=\"false\" Priority=\"72\" SemiHidden=\"false\" UnhideWhenUsed=\"false\" Name=\"Colorful List Accent 6\" ><\/w:LsdException> <w:LsdException Locked=\"false\" Priority=\"73\" SemiHidden=\"false\" UnhideWhenUsed=\"false\" Name=\"Colorful Grid Accent 6\" ><\/w:LsdException> <w:LsdException Locked=\"false\" Priority=\"19\" SemiHidden=\"false\" UnhideWhenUsed=\"false\" QFormat=\"true\" Name=\"Subtle Emphasis\" ><\/w:LsdException> <w:LsdException Locked=\"false\" Priority=\"21\" SemiHidden=\"false\" UnhideWhenUsed=\"false\" QFormat=\"true\" Name=\"Intense Emphasis\" ><\/w:LsdException> <w:LsdException Locked=\"false\" Priority=\"31\" SemiHidden=\"false\" UnhideWhenUsed=\"false\" QFormat=\"true\" Name=\"Subtle Reference\" ><\/w:LsdException> <w:LsdException Locked=\"false\" Priority=\"32\" SemiHidden=\"false\" UnhideWhenUsed=\"false\" QFormat=\"true\" Name=\"Intense Reference\" ><\/w:LsdException> <w:LsdException Locked=\"false\" Priority=\"33\" SemiHidden=\"false\" UnhideWhenUsed=\"false\" QFormat=\"true\" Name=\"Book Title\" ><\/w:LsdException> <w:LsdException Locked=\"false\" Priority=\"37\" Name=\"Bibliography\" ><\/w:LsdException> <w:LsdException Locked=\"false\" Priority=\"39\" QFormat=\"true\" Name=\"TOC Heading\" ><\/w:LsdException> <\/w:LatentStyles> <\/xml><![endif]--><!-- [if gte mso 10]>\n<mce:style><! \/* Style Definitions *\/ table.MsoNormalTable {mso-style-name:\"Tabla normal\"; mso-tstyle-rowband-size:0; mso-tstyle-colband-size:0; mso-style-noshow:yes; mso-style-priority:99; mso-style-qformat:yes; mso-style-parent:\"\"; mso-padding-alt:0cm 5.4pt 0cm 5.4pt; mso-para-margin:0cm; mso-para-margin-bottom:.0001pt; mso-pagination:widow-orphan; font-size:11.0pt; font-family:\"Calibri\",\"sans-serif\"; mso-ascii-font-family:Calibri; mso-ascii-theme-font:minor-latin; mso-fareast-font-family:\"Times New Roman\"; mso-fareast-theme-font:minor-fareast; mso-hansi-font-family:Calibri; mso-hansi-theme-font:minor-latin; mso-bidi-font-family:\"Times New Roman\"; mso-bidi-theme-font:minor-bidi;} --><\/p>\n<p><!--[endif]--><\/p>\n<p class=\"MsoNormal\">En una exposici\u00f3n de arte estamos acostumbrados a hacer uso de nuestros ojos. A trav\u00e9s del acto de observar nos apropiamos del objeto expuesto. Mantenemos una cierta distancia de \u00e9l; los objetos de arte no se tocan. Esta distancia depende de si queremos apreciar el objeto en su totalidad o inspeccionar un detalle. Esta distancia marca una diferencia entre nosotros, los sujetos observantes, y el objeto observado. Esta mirada del sujeto al objeto es una condici\u00f3n importante de cualquier pensamiento cient\u00edfico-t\u00e9cnico que se basa en la \u201cobjetividad\u201d. Y as\u00ed podemos dar nuestra opini\u00f3n de si este objeto es bueno o malo.<\/p>\n<p class=\"MsoNormal\">\u00bfPero cu\u00e1l es la distancia adecuada a un objeto que emite sonido?Pregunta que se hace m\u00e1s problem\u00e1tica si hay varios objetos en una misma sala y as\u00ed se superponen los sonidos. En esta muestra nueve artistas (cinco en Santiago y cuatro en Concepci\u00f3n) han instalados objetos o conjuntos de objetos que adem\u00e1s de ser observables se deben escuchar.<\/p>\n<p class=\"MsoNormal\">El sonido de cada uno de las obras no solamente envuelve al objeto mismo en una esfera de sonidos, sino tambi\u00e9n nos envuelve a nosotros, los espectadores\/oyentes. Estamos juntos en una son\u00f3sfera, donde est\u00e1n presentes los sonidos de todos los objetos instalados.<\/p>\n<p class=\"MsoNormal\">Mientras podemos separar visualmente estos objetos sin problemas, aunque estemos en una posici\u00f3n donde un objeto tapa al otro \u2013hay distancias entre ellos-, los sonidos se mezclan entre s\u00ed, adem\u00e1s se mezclan con los sonidos del Mall y del p\u00fablico. Nos podemos mover en esta son\u00f3sfera, acercarnos a uno u otro objeto para escucharlos mejor \u2013 pero no podemos silenciar a los dem\u00e1s. No hay una distancia espacial entre los sonidos, no hay distancias entre los sujetos oyentes y los objetos o\u00eddos.<\/p>\n<p class=\"MsoNormal\">Por esta raz\u00f3n, la escucha es m\u00e1s bien subjetiva, menos apta para el an\u00e1lisis cr\u00edtico e invita menos a la abstracci\u00f3n y a la conceptualizaci\u00f3n que la mirada. Estamos involucrados en una misma situaci\u00f3n perceptiva con los objetos sonantes: los sonidos nos tocan. Hay falta de distancia.<\/p>\n","protected":false},"excerpt":{"rendered":"<p>Falta de Distancia Museo sin Muros (Mall Plaza Vespucio, Santiago y Mall Plaza Tr\u00e9bol, Concepci\u00f3n), 2010-11 \u00bb order_by=\u00bbsortorder\u00bb order_direction=\u00bbASC\u00bb returns=\u00bbincluded\u00bb maximum_entity_count=\u00bb500&#8243;] Participantes: &gt; M\u00f3nica Bate, Filip Carrasco, &gt; Daniel Cruz, &gt; Nicol\u00e1s Franco, Rainer Krause, LaMe, &gt; Claudia M\u00fcller, &gt; Mario Z, &gt; Enrique Zamudio En una exposici\u00f3n de arte estamos acostumbrados a hacer uso [&hellip;]<\/p>\n","protected":false},"author":2,"featured_media":0,"parent":67,"menu_order":3,"comment_status":"closed","ping_status":"closed","template":"","meta":{"ngg_post_thumbnail":0,"footnotes":""},"class_list":["post-1025","page","type-page","status-publish","hentry"],"_links":{"self":[{"href":"https:\/\/rkrause.cl\/web\/index.php?rest_route=\/wp\/v2\/pages\/1025"}],"collection":[{"href":"https:\/\/rkrause.cl\/web\/index.php?rest_route=\/wp\/v2\/pages"}],"about":[{"href":"https:\/\/rkrause.cl\/web\/index.php?rest_route=\/wp\/v2\/types\/page"}],"author":[{"embeddable":true,"href":"https:\/\/rkrause.cl\/web\/index.php?rest_route=\/wp\/v2\/users\/2"}],"replies":[{"embeddable":true,"href":"https:\/\/rkrause.cl\/web\/index.php?rest_route=%2Fwp%2Fv2%2Fcomments&post=1025"}],"version-history":[{"count":18,"href":"https:\/\/rkrause.cl\/web\/index.php?rest_route=\/wp\/v2\/pages\/1025\/revisions"}],"predecessor-version":[{"id":4208,"href":"https:\/\/rkrause.cl\/web\/index.php?rest_route=\/wp\/v2\/pages\/1025\/revisions\/4208"}],"up":[{"embeddable":true,"href":"https:\/\/rkrause.cl\/web\/index.php?rest_route=\/wp\/v2\/pages\/67"}],"wp:attachment":[{"href":"https:\/\/rkrause.cl\/web\/index.php?rest_route=%2Fwp%2Fv2%2Fmedia&parent=1025"}],"curies":[{"name":"wp","href":"https:\/\/api.w.org\/{rel}","templated":true}]}}