{"id":1449,"date":"2012-12-02T22:17:08","date_gmt":"2012-12-02T22:17:08","guid":{"rendered":"http:\/\/rkrause.cl\/web\/?page_id=1449"},"modified":"2026-03-27T11:48:08","modified_gmt":"2026-03-27T14:48:08","slug":"1-terabyte-2012","status":"publish","type":"page","link":"https:\/\/rkrause.cl\/web\/?page_id=1449","title":{"rendered":"[2012-22] 1 Terabyte"},"content":{"rendered":"<h2><strong>1 TB<span style=\"font-size: xx-small;\">1<\/span> [Kleiner Lauschangriff],&nbsp;2012<\/strong><\/h2>\n<h6><em>SomaRumor<\/em>.&nbsp;Espa\u00e7o Apis, Rio de Janeiro, Brasil, 2019<br \/>\n<em>Menos es M\u00e1s.<\/em>&nbsp;Museo de Arte Contempor\u00e1neo, Valdivia;&nbsp;Sal\u00f3n Chela Lira, Universidad Cat\u00f3lica del Norte, Antofagasta, Chile, 2017.<br \/>\n<em>Menos es M\u00e1s.<\/em>&nbsp;Museo sin Muros, Mall Pza. Vespucio, Santiago de Chile, 2016<br \/>\n<em>Continuum: El cuerpo como territorio de pr\u00e1cticas mediales<\/em>. Espacio de Arte Contempor\u00e1neo, Montevideo, Uruguay, 2013<br \/>\n<em>1 Terabyte<\/em>. Sala Juan Egenau, Universidad de Chile, 2012<\/h6>\n<p>Instalaci\u00f3n medial<br \/>\nPlotter de corte, plotter sobre papel, disco duro externo de 1 TB de capacidad de almacenaje, alimentaci\u00f3n el\u00e9ctrica, chaleco con texto bordado, silla, repisa de madera, caja acr\u00edlica<br \/>\nmedidas variables<\/p>\n<p>ngg_shortcode_0_placeholder<\/p>\n<hr>\n<h2><strong>&nbsp;1 TB<span style=\"font-size: xx-small;\">2<\/span> [download parcialmente ilegal], 2012<\/strong><\/h2>\n<h6>Festival&nbsp;<em>Tsonami<\/em>. Parque Cultural de Valpara\u00edso, Chile, 2012<\/h6>\n<p>Instalaci\u00f3n medial<br \/>\nPlotter de corte,&nbsp;disco duro externo de 1 TB de capacidad de almacenaje,&nbsp;alimentaci\u00f3n el\u00e9ctrica,&nbsp;repisa de madera,&nbsp;caja acr\u00edlica<br \/>\nmedidas variables<\/p>\n<p>ngg_shortcode_1_placeholder<\/p>\n<hr>\n<h2><strong>1 TB<span style=\"font-size: xx-small;\">3<\/span> [timeboxing], 2012<\/strong><\/h2>\n<h6><em>Rauschmittel. Museo de Arte Contempor\u00e1neo, <\/em>Santiago de Chile, 2022.<br \/>\n<em>Radiaciones de Fondo<\/em>. Galer\u00eda Gabriela Mistral, Santiago de Chile, 2013<br \/>\n<em>)sin asunto(<\/em>&nbsp;. hangarnekoe, Santiago de Chile, 2012<\/h6>\n<p>Instalaci\u00f3n sonora<br \/>\nPlotter de corte,&nbsp;disco duro externo de 1 TB de capacidad de almacenaje,&nbsp;alimentaci\u00f3n el\u00e9ctrica,&nbsp;repisa de madera,&nbsp;caja acr\u00edlica,&nbsp;reproductor CD,&nbsp;CD con banda sonora,&nbsp;amplificaci\u00f3n audio de 2 canales,&nbsp;2 parlantes,&nbsp;sonido<br \/>\nmedidas variables<\/p>\n<p>ngg_shortcode_2_placeholder<!--[if lt IE 9]><script>document.createElement('audio');<\/script><![endif]--><br \/>\n<audio class=\"wp-audio-shortcode\" id=\"audio-1449-1\" preload=\"none\" style=\"width: 100%;\" controls=\"controls\"><source type=\"audio\/mpeg\" src=\"https:\/\/rkrause.cl\/web\/wp-content\/uploads\/2021\/11\/10min-1-TB3_s.mp3?_=1\" \/><a href=\"https:\/\/rkrause.cl\/web\/wp-content\/uploads\/2021\/11\/10min-1-TB3_s.mp3\">https:\/\/rkrause.cl\/web\/wp-content\/uploads\/2021\/11\/10min-1-TB3_s.mp3<\/a><\/audio><\/p>\n","protected":false},"excerpt":{"rendered":"<p>1 TB1 [Kleiner Lauschangriff],&nbsp;2012 SomaRumor.&nbsp;Espa\u00e7o Apis, Rio de Janeiro, Brasil, 2019 Menos es M\u00e1s.&nbsp;Museo de Arte Contempor\u00e1neo, Valdivia;&nbsp;Sal\u00f3n Chela Lira, Universidad Cat\u00f3lica del Norte, Antofagasta, Chile, 2017. Menos es M\u00e1s.&nbsp;Museo sin Muros, Mall Pza. Vespucio, Santiago de Chile, 2016 Continuum: El cuerpo como territorio de pr\u00e1cticas mediales. Espacio de Arte Contempor\u00e1neo, Montevideo, Uruguay, 2013 1 [&hellip;]<\/p>\n","protected":false},"author":2,"featured_media":0,"parent":65,"menu_order":3,"comment_status":"closed","ping_status":"closed","template":"","meta":{"ngg_post_thumbnail":0,"footnotes":""},"class_list":["post-1449","page","type-page","status-publish","hentry"],"_links":{"self":[{"href":"https:\/\/rkrause.cl\/web\/index.php?rest_route=\/wp\/v2\/pages\/1449"}],"collection":[{"href":"https:\/\/rkrause.cl\/web\/index.php?rest_route=\/wp\/v2\/pages"}],"about":[{"href":"https:\/\/rkrause.cl\/web\/index.php?rest_route=\/wp\/v2\/types\/page"}],"author":[{"embeddable":true,"href":"https:\/\/rkrause.cl\/web\/index.php?rest_route=\/wp\/v2\/users\/2"}],"replies":[{"embeddable":true,"href":"https:\/\/rkrause.cl\/web\/index.php?rest_route=%2Fwp%2Fv2%2Fcomments&post=1449"}],"version-history":[{"count":15,"href":"https:\/\/rkrause.cl\/web\/index.php?rest_route=\/wp\/v2\/pages\/1449\/revisions"}],"predecessor-version":[{"id":6720,"href":"https:\/\/rkrause.cl\/web\/index.php?rest_route=\/wp\/v2\/pages\/1449\/revisions\/6720"}],"up":[{"embeddable":true,"href":"https:\/\/rkrause.cl\/web\/index.php?rest_route=\/wp\/v2\/pages\/65"}],"wp:attachment":[{"href":"https:\/\/rkrause.cl\/web\/index.php?rest_route=%2Fwp%2Fv2%2Fmedia&parent=1449"}],"curies":[{"name":"wp","href":"https:\/\/api.w.org\/{rel}","templated":true}]}}