{"id":1642,"date":"2018-02-26T05:42:46","date_gmt":"2018-02-26T05:42:46","guid":{"rendered":"https:\/\/rkrause.cl\/web\/?page_id=1642"},"modified":"2018-02-27T21:41:47","modified_gmt":"2018-02-28T00:41:47","slug":"2013-15-1-gigabyte","status":"publish","type":"page","link":"https:\/\/rkrause.cl\/web\/?page_id=1642","title":{"rendered":"[2013-15] 1 Gigabyte"},"content":{"rendered":"<h2>1 GB<sub>2<\/sub> [11-9-1973]<\/h2>\n<h6><em>Est\u00e9ticas de la Memoria: Septiembre 40 a\u00f1os.<\/em>&nbsp;Sala Juan Egenau, Universidad de Chile, Santiago de Chile, 2012<\/h6>\n<p>&nbsp;<\/p>\n<p>Instalaci\u00f3n<br \/>\nTarjeta de SC de 1 GB de capacidad<br \/>\nPlotter de corte<\/p>\n<p>ngg_shortcode_0_placeholder<\/p>\n<p>&nbsp;<\/p>\n<p>&nbsp;<\/p>\n<hr>\n<h2>1 GB<sub>1<\/sub> [firma]<\/h2>\n<h6><em>1 Terabyte<\/em>. Instalaciones. Sala Juan Egenau, Universidad de Chile, Santiago de Chile, 2012<\/h6>\n<p>&nbsp;<\/p>\n<p>Instalaci\u00f3n<br \/>\nTarjeta de SC de 1 GB de capacidad<br \/>\nPlotter de corte<\/p>\n<p>ngg_shortcode_1_placeholder<\/p>\n","protected":false},"excerpt":{"rendered":"<p>1 GB2 [11-9-1973] Est\u00e9ticas de la Memoria: Septiembre 40 a\u00f1os.&nbsp;Sala Juan Egenau, Universidad de Chile, Santiago de Chile, 2012 &nbsp; Instalaci\u00f3n Tarjeta de SC de 1 GB de capacidad Plotter de corte \u00bb order_by=\u00bbsortorder\u00bb order_direction=\u00bbASC\u00bb returns=\u00bbincluded\u00bb maximum_entity_count=\u00bb500&#8243;] &nbsp; &nbsp; 1 GB1 [firma] 1 Terabyte. Instalaciones. Sala Juan Egenau, Universidad de Chile, Santiago de Chile, 2012 [&hellip;]<\/p>\n","protected":false},"author":1,"featured_media":0,"parent":59,"menu_order":1,"comment_status":"closed","ping_status":"closed","template":"","meta":{"ngg_post_thumbnail":0,"footnotes":""},"class_list":["post-1642","page","type-page","status-publish","hentry"],"_links":{"self":[{"href":"https:\/\/rkrause.cl\/web\/index.php?rest_route=\/wp\/v2\/pages\/1642"}],"collection":[{"href":"https:\/\/rkrause.cl\/web\/index.php?rest_route=\/wp\/v2\/pages"}],"about":[{"href":"https:\/\/rkrause.cl\/web\/index.php?rest_route=\/wp\/v2\/types\/page"}],"author":[{"embeddable":true,"href":"https:\/\/rkrause.cl\/web\/index.php?rest_route=\/wp\/v2\/users\/1"}],"replies":[{"embeddable":true,"href":"https:\/\/rkrause.cl\/web\/index.php?rest_route=%2Fwp%2Fv2%2Fcomments&post=1642"}],"version-history":[{"count":6,"href":"https:\/\/rkrause.cl\/web\/index.php?rest_route=\/wp\/v2\/pages\/1642\/revisions"}],"predecessor-version":[{"id":3542,"href":"https:\/\/rkrause.cl\/web\/index.php?rest_route=\/wp\/v2\/pages\/1642\/revisions\/3542"}],"up":[{"embeddable":true,"href":"https:\/\/rkrause.cl\/web\/index.php?rest_route=\/wp\/v2\/pages\/59"}],"wp:attachment":[{"href":"https:\/\/rkrause.cl\/web\/index.php?rest_route=%2Fwp%2Fv2%2Fmedia&parent=1642"}],"curies":[{"name":"wp","href":"https:\/\/api.w.org\/{rel}","templated":true}]}}