{"id":1644,"date":"2018-02-26T05:43:12","date_gmt":"2018-02-26T05:43:12","guid":{"rendered":"https:\/\/rkrause.cl\/web\/?page_id=1644"},"modified":"2018-02-27T13:29:41","modified_gmt":"2018-02-27T16:29:41","slug":"2000-01-objetos-de-papel-y-concreto","status":"publish","type":"page","link":"https:\/\/rkrause.cl\/web\/?page_id=1644","title":{"rendered":"[2000-01] Objetos de papel y concreto"},"content":{"rendered":"<h2>Objetos de papel y concreto<\/h2>\n<h6>Santiago de Chile, 2000 \u2013 2001<br \/>\n<em>Cambiar la pronunciaci\u00f3n del propio nombre<\/em>. Galer\u00eda del Cerro, Santiago de Chile, 2001<br \/>\n<em>Intervenci\u00f3n I \u2013 Festival de M\u00fasica Contempor\u00e1nea<\/em>. Sala Zegers, Universidad de Chile, Santiago de Chile, 2011<\/h6>\n<p>Papel artesanal, concreto y diversos materiales en vitrinas de madera y vidrio<br \/>\n75 x 75 cm, 40 x 40 cm<\/p>\n<p>ngg_shortcode_0_placeholder<\/p>\n<p>Texto &gt;<a href=\"http:\/\/rkrause.cl\/web\/wp-content\/uploads\/2009\/03\/Daniela%20Rosenfeld_Un%20artista%20singular.pdf\" target=\"_blank\" rel=\"noopener\">Daniela Rosenfeld: Un artista singular<\/a><\/p>\n<p>&nbsp;<\/p>\n","protected":false},"excerpt":{"rendered":"<p>Objetos de papel y concreto Santiago de Chile, 2000 \u2013 2001 Cambiar la pronunciaci\u00f3n del propio nombre. Galer\u00eda del Cerro, Santiago de Chile, 2001 Intervenci\u00f3n I \u2013 Festival de M\u00fasica Contempor\u00e1nea. Sala Zegers, Universidad de Chile, Santiago de Chile, 2011 Papel artesanal, concreto y diversos materiales en vitrinas de madera y vidrio 75 x 75 [&hellip;]<\/p>\n","protected":false},"author":1,"featured_media":0,"parent":59,"menu_order":2,"comment_status":"closed","ping_status":"closed","template":"","meta":{"ngg_post_thumbnail":0,"footnotes":""},"class_list":["post-1644","page","type-page","status-publish","hentry"],"_links":{"self":[{"href":"https:\/\/rkrause.cl\/web\/index.php?rest_route=\/wp\/v2\/pages\/1644"}],"collection":[{"href":"https:\/\/rkrause.cl\/web\/index.php?rest_route=\/wp\/v2\/pages"}],"about":[{"href":"https:\/\/rkrause.cl\/web\/index.php?rest_route=\/wp\/v2\/types\/page"}],"author":[{"embeddable":true,"href":"https:\/\/rkrause.cl\/web\/index.php?rest_route=\/wp\/v2\/users\/1"}],"replies":[{"embeddable":true,"href":"https:\/\/rkrause.cl\/web\/index.php?rest_route=%2Fwp%2Fv2%2Fcomments&post=1644"}],"version-history":[{"count":6,"href":"https:\/\/rkrause.cl\/web\/index.php?rest_route=\/wp\/v2\/pages\/1644\/revisions"}],"predecessor-version":[{"id":3323,"href":"https:\/\/rkrause.cl\/web\/index.php?rest_route=\/wp\/v2\/pages\/1644\/revisions\/3323"}],"up":[{"embeddable":true,"href":"https:\/\/rkrause.cl\/web\/index.php?rest_route=\/wp\/v2\/pages\/59"}],"wp:attachment":[{"href":"https:\/\/rkrause.cl\/web\/index.php?rest_route=%2Fwp%2Fv2%2Fmedia&parent=1644"}],"curies":[{"name":"wp","href":"https:\/\/api.w.org\/{rel}","templated":true}]}}