{"id":1646,"date":"2018-02-26T05:43:23","date_gmt":"2018-02-26T05:43:23","guid":{"rendered":"https:\/\/rkrause.cl\/web\/?page_id=1646"},"modified":"2018-02-27T13:38:42","modified_gmt":"2018-02-27T16:38:42","slug":"1996-2002-objetos-de-tela-y-madera","status":"publish","type":"page","link":"https:\/\/rkrause.cl\/web\/?page_id=1646","title":{"rendered":"[1996-2002] Objetos de tela y madera"},"content":{"rendered":"<h2>Objetos de tela y madera<\/h2>\n<h6>Santiago de Chile \/ Barcelona, 1996 \u2013 2002<br \/>\n<em>Material de di\u00e1logo<\/em>&nbsp;(junto con Oscar Concha). Sala Universitaria, Concepci\u00f3n, Chile, 2000<br \/>\n<em>Material de di\u00e1logo<\/em>&nbsp;(junto con Oscar Concha). Centro de Extensi\u00f3n, Universidad Cat\u00f3lica, Santiago de Chile, 2000&nbsp;<br \/>\n<em>Pintura De-Marca<\/em>. Centro Cultural de Espa\u00f1a, Santiago de Chile, 2000<\/h6>\n<p>Madera, tela, acr\u00edlico<\/p>\n<p>ngg_shortcode_0_placeholder<\/p>\n<p>Cat\u00e1logo &gt;<a href=\"http:\/\/rkrause.cl\/web\/wp-content\/uploads\/2009\/03\/00_10_material-de-dialogo.pdf\" target=\"_blank\" rel=\"noopener\">Material de di\u00e1logo<\/a><br \/>\nCat\u00e1logo &gt;<a href=\"http:\/\/rkrause.cl\/web\/wp-content\/uploads\/2009\/03\/00_04_pintura-de-marca.pdf\" target=\"_blank\" rel=\"noopener\">Pintura de marca<\/a><br \/>\nTexto &gt;<a href=\"http:\/\/rkrause.cl\/web\/wp-content\/uploads\/2009\/03\/Jose-Zalaquett_Dialogo-de-verdad.pdf\" target=\"_blank\" rel=\"noopener\">Jos\u00e9 Zalaquett: Di\u00e1logo de verdad<\/a><\/p>\n","protected":false},"excerpt":{"rendered":"<p>Objetos de tela y madera Santiago de Chile \/ Barcelona, 1996 \u2013 2002 Material de di\u00e1logo&nbsp;(junto con Oscar Concha). Sala Universitaria, Concepci\u00f3n, Chile, 2000 Material de di\u00e1logo&nbsp;(junto con Oscar Concha). Centro de Extensi\u00f3n, Universidad Cat\u00f3lica, Santiago de Chile, 2000&nbsp; Pintura De-Marca. Centro Cultural de Espa\u00f1a, Santiago de Chile, 2000 Madera, tela, acr\u00edlico \u00bb order_by=\u00bbsortorder\u00bb order_direction=\u00bbASC\u00bb [&hellip;]<\/p>\n","protected":false},"author":1,"featured_media":0,"parent":59,"menu_order":4,"comment_status":"closed","ping_status":"closed","template":"","meta":{"ngg_post_thumbnail":0,"footnotes":""},"class_list":["post-1646","page","type-page","status-publish","hentry"],"_links":{"self":[{"href":"https:\/\/rkrause.cl\/web\/index.php?rest_route=\/wp\/v2\/pages\/1646"}],"collection":[{"href":"https:\/\/rkrause.cl\/web\/index.php?rest_route=\/wp\/v2\/pages"}],"about":[{"href":"https:\/\/rkrause.cl\/web\/index.php?rest_route=\/wp\/v2\/types\/page"}],"author":[{"embeddable":true,"href":"https:\/\/rkrause.cl\/web\/index.php?rest_route=\/wp\/v2\/users\/1"}],"replies":[{"embeddable":true,"href":"https:\/\/rkrause.cl\/web\/index.php?rest_route=%2Fwp%2Fv2%2Fcomments&post=1646"}],"version-history":[{"count":6,"href":"https:\/\/rkrause.cl\/web\/index.php?rest_route=\/wp\/v2\/pages\/1646\/revisions"}],"predecessor-version":[{"id":3327,"href":"https:\/\/rkrause.cl\/web\/index.php?rest_route=\/wp\/v2\/pages\/1646\/revisions\/3327"}],"up":[{"embeddable":true,"href":"https:\/\/rkrause.cl\/web\/index.php?rest_route=\/wp\/v2\/pages\/59"}],"wp:attachment":[{"href":"https:\/\/rkrause.cl\/web\/index.php?rest_route=%2Fwp%2Fv2%2Fmedia&parent=1646"}],"curies":[{"name":"wp","href":"https:\/\/api.w.org\/{rel}","templated":true}]}}