{"id":1648,"date":"2018-02-26T05:43:53","date_gmt":"2018-02-26T05:43:53","guid":{"rendered":"https:\/\/rkrause.cl\/web\/?page_id=1648"},"modified":"2018-02-27T13:44:20","modified_gmt":"2018-02-27T16:44:20","slug":"1997-98-instalaciones-minimas","status":"publish","type":"page","link":"https:\/\/rkrause.cl\/web\/?page_id=1648","title":{"rendered":"[1997-98] Instalaciones m\u00ednimas"},"content":{"rendered":"<h2>Instalaciones m\u00ednimas<\/h2>\n<h5>10 edificios p\u00fablicos, Santiago de Chile, 1997-98<\/h5>\n<p>Materiales diversos tras vidrio, 100 x 100 cm.<\/p>\n<p>ngg_shortcode_0_placeholder<\/p>\n<p>Cat\u00e1logo &gt;&nbsp;<a href=\"http:\/\/rkrause.cl\/web\/wp-content\/uploads\/2009\/03\/98_09_instalaciones-minimas.pdf\" target=\"_blank\" rel=\"noopener\">Instalaciones m\u00ednimas<\/a><br \/>\nTexto &gt;&nbsp;<a href=\"http:\/\/rkrause.cl\/web\/wp-content\/uploads\/2009\/03\/Ramon%20Castillo_Instalacion%20Minima%20No%20I.pdf\" target=\"_blank\" rel=\"noopener\">Ram\u00f3n Castillo: Instalaciones m\u00ednimas I<\/a><br \/>\nTexto &gt;&nbsp;<a href=\"http:\/\/rkrause.cl\/web\/wp-content\/uploads\/2009\/03\/Ramon%20Castillo_Instalacion%20Minima%20No%20II.pdf\" target=\"_blank\" rel=\"noopener\">Ram\u00f3n Castillo: Instalaciones m\u00ednimas II<\/a><\/p>\n","protected":false},"excerpt":{"rendered":"<p>Instalaciones m\u00ednimas 10 edificios p\u00fablicos, Santiago de Chile, 1997-98 Materiales diversos tras vidrio, 100 x 100 cm. \u00bb order_by=\u00bbsortorder\u00bb order_direction=\u00bbASC\u00bb returns=\u00bbincluded\u00bb maximum_entity_count=\u00bb500&#8243;] Cat\u00e1logo &gt;&nbsp;Instalaciones m\u00ednimas Texto &gt;&nbsp;Ram\u00f3n Castillo: Instalaciones m\u00ednimas I Texto &gt;&nbsp;Ram\u00f3n Castillo: Instalaciones m\u00ednimas II<\/p>\n","protected":false},"author":1,"featured_media":0,"parent":59,"menu_order":4,"comment_status":"closed","ping_status":"closed","template":"","meta":{"ngg_post_thumbnail":0,"footnotes":""},"class_list":["post-1648","page","type-page","status-publish","hentry"],"_links":{"self":[{"href":"https:\/\/rkrause.cl\/web\/index.php?rest_route=\/wp\/v2\/pages\/1648"}],"collection":[{"href":"https:\/\/rkrause.cl\/web\/index.php?rest_route=\/wp\/v2\/pages"}],"about":[{"href":"https:\/\/rkrause.cl\/web\/index.php?rest_route=\/wp\/v2\/types\/page"}],"author":[{"embeddable":true,"href":"https:\/\/rkrause.cl\/web\/index.php?rest_route=\/wp\/v2\/users\/1"}],"replies":[{"embeddable":true,"href":"https:\/\/rkrause.cl\/web\/index.php?rest_route=%2Fwp%2Fv2%2Fcomments&post=1648"}],"version-history":[{"count":6,"href":"https:\/\/rkrause.cl\/web\/index.php?rest_route=\/wp\/v2\/pages\/1648\/revisions"}],"predecessor-version":[{"id":3330,"href":"https:\/\/rkrause.cl\/web\/index.php?rest_route=\/wp\/v2\/pages\/1648\/revisions\/3330"}],"up":[{"embeddable":true,"href":"https:\/\/rkrause.cl\/web\/index.php?rest_route=\/wp\/v2\/pages\/59"}],"wp:attachment":[{"href":"https:\/\/rkrause.cl\/web\/index.php?rest_route=%2Fwp%2Fv2%2Fmedia&parent=1648"}],"curies":[{"name":"wp","href":"https:\/\/api.w.org\/{rel}","templated":true}]}}