{"id":1654,"date":"2018-02-26T05:44:41","date_gmt":"2018-02-26T05:44:41","guid":{"rendered":"https:\/\/rkrause.cl\/web\/?page_id=1654"},"modified":"2018-02-27T15:16:33","modified_gmt":"2018-02-27T18:16:33","slug":"1991-97-paisajes-marginales-paneles","status":"publish","type":"page","link":"https:\/\/rkrause.cl\/web\/?page_id=1654","title":{"rendered":"[1991-97] Paisajes marginales (paneles)"},"content":{"rendered":"<h2>Paisajes marginales<\/h2>\n<h5>Santiago de Chile, 1991 \u2013 1997<br \/>\n<em>Material de di\u00e1logo<\/em>&nbsp;(junto con Oscar Concha). Centro de Extensi\u00f3n, Universidad Cat\u00f3lica, Santiago de Chile, 2000<br \/>\n<em>Escala 1\/10.&nbsp;<\/em>Museo de Santiago Casa Colorada, Santiago de Chile, 2000<br \/>\n<em>Tres instalaciones y una maqueta<\/em>. Galer\u00eda P. An\u00edbal Pinto, Temuco, Chile, 1999<br \/>\n<em>Bajo Techo<\/em>. Galer\u00eda Ana Mar\u00eda Matthei, Santiago de Chile, 1999<br \/>\n<em>Dos instalaciones y una maqueta<\/em>. Museo de Santiago \u2013 Casa Colorada, Santiago de Chile, 1998<br \/>\n<em>Paisajes caseros<\/em>. Sala de Sesiones, Municipalidad de Pe\u00f1alol\u00e9n, Santiago de Chile, 1997<br \/>\n<em>Paisajes Marginales \/ Las Listas<\/em>. Museo Nacional de Bellas Artes, Santiago de Chile, 1996<\/h5>\n<p>Diversos materiales sobre madera prensada<\/p>\n<p>ngg_shortcode_0_placeholder<\/p>\n<p>Cat\u00e1logo &gt;&nbsp;<a href=\"http:\/\/rkrause.cl\/web\/wp-content\/uploads\/2009\/03\/96_06_paisajes-marginales.pdf\" target=\"_blank\" rel=\"noopener\">Paisajes marginales \/ Las listas<\/a><br \/>\nCat\u00e1logo &gt;&nbsp;<a href=\"http:\/\/rkrause.cl\/web\/wp-content\/uploads\/2009\/03\/98_09_arteurbe.pdf\" target=\"_blank\" rel=\"noopener\">Arte urbe<\/a><br \/>\nCat\u00e1logo &gt;&nbsp;<a href=\"http:\/\/rkrause.cl\/web\/wp-content\/uploads\/2009\/03\/99_08_tres-instalaciones.pdf\" target=\"_blank\" rel=\"noopener\">Tres instalaciones y una maqueta<\/a><br \/>\nTexto &gt;&nbsp;<a href=\"http:\/\/rkrause.cl\/web\/wp-content\/uploads\/2009\/03\/jose-zalaquett_notable%20intermediario.pdf\" target=\"_blank\" rel=\"noopener\">Jos\u00e9 Zalaquett: Notable intermediario<\/a><\/p>\n","protected":false},"excerpt":{"rendered":"<p>Paisajes marginales Santiago de Chile, 1991 \u2013 1997 Material de di\u00e1logo&nbsp;(junto con Oscar Concha). Centro de Extensi\u00f3n, Universidad Cat\u00f3lica, Santiago de Chile, 2000 Escala 1\/10.&nbsp;Museo de Santiago Casa Colorada, Santiago de Chile, 2000 Tres instalaciones y una maqueta. Galer\u00eda P. An\u00edbal Pinto, Temuco, Chile, 1999 Bajo Techo. Galer\u00eda Ana Mar\u00eda Matthei, Santiago de Chile, 1999 [&hellip;]<\/p>\n","protected":false},"author":1,"featured_media":0,"parent":59,"menu_order":7,"comment_status":"closed","ping_status":"closed","template":"","meta":{"ngg_post_thumbnail":0,"footnotes":""},"class_list":["post-1654","page","type-page","status-publish","hentry"],"_links":{"self":[{"href":"https:\/\/rkrause.cl\/web\/index.php?rest_route=\/wp\/v2\/pages\/1654"}],"collection":[{"href":"https:\/\/rkrause.cl\/web\/index.php?rest_route=\/wp\/v2\/pages"}],"about":[{"href":"https:\/\/rkrause.cl\/web\/index.php?rest_route=\/wp\/v2\/types\/page"}],"author":[{"embeddable":true,"href":"https:\/\/rkrause.cl\/web\/index.php?rest_route=\/wp\/v2\/users\/1"}],"replies":[{"embeddable":true,"href":"https:\/\/rkrause.cl\/web\/index.php?rest_route=%2Fwp%2Fv2%2Fcomments&post=1654"}],"version-history":[{"count":8,"href":"https:\/\/rkrause.cl\/web\/index.php?rest_route=\/wp\/v2\/pages\/1654\/revisions"}],"predecessor-version":[{"id":3340,"href":"https:\/\/rkrause.cl\/web\/index.php?rest_route=\/wp\/v2\/pages\/1654\/revisions\/3340"}],"up":[{"embeddable":true,"href":"https:\/\/rkrause.cl\/web\/index.php?rest_route=\/wp\/v2\/pages\/59"}],"wp:attachment":[{"href":"https:\/\/rkrause.cl\/web\/index.php?rest_route=%2Fwp%2Fv2%2Fmedia&parent=1654"}],"curies":[{"name":"wp","href":"https:\/\/api.w.org\/{rel}","templated":true}]}}