{"id":1658,"date":"2018-02-26T05:45:36","date_gmt":"2018-02-26T05:45:36","guid":{"rendered":"https:\/\/rkrause.cl\/web\/?page_id=1658"},"modified":"2018-03-01T20:51:08","modified_gmt":"2018-03-01T23:51:08","slug":"2002-10-1-cm%c2%b2","status":"publish","type":"page","link":"https:\/\/rkrause.cl\/web\/?page_id=1658","title":{"rendered":"[2002-10] 1 cm\u00b2 (gr\u00e1fica)"},"content":{"rendered":"<h2>1 cm\u00b2<\/h2>\n<h6>Libro, Depto. de Artes Visuales, Facultad de Artes, Universidad de Chile, 2010<\/h6>\n<p><img loading=\"lazy\" decoding=\"async\" class=\"alignnone size-medium wp-image-3398\" src=\"https:\/\/rkrause.cl\/web\/wp-content\/uploads\/2018\/02\/Libro-1cm2-peq-300x212.jpg\" alt=\"\" width=\"300\" height=\"212\" srcset=\"https:\/\/rkrause.cl\/web\/wp-content\/uploads\/2018\/02\/Libro-1cm2-peq-300x212.jpg 300w, https:\/\/rkrause.cl\/web\/wp-content\/uploads\/2018\/02\/Libro-1cm2-peq-768x543.jpg 768w, https:\/\/rkrause.cl\/web\/wp-content\/uploads\/2018\/02\/Libro-1cm2-peq-700x495.jpg 700w, https:\/\/rkrause.cl\/web\/wp-content\/uploads\/2018\/02\/Libro-1cm2-peq.jpg 800w\" sizes=\"(max-width: 300px) 100vw, 300px\" \/><\/p>\n<p>&nbsp;<\/p>\n<p>Extracto del cap\u00edtulo \u00ab1 cm\u00b2 de Patria\u00bb<\/p>\n<p>ngg_shortcode_0_placeholder<\/p>\n<p>&nbsp;<\/p>\n<p>Extracto del cap\u00edtulo \u00ab1 cm\u00b2 de Naci\u00f3n\u00bb<\/p>\n<p>ngg_shortcode_1_placeholder<\/p>\n<p>&nbsp;<\/p>\n<p>Extracto del cap\u00edtulo \u00ab1 cm\u00b2 Heimat\u00bb<\/p>\n<p>ngg_shortcode_2_placeholder<\/p>\n<h5>Leonor Casta\u00f1eda:&nbsp;GEO &#8211; METR\u00cdA<\/h5>\n<p>Rainer Krause ha utilizado la figura de 1cm\u00b2, como unidad b\u00e1sica de la representaci\u00f3n del territorio, en obras que partieron en 1994 con un delgado terr\u00f3n de tierra de 1cm\u00b2 sobe papel. Desde esa dimensi\u00f3n territorial, la unidad de medida ha sido representada en las estrategias visuales de la \u201cfigura y el fondo\u201d y de la \u201cforma y contraforma\u201d, para revelar un contenido en el que se reflexiona sobre el limite, la identidad y el territorio.<\/p>\n<p>&gt; <a href=\"https:\/\/rkrause.cl\/web\/wp-content\/uploads\/2018\/03\/Geo-metria.pdf\" target=\"_blank\" rel=\"noopener\">Texto completo<\/a><br \/>\n&gt; <a href=\"http:\/\/arteuchile.uchile.cl\/descargas\/publicaciones\/artes_visuales\/2011\/1cm2.pdf\" target=\"_blank\" rel=\"noopener\">Selecci\u00f3n del libro<\/a><\/p>\n<hr>\n<h2><strong>1 cm\u00b2 de Patria [Animita]<\/strong><\/h2>\n<h6>Santiago de Chile, 2008<br \/>\nTres paginas dobles en la revista \u201canimita. edici\u00f3n de artes visuales\u201d, N\u00ba 11. Concepci\u00f3n, Marzo 2008<\/h6>\n<p>ngg_shortcode_3_placeholder<\/p>\n<p>Revista &gt;&nbsp;<a href=\"http:\/\/edicionanimita.blogspot.cl\/2009\/11\/animita-n-11.html\" target=\"_blank\" rel=\"noopener\">Animita N\u00ba 11<\/a><\/p>\n<hr>\n<h2>1 cm\u00b2 de Naci\u00f3n<\/h2>\n<h6>Barcelona, 2002 \u2013 2004<br \/>\nInstitut de Cultura:La Capella, Barcelona, Espa\u00f1a, 2003<\/h6>\n<p>Collage sobre cart\u00f3n.<\/p>\n<p>ngg_shortcode_4_placeholder<\/p>\n","protected":false},"excerpt":{"rendered":"<p>1 cm\u00b2 Libro, Depto. de Artes Visuales, Facultad de Artes, Universidad de Chile, 2010 &nbsp; Extracto del cap\u00edtulo \u00ab1 cm\u00b2 de Patria\u00bb \u00bb order_by=\u00bbsortorder\u00bb order_direction=\u00bbASC\u00bb returns=\u00bbincluded\u00bb maximum_entity_count=\u00bb500&#8243;] &nbsp; Extracto del cap\u00edtulo \u00ab1 cm\u00b2 de Naci\u00f3n\u00bb \u00bb order_by=\u00bbsortorder\u00bb order_direction=\u00bbASC\u00bb returns=\u00bbincluded\u00bb maximum_entity_count=\u00bb500&#8243;] &nbsp; Extracto del cap\u00edtulo \u00ab1 cm\u00b2 Heimat\u00bb \u00bb order_by=\u00bbsortorder\u00bb order_direction=\u00bbASC\u00bb returns=\u00bbincluded\u00bb maximum_entity_count=\u00bb500&#8243;] Leonor Casta\u00f1eda:&nbsp;GEO &#8211; [&hellip;]<\/p>\n","protected":false},"author":1,"featured_media":0,"parent":33,"menu_order":2,"comment_status":"closed","ping_status":"closed","template":"","meta":{"ngg_post_thumbnail":0,"footnotes":""},"class_list":["post-1658","page","type-page","status-publish","hentry"],"_links":{"self":[{"href":"https:\/\/rkrause.cl\/web\/index.php?rest_route=\/wp\/v2\/pages\/1658"}],"collection":[{"href":"https:\/\/rkrause.cl\/web\/index.php?rest_route=\/wp\/v2\/pages"}],"about":[{"href":"https:\/\/rkrause.cl\/web\/index.php?rest_route=\/wp\/v2\/types\/page"}],"author":[{"embeddable":true,"href":"https:\/\/rkrause.cl\/web\/index.php?rest_route=\/wp\/v2\/users\/1"}],"replies":[{"embeddable":true,"href":"https:\/\/rkrause.cl\/web\/index.php?rest_route=%2Fwp%2Fv2%2Fcomments&post=1658"}],"version-history":[{"count":12,"href":"https:\/\/rkrause.cl\/web\/index.php?rest_route=\/wp\/v2\/pages\/1658\/revisions"}],"predecessor-version":[{"id":4037,"href":"https:\/\/rkrause.cl\/web\/index.php?rest_route=\/wp\/v2\/pages\/1658\/revisions\/4037"}],"up":[{"embeddable":true,"href":"https:\/\/rkrause.cl\/web\/index.php?rest_route=\/wp\/v2\/pages\/33"}],"wp:attachment":[{"href":"https:\/\/rkrause.cl\/web\/index.php?rest_route=%2Fwp%2Fv2%2Fmedia&parent=1658"}],"curies":[{"name":"wp","href":"https:\/\/api.w.org\/{rel}","templated":true}]}}