{"id":1662,"date":"2018-02-26T05:46:07","date_gmt":"2018-02-26T05:46:07","guid":{"rendered":"https:\/\/rkrause.cl\/web\/?page_id=1662"},"modified":"2018-02-27T15:32:44","modified_gmt":"2018-02-27T18:32:44","slug":"1996-2004-cuadros-para-concursos","status":"publish","type":"page","link":"https:\/\/rkrause.cl\/web\/?page_id=1662","title":{"rendered":"[1996-2004] Cuadros para concursos"},"content":{"rendered":"<h2>Cuadros para concursos<\/h2>\n<h6>Santiago de Chile \/ Barcelona, 1996-2004<br \/>\n<em>III Bienal Ciudad de Temuco<\/em>. Galer\u00eda P. An\u00edbal Pinto, Temuco, Chile, 2000<br \/>\n<em>Abriendo Mundos<\/em>. Galer\u00eda Antesala, Santiago de Chile y Montserrat Gallery, Nueva York, EE.UU., 2000<br \/>\n<em>XXX Sal\u00f3n de Vi\u00f1a del Mar<\/em>. Sala Municipal, Vi\u00f1a del Mar, Chile, 1997<\/h6>\n<p>T\u00e9cnica mixta sobre tela<\/p>\n<p>ngg_shortcode_0_placeholder<\/p>\n","protected":false},"excerpt":{"rendered":"<p>Cuadros para concursos Santiago de Chile \/ Barcelona, 1996-2004 III Bienal Ciudad de Temuco. Galer\u00eda P. An\u00edbal Pinto, Temuco, Chile, 2000 Abriendo Mundos. Galer\u00eda Antesala, Santiago de Chile y Montserrat Gallery, Nueva York, EE.UU., 2000 XXX Sal\u00f3n de Vi\u00f1a del Mar. Sala Municipal, Vi\u00f1a del Mar, Chile, 1997 T\u00e9cnica mixta sobre tela \u00bb order_by=\u00bbsortorder\u00bb order_direction=\u00bbASC\u00bb [&hellip;]<\/p>\n","protected":false},"author":1,"featured_media":0,"parent":33,"menu_order":4,"comment_status":"closed","ping_status":"closed","template":"","meta":{"ngg_post_thumbnail":0,"footnotes":""},"class_list":["post-1662","page","type-page","status-publish","hentry"],"_links":{"self":[{"href":"https:\/\/rkrause.cl\/web\/index.php?rest_route=\/wp\/v2\/pages\/1662"}],"collection":[{"href":"https:\/\/rkrause.cl\/web\/index.php?rest_route=\/wp\/v2\/pages"}],"about":[{"href":"https:\/\/rkrause.cl\/web\/index.php?rest_route=\/wp\/v2\/types\/page"}],"author":[{"embeddable":true,"href":"https:\/\/rkrause.cl\/web\/index.php?rest_route=\/wp\/v2\/users\/1"}],"replies":[{"embeddable":true,"href":"https:\/\/rkrause.cl\/web\/index.php?rest_route=%2Fwp%2Fv2%2Fcomments&post=1662"}],"version-history":[{"count":6,"href":"https:\/\/rkrause.cl\/web\/index.php?rest_route=\/wp\/v2\/pages\/1662\/revisions"}],"predecessor-version":[{"id":3347,"href":"https:\/\/rkrause.cl\/web\/index.php?rest_route=\/wp\/v2\/pages\/1662\/revisions\/3347"}],"up":[{"embeddable":true,"href":"https:\/\/rkrause.cl\/web\/index.php?rest_route=\/wp\/v2\/pages\/33"}],"wp:attachment":[{"href":"https:\/\/rkrause.cl\/web\/index.php?rest_route=%2Fwp%2Fv2%2Fmedia&parent=1662"}],"curies":[{"name":"wp","href":"https:\/\/api.w.org\/{rel}","templated":true}]}}