{"id":1668,"date":"2018-02-26T05:47:02","date_gmt":"2018-02-26T05:47:02","guid":{"rendered":"https:\/\/rkrause.cl\/web\/?page_id=1668"},"modified":"2018-02-27T15:59:20","modified_gmt":"2018-02-27T18:59:20","slug":"1994-96-disculpe-las-molestias-por-causa-del-progreso-artistico","status":"publish","type":"page","link":"https:\/\/rkrause.cl\/web\/?page_id=1668","title":{"rendered":"[1994-96] Disculpe las molestias por causa del progreso art\u00edstico"},"content":{"rendered":"<h2>Disculpe las molestias por causa del progreso art\u00edstico<\/h2>\n<h6>Santiago de Chile, 1994 \u2013 1996.<br \/>\n<em>Collage en Chile: 1941-2009.&nbsp;<\/em>Sala de Arte \u2013 Museo Nacional de Bellas Artes, Mall Plaza Vespucio, Santiago de Chile; Sala de Arte \u2013 Museo Nacional de Bellas Artes, Mall Plaza Tr\u00e9bol, Concepci\u00f3n, Chile, 2009<br \/>\n<em>Disculpe las molestias por causa del progreso art\u00edstico<\/em>. Sala Universitaria, Concepci\u00f3n, Chile, 1996<br \/>\n<em>Disculpe las molestias por causa del progreso art\u00edstico<\/em>. Museo de Arte Contempor\u00e1neo, Santiago de Chile, 1994<\/h6>\n<p>T\u00e9cnica mixta sobre tela y madera<\/p>\n<p>ngg_shortcode_0_placeholder<\/p>\n<p>Cat\u00e1logo &gt;&nbsp;<a style=\"font-family: -apple-system, BlinkMacSystemFont, 'Segoe UI', Roboto, Oxygen-Sans, Ubuntu, Cantarell, 'Helvetica Neue', sans-serif;\" href=\"http:\/\/rkrause.cl\/web\/wp-content\/uploads\/2009\/03\/94_11_disculpe-las-molestias.pdf\">Disculpe las molestias por causa del progreso<\/a><\/p>\n<p>&nbsp;<\/p>\n<p>&nbsp;<\/p>\n<p>&nbsp;<\/p>\n","protected":false},"excerpt":{"rendered":"<p>Disculpe las molestias por causa del progreso art\u00edstico Santiago de Chile, 1994 \u2013 1996. Collage en Chile: 1941-2009.&nbsp;Sala de Arte \u2013 Museo Nacional de Bellas Artes, Mall Plaza Vespucio, Santiago de Chile; Sala de Arte \u2013 Museo Nacional de Bellas Artes, Mall Plaza Tr\u00e9bol, Concepci\u00f3n, Chile, 2009 Disculpe las molestias por causa del progreso art\u00edstico. [&hellip;]<\/p>\n","protected":false},"author":1,"featured_media":0,"parent":33,"menu_order":7,"comment_status":"closed","ping_status":"closed","template":"","meta":{"ngg_post_thumbnail":0,"footnotes":""},"class_list":["post-1668","page","type-page","status-publish","hentry"],"_links":{"self":[{"href":"https:\/\/rkrause.cl\/web\/index.php?rest_route=\/wp\/v2\/pages\/1668"}],"collection":[{"href":"https:\/\/rkrause.cl\/web\/index.php?rest_route=\/wp\/v2\/pages"}],"about":[{"href":"https:\/\/rkrause.cl\/web\/index.php?rest_route=\/wp\/v2\/types\/page"}],"author":[{"embeddable":true,"href":"https:\/\/rkrause.cl\/web\/index.php?rest_route=\/wp\/v2\/users\/1"}],"replies":[{"embeddable":true,"href":"https:\/\/rkrause.cl\/web\/index.php?rest_route=%2Fwp%2Fv2%2Fcomments&post=1668"}],"version-history":[{"count":5,"href":"https:\/\/rkrause.cl\/web\/index.php?rest_route=\/wp\/v2\/pages\/1668\/revisions"}],"predecessor-version":[{"id":3357,"href":"https:\/\/rkrause.cl\/web\/index.php?rest_route=\/wp\/v2\/pages\/1668\/revisions\/3357"}],"up":[{"embeddable":true,"href":"https:\/\/rkrause.cl\/web\/index.php?rest_route=\/wp\/v2\/pages\/33"}],"wp:attachment":[{"href":"https:\/\/rkrause.cl\/web\/index.php?rest_route=%2Fwp%2Fv2%2Fmedia&parent=1668"}],"curies":[{"name":"wp","href":"https:\/\/api.w.org\/{rel}","templated":true}]}}