{"id":1671,"date":"2018-02-26T05:47:24","date_gmt":"2018-02-26T05:47:24","guid":{"rendered":"https:\/\/rkrause.cl\/web\/?page_id=1671"},"modified":"2018-03-07T15:30:44","modified_gmt":"2018-03-07T18:30:44","slug":"1992-94-serie-cuatro","status":"publish","type":"page","link":"https:\/\/rkrause.cl\/web\/?page_id=1671","title":{"rendered":"[1992-94] Serie Cuatro"},"content":{"rendered":"<h2>Serie Cuatro<\/h2>\n<h6>Santiago de Chile, 1992 \u2013 1994<br \/>\n<em>Paisajes caseros<\/em>. Casa de la Cultura, Recoleta, Santiago de Chile, 1998<br \/>\n<em>Paisajes caseros<\/em>. Sala de Sesiones, Municipalidad de Pe\u00f1alol\u00e9n, Santiago de Chile, 1997<br \/>\n<em>Serie Cuatro<\/em>. Sala Librer\u00eda Cono Sur, Santiago de Chile, 1995<br \/>\n<em>Andinamericana \u2013 1er Trienal de Arte<\/em>. Centro de Extensi\u00f3n, Universidad Cat\u00f3lica, Santiago de Chile, 1993<br \/>\n<em>2do Concurso Bienal de Pintura \u2013 Premio Gunther<\/em>. Museo Nacional de Bellas Artes, Santiago de Chile, 1993<\/h6>\n<p>\u00d3leo, acr\u00edlico, l\u00e1tex y lata sobre tela, 73 x 73 cm.<\/p>\n<p>ngg_shortcode_0_placeholder<\/p>\n","protected":false},"excerpt":{"rendered":"<p>Serie Cuatro Santiago de Chile, 1992 \u2013 1994 Paisajes caseros. Casa de la Cultura, Recoleta, Santiago de Chile, 1998 Paisajes caseros. Sala de Sesiones, Municipalidad de Pe\u00f1alol\u00e9n, Santiago de Chile, 1997 Serie Cuatro. Sala Librer\u00eda Cono Sur, Santiago de Chile, 1995 Andinamericana \u2013 1er Trienal de Arte. Centro de Extensi\u00f3n, Universidad Cat\u00f3lica, Santiago de Chile, [&hellip;]<\/p>\n","protected":false},"author":1,"featured_media":0,"parent":33,"menu_order":8,"comment_status":"closed","ping_status":"closed","template":"","meta":{"ngg_post_thumbnail":0,"footnotes":""},"class_list":["post-1671","page","type-page","status-publish","hentry"],"_links":{"self":[{"href":"https:\/\/rkrause.cl\/web\/index.php?rest_route=\/wp\/v2\/pages\/1671"}],"collection":[{"href":"https:\/\/rkrause.cl\/web\/index.php?rest_route=\/wp\/v2\/pages"}],"about":[{"href":"https:\/\/rkrause.cl\/web\/index.php?rest_route=\/wp\/v2\/types\/page"}],"author":[{"embeddable":true,"href":"https:\/\/rkrause.cl\/web\/index.php?rest_route=\/wp\/v2\/users\/1"}],"replies":[{"embeddable":true,"href":"https:\/\/rkrause.cl\/web\/index.php?rest_route=%2Fwp%2Fv2%2Fcomments&post=1671"}],"version-history":[{"count":6,"href":"https:\/\/rkrause.cl\/web\/index.php?rest_route=\/wp\/v2\/pages\/1671\/revisions"}],"predecessor-version":[{"id":4742,"href":"https:\/\/rkrause.cl\/web\/index.php?rest_route=\/wp\/v2\/pages\/1671\/revisions\/4742"}],"up":[{"embeddable":true,"href":"https:\/\/rkrause.cl\/web\/index.php?rest_route=\/wp\/v2\/pages\/33"}],"wp:attachment":[{"href":"https:\/\/rkrause.cl\/web\/index.php?rest_route=%2Fwp%2Fv2%2Fmedia&parent=1671"}],"curies":[{"name":"wp","href":"https:\/\/api.w.org\/{rel}","templated":true}]}}