{"id":1687,"date":"2018-02-26T06:05:23","date_gmt":"2018-02-26T06:05:23","guid":{"rendered":"https:\/\/rkrause.cl\/web\/?page_id=1687"},"modified":"2018-03-02T12:25:43","modified_gmt":"2018-03-02T15:25:43","slug":"2015-n-de-radioruido-2","status":"publish","type":"page","link":"https:\/\/rkrause.cl\/web\/?page_id=1687","title":{"rendered":"[2015-&#8230;] n (de RadioRuido.2)"},"content":{"rendered":"<h2><strong>n<\/strong><\/h2>\n<h6>Un proyecto colaborativo de RadioRuido.2<br \/>\n(M\u00f3nica Bate, Felipe Fierro, Nicol\u00e1s Fuentes, Claudio Mu\u00f1oz, Rainer Krause, Sebastian Valenzuela)<\/h6>\n<h6><em>n \/ La isla<\/em>. Sala Punt\u00e1ngeles, Valpara\u00edso, Chile, 2017<br \/>\nFestival&nbsp;<em>monteaudio16 \u2013 medici\u00f3n.<\/em>&nbsp;Casa Mario, Montevideo, Uruguay, 2016<br \/>\n<em>n.<\/em>&nbsp;Pinacoteca de la Universidad de Concepci\u00f3n, Chile, 2016<br \/>\n<em>n.<\/em>&nbsp;Museo de Arte Contempor\u00e1neo, Santiago de Chile, 2015<\/h6>\n<h6>&gt; <a href=\"http:\/\/nproyectoedicion.wixsite.com\/proyecto\" target=\"_blank\" rel=\"noopener\">http:\/\/nproyectoedicion.wixsite.com\/proyecto<\/a><\/h6>\n<p>ngg_shortcode_0_placeholder<\/p>\n<p>Instalaci\u00f3n sonora<br \/>\n5 canales de audio, banda sonora 8 horas<br \/>\niluminaci\u00f3n<\/p>\n<p>ngg_shortcode_1_placeholder<\/p>\n<p>&nbsp;<\/p>\n<p>n se caracteriza por la colaboraci\u00f3n y colectividad, aunando diversas voces&nbsp;de un pa\u00eds en una instalaci\u00f3n. Para ello, se realizan grabaciones de 100&nbsp;personas de diferentes partes de Chile que luego son integradas a trav\u00e9s de&nbsp;varias instancias de intervenci\u00f3n: la primera de ellas, es el espacio art\u00edstico&nbsp;convencional; luego el \u00e1rea de las artes mediales y, espec\u00edficamente, el arte&nbsp;sonoro.<\/p>\n<h4>&lt; La voz humana como fen\u00f3meno de umbral &gt;<\/h4>\n<p>n pregunta por la relaci\u00f3n entre voz humana an\u00e1loga-singular y los medios&nbsp;digitales estandarizados globalmente. En n llenamos una sala completa&nbsp;con la presencia de cien individuos a trav\u00e9s de sus voces por un tiempo&nbsp;determinado.&nbsp;La voz humana identifica el individuo en forma similar como la imagen de&nbsp;su rostro; tesitura, entonaci\u00f3n, din\u00e1mica, calidad y acento se configuran&nbsp;diferente en cada singularidad.&nbsp;En la voz se superponen aspectos aparentemente contradictorios en un&nbsp;mismo momento; la voz es una figura paradigm\u00e1tica del traspaso, se&nbsp;transforma en un medio de comunicaci\u00f3n entre los humanos, transmitiendo&nbsp;signos convencionales (lenguaje consensuado), como estados de \u00e1nimo y&nbsp;afectos. La voz humana indica la condici\u00f3n del cuerpo que la emite (edad,&nbsp;sexo) y su pertenencia a un grupo social. Como medio verbal, es discursivo e&nbsp;ic\u00f3nico: habla y muestra. La voz hablada adem\u00e1s requiere un oyente, ya que&nbsp;esta emisi\u00f3n de habla debe ser escuchada.<\/p>\n<h4>&lt; N\u00famero e individuo singular &gt;<\/h4>\n<p>Aunque las voces de 100 personas son en primera instancia una magnitud,&nbsp;en donde la cantidad de voces es definida por su car\u00e1cter de n\u00famero, el&nbsp;conjunto de las voces no se transforma en masa. Cada voz mantiene su&nbsp;individualidad, tanto respecto de las dem\u00e1s voces como en relaci\u00f3n a&nbsp;la totalidad de la obra art\u00edstica: no hay posproducci\u00f3n que manipule u&nbsp;homogenice la sonoridad de las voces m\u00e1s all\u00e1 de una leve normalizaci\u00f3n&nbsp;del volumen. Las 100 voces forman m\u00e1s bien una multitud de voces.<\/p>\n<h4>&lt; Nueva audiencia &gt;<\/h4>\n<p>La generaci\u00f3n y participaci\u00f3n de las audiencias, ha sido una t\u00f3nica latente&nbsp;desde las vanguardias, donde la incorporaci\u00f3n de los espectadores \/ oyentes&nbsp;pod\u00edan ser parte de la obra, o modificarla de forma sustancial en el espacio&nbsp;expositivo. Dentro de ello, encontramos propuestas donde es posible que se&nbsp;pierda totalmente la autor\u00eda. Sin duda, el punto m\u00e1s importante en relaci\u00f3n&nbsp;a la generaci\u00f3n de audiencias es el impacto que tiene la participaci\u00f3n&nbsp;de un p\u00fablico no asiduo. Esto, inmediatamente genera una apertura deespectadores, donde est\u00e1n observando la obra, pero a la vez, se observan&nbsp;a s\u00ed mismos. A ra\u00edz de ello, podemos asegurar que los espectadores tienen&nbsp;una afinidad distinta con la obra y el espacio expositivo, ya que han sido&nbsp;part\u00edcipes del proceso. Incluso, aquellos que no participaron directamente&nbsp;en el conteo o colaboraci\u00f3n de la obra, se relacionan con \u00e9sta. El sujeto&nbsp;participante, no s\u00f3lo representa una individualidad, sino que representa la<br \/>\nposibilidad de que un otro pudiese haber realizado dicho conteo.<\/p>\n<h4>&lt; Formato de escucha &gt;<\/h4>\n<p>La presentaci\u00f3n del proyecto n se realiza como instalaci\u00f3n sonora&nbsp;de 5 canales de audio. No obstante, algunas de las caracter\u00edsticas no&nbsp;corresponden a la habitual relaci\u00f3n entre sonido instalado y recepci\u00f3n&nbsp;por parte del p\u00fablico. En una instalaci\u00f3n habitualmente no tiene sentido&nbsp;hablar de un principio, un desarrollo o un fin. El material sonoro de n no es&nbsp;musical, no obstante, su estructura parece en algunos aspectos una pieza&nbsp;musical: aunque es poco probable que el oyente escuche toda la extensi\u00f3n&nbsp;de la \u201ccomposici\u00f3n\u201d, la instalaci\u00f3n le permite la escucha de la construcci\u00f3n&nbsp;misma del acontecimiento sonoro (o sea, el concepto n), a trav\u00e9s de recordar&nbsp;lo ya escuchado y as\u00ed la proyecci\u00f3n de lo que va a o\u00edr en el futuro.<\/p>\n<h4>&lt; n.Procesos &gt;<\/h4>\n<p>1.\/ Los miembros del equipo &lt;RadioRuido.2&gt; registraron la voz de 100&nbsp;personas en audio digital, mientras cuentan num\u00e9ricamente desde el 1 al&nbsp;160. Gran parte de los hablantes fueron registrados fotogr\u00e1ficamente con&nbsp;un cartel de &lt;n.localidad&gt;.<\/p>\n<p>2.\/ Posteriormente se editaron los archivos de audio recibidos en&nbsp;160 pistas: pista n\u00ba 1 contiene todos los n\u00fameros 1, de las 100 personas&nbsp;grabadas, uno tras otro con peque\u00f1as pausas irregulares entre ellos; pista&nbsp;n\u00ba 2 contiene todos los n\u00fameros 2 de los 100 personas grabadas\u2026. pista n\u00ba&nbsp;160 contiene todos los n\u00fameros 160 de los 100 personas grabadas. Cada&nbsp;pista de audio dura 3 minutos.<\/p>\n<p><img loading=\"lazy\" decoding=\"async\" class=\"wp-image-4155 size-large aligncenter\" src=\"https:\/\/rkrause.cl\/web\/wp-content\/uploads\/2018\/03\/n-160_1-700x542.jpg\" alt=\"\" width=\"700\" height=\"542\" srcset=\"https:\/\/rkrause.cl\/web\/wp-content\/uploads\/2018\/03\/n-160_1-700x542.jpg 700w, https:\/\/rkrause.cl\/web\/wp-content\/uploads\/2018\/03\/n-160_1-300x232.jpg 300w, https:\/\/rkrause.cl\/web\/wp-content\/uploads\/2018\/03\/n-160_1-768x595.jpg 768w, https:\/\/rkrause.cl\/web\/wp-content\/uploads\/2018\/03\/n-160_1.jpg 1200w\" sizes=\"(max-width: 700px) 100vw, 700px\" \/><\/p>\n<p>3.\/ Estas pistas son el material auditivo de la instalaci\u00f3n exhibida.&nbsp;Como cada una de las 160 pistas dura 3 minutos, el conjunto de las pistas&nbsp;proporciona una duraci\u00f3n m\u00e1xima de 8 horas de audio, correspondiente a&nbsp;la duraci\u00f3n diaria de exhibici\u00f3n.<\/p>\n<p>4.\/ Cada una de las 160 pistas fueron especializadas en 5 canales,&nbsp;trayendo las voces de 100 personas de cuatro puntos geogr\u00e1ficos al mismo&nbsp;espacio.<\/p>\n<p><iframe loading=\"lazy\" src=\"https:\/\/w.soundcloud.com\/player\/?url=https%3A\/\/api.soundcloud.com\/playlists\/225704122&amp;color=878381&amp;auto_play=false&amp;hide_related=false&amp;show_comments=true&amp;show_user=true&amp;show_reposts=false\" width=\"100%\" height=\"450\" frameborder=\"no\" scrolling=\"no\" data-mce-fragment=\"1\"><\/iframe>&nbsp;<\/p>\n<p style=\"text-align: center;\"><em><strong><span style=\"color: #993300;\">\u00a1Escuchar con aud\u00edfonos!<\/span><\/strong><\/em><\/p>\n","protected":false},"excerpt":{"rendered":"<p>n Un proyecto colaborativo de RadioRuido.2 (M\u00f3nica Bate, Felipe Fierro, Nicol\u00e1s Fuentes, Claudio Mu\u00f1oz, Rainer Krause, Sebastian Valenzuela) n \/ La isla. Sala Punt\u00e1ngeles, Valpara\u00edso, Chile, 2017 Festival&nbsp;monteaudio16 \u2013 medici\u00f3n.&nbsp;Casa Mario, Montevideo, Uruguay, 2016 n.&nbsp;Pinacoteca de la Universidad de Concepci\u00f3n, Chile, 2016 n.&nbsp;Museo de Arte Contempor\u00e1neo, Santiago de Chile, 2015 &gt; http:\/\/nproyectoedicion.wixsite.com\/proyecto \u00bb order_by=\u00bbsortorder\u00bb order_direction=\u00bbASC\u00bb [&hellip;]<\/p>\n","protected":false},"author":1,"featured_media":0,"parent":1683,"menu_order":2,"comment_status":"closed","ping_status":"closed","template":"","meta":{"ngg_post_thumbnail":0,"footnotes":""},"class_list":["post-1687","page","type-page","status-publish","hentry"],"_links":{"self":[{"href":"https:\/\/rkrause.cl\/web\/index.php?rest_route=\/wp\/v2\/pages\/1687"}],"collection":[{"href":"https:\/\/rkrause.cl\/web\/index.php?rest_route=\/wp\/v2\/pages"}],"about":[{"href":"https:\/\/rkrause.cl\/web\/index.php?rest_route=\/wp\/v2\/types\/page"}],"author":[{"embeddable":true,"href":"https:\/\/rkrause.cl\/web\/index.php?rest_route=\/wp\/v2\/users\/1"}],"replies":[{"embeddable":true,"href":"https:\/\/rkrause.cl\/web\/index.php?rest_route=%2Fwp%2Fv2%2Fcomments&post=1687"}],"version-history":[{"count":27,"href":"https:\/\/rkrause.cl\/web\/index.php?rest_route=\/wp\/v2\/pages\/1687\/revisions"}],"predecessor-version":[{"id":4159,"href":"https:\/\/rkrause.cl\/web\/index.php?rest_route=\/wp\/v2\/pages\/1687\/revisions\/4159"}],"up":[{"embeddable":true,"href":"https:\/\/rkrause.cl\/web\/index.php?rest_route=\/wp\/v2\/pages\/1683"}],"wp:attachment":[{"href":"https:\/\/rkrause.cl\/web\/index.php?rest_route=%2Fwp%2Fv2%2Fmedia&parent=1687"}],"curies":[{"name":"wp","href":"https:\/\/api.w.org\/{rel}","templated":true}]}}