{"id":1781,"date":"2018-02-26T07:49:52","date_gmt":"2018-02-26T07:49:52","guid":{"rendered":"https:\/\/rkrause.cl\/web\/?page_id=1781"},"modified":"2018-03-11T10:09:10","modified_gmt":"2018-03-11T13:09:10","slug":"2011-12-kleiner-lauschangriff","status":"publish","type":"page","link":"https:\/\/rkrause.cl\/web\/?page_id=1781","title":{"rendered":"[2011-12] Kleiner Lauschangriff"},"content":{"rendered":"<h2>Kleiner Lauschangriff [Peque\u00f1o Ataque de Escucha]<\/h2>\n<h6><em>Operaci\u00f3n Verdad o la Verdad de la Operaci\u00f3n<\/em>. Museo de la Solidaridad Salvador Allende, Santiago de Chile, 2011<br \/>\n<em>1 Terabyte<\/em>. Sala Juan Egenau, Universidad de Chile, 2012<\/h6>\n<p>Intervenci\u00f3n en la Sala CNI, Museo Salvador Allende<br \/>\n1 silla colgada en ella<br \/>\n1 chaleco blanco bordado<\/p>\n<p>Acci\u00f3n permanente de 1 a\u00f1o en espacios p\u00fablicos<br \/>\n1 chaleco negra bordado<br \/>\n7 camisetas blancas estampadas<br \/>\nGrabaci\u00f3n audio<\/p>\n<p style=\"text-align: left;\">El bordado de ambos chalecos y el estampado de las poleras contiene el texto:<\/p>\n<p style=\"text-align: center;\"><span style=\"color: #800000;\"><strong>Conciudadanos, conciudadanas:<br \/>\npara su mejor atenci\u00f3n,<br \/>\ntoda conversaci\u00f3n conmigo<br \/>\npuede ser grabada.<\/strong><\/span><\/p>\n<h5>&nbsp;<\/h5>\n<p>Durante un a\u00f1o uso permanentemente el chaleco negro, en todos los espacios no privados, llevando conmigo una grabadora de audio y micr\u00f3fonos, con la posibilidad de grabar en cualquier momento, cualquier conversaci\u00f3n. Las conversaciones grabadas ser\u00e1n almacenadas en un disco duro externo, depositado en una caja fuerte inaccesible. La existencia de estos archivos ser\u00e1 publicada en mi p\u00e1gina web, sin indicar las personas de cuales he grabado las conversaciones o los posibles temas de conversaciones.<br \/>\nEl t\u00e9rmino \u201cLauschangriff\u201d surgi\u00f3 en Alemania Federal de los 70 del siglo pasado como descripci\u00f3n de la pr\u00e1ctica de vigilancia a supuestos terroristas por la polic\u00eda de investigaci\u00f3n y de las fiscal\u00edas. En la actualidad, seg\u00fan las leyes alemanas, se diferencia entre el \u201cGrosser Lauschangriff\u201d, que permite la vigilancia secreta con medios auditivos de los espacios privados y que tambi\u00e9n se nombra como \u201cVigilancia ac\u00fastica de espacios habitacionales\u201d, y el \u201cKleiner Lauschangriff\u201d, que permite solamente la escucha y grabaci\u00f3n de conversaciones en el espacio p\u00fablico y otros espacios accesibles por el p\u00fablico general, como oficinas o empresas.&nbsp;<\/p>\n<p>ngg_shortcode_0_placeholder<\/p>\n<p>Exposici\u00f3n <a href=\"https:\/\/rkrause.cl\/web\/?page_id=1449\" target=\"_blank\" rel=\"noopener\"><strong>&gt; 1 TB1&nbsp;[Kleiner Lauschangriff],&nbsp;2012<\/strong><\/a><\/p>\n","protected":false},"excerpt":{"rendered":"<p>Kleiner Lauschangriff [Peque\u00f1o Ataque de Escucha] Operaci\u00f3n Verdad o la Verdad de la Operaci\u00f3n. Museo de la Solidaridad Salvador Allende, Santiago de Chile, 2011 1 Terabyte. Sala Juan Egenau, Universidad de Chile, 2012 Intervenci\u00f3n en la Sala CNI, Museo Salvador Allende 1 silla colgada en ella 1 chaleco blanco bordado Acci\u00f3n permanente de 1 a\u00f1o [&hellip;]<\/p>\n","protected":false},"author":1,"featured_media":0,"parent":61,"menu_order":1,"comment_status":"closed","ping_status":"closed","template":"","meta":{"ngg_post_thumbnail":0,"footnotes":""},"class_list":["post-1781","page","type-page","status-publish","hentry"],"_links":{"self":[{"href":"https:\/\/rkrause.cl\/web\/index.php?rest_route=\/wp\/v2\/pages\/1781"}],"collection":[{"href":"https:\/\/rkrause.cl\/web\/index.php?rest_route=\/wp\/v2\/pages"}],"about":[{"href":"https:\/\/rkrause.cl\/web\/index.php?rest_route=\/wp\/v2\/types\/page"}],"author":[{"embeddable":true,"href":"https:\/\/rkrause.cl\/web\/index.php?rest_route=\/wp\/v2\/users\/1"}],"replies":[{"embeddable":true,"href":"https:\/\/rkrause.cl\/web\/index.php?rest_route=%2Fwp%2Fv2%2Fcomments&post=1781"}],"version-history":[{"count":34,"href":"https:\/\/rkrause.cl\/web\/index.php?rest_route=\/wp\/v2\/pages\/1781\/revisions"}],"predecessor-version":[{"id":6641,"href":"https:\/\/rkrause.cl\/web\/index.php?rest_route=\/wp\/v2\/pages\/1781\/revisions\/6641"}],"up":[{"embeddable":true,"href":"https:\/\/rkrause.cl\/web\/index.php?rest_route=\/wp\/v2\/pages\/61"}],"wp:attachment":[{"href":"https:\/\/rkrause.cl\/web\/index.php?rest_route=%2Fwp%2Fv2%2Fmedia&parent=1781"}],"curies":[{"name":"wp","href":"https:\/\/api.w.org\/{rel}","templated":true}]}}