{"id":234,"date":"2009-03-07T11:10:14","date_gmt":"2009-03-07T11:10:14","guid":{"rendered":"http:\/\/rkrause.cl\/web\/?page_id=234"},"modified":"2018-02-28T20:27:14","modified_gmt":"2018-02-28T23:27:14","slug":"2005-paisaje-marginal-con-sinfonica","status":"publish","type":"page","link":"https:\/\/rkrause.cl\/web\/?page_id=234","title":{"rendered":"[2005] Paisaje Marginal con Sinf\u00f3nica"},"content":{"rendered":"<h2>Paisaje Marginal con Sinf\u00f3nica<\/h2>\n<h6><em>Radio Ruido<\/em>. Teatro Universidad de Chile, Santiago de Chile, 2005<br \/>\n<em>7\u00aa Bienal de Video y Nuevos Medios<\/em>. Museo de Arte Contempor\u00e1neo, Santiago de Chile, 2005<\/h6>\n<p>Instalaci\u00f3n sonora<br \/>\nDiversos materiales, banda sonora de 4 canales, luz.<\/p>\n<p>ngg_shortcode_0_placeholder<\/p>\n<p>Track &gt;&nbsp;<a href=\"http:\/\/rkrause.cl\/web\/wp-content\/uploads\/2009\/03\/paisaje-marginal-c-sinfonica.mp3\" target=\"_blank\" rel=\"noopener\">Paisaje marginal con Sinf\u00f3nica<\/a><\/p>\n<p>_______________________________________________<\/p>\n<p>Esta instalaci\u00f3n realic\u00e9 dos veces, una vez en el foyer del Teatro Baquedano, la otra vez en el MAC de la Quinta Normal en el marco de la Bienal de Nuevos Medios.<\/p>\n<p>Se caracteriza por el uso de materiales \u201cpobres\u201d y un montaje precario, en lo visual igual como en lo sonoro, que provocan un fuerte contraste con el lugar arquitect\u00f3nica, el limpio hall central del MAC de Quinta Normal, y al mismo tiempo sit\u00faa la obra en la cercan\u00eda del arte \u201cpovera\u201d, t\u00e9rmino que surgi\u00f3 a fines de los a\u00f1os 60 en Italia.<\/p>\n<p>\u201cDesde un punto de vista sint\u00e1ctico, la infraestructura cosal, los materiales, son protagonistas principales de las obras. (\u2026) El arte \u00abpovera\u00bb (\u2026) no se ha planteado tanto la configuraci\u00f3n art\u00edstica del objeto como un fin en s\u00ed mismo, como hacer visible en la realidad predada y trivial del material la transformaci\u00f3n de su apariencia. (\u2026) Estas obras, compuestas de los m\u00e1s diversos materiales y sustancias, se articulan significativamente a nivel de las propiedades f\u00edsicas y pl\u00e1sticas de los materiales en transformaci\u00f3n y de las relaciones de \u00abensamblado\u00bb, yuxtaposiciones, etc.\u201d<sup>1<\/sup><\/p>\n<p>A trav\u00e9s de los cuatro parlantes insertados en medio de los materiales precarios, se puede escuchar sonidos que tambi\u00e9n se puede describir como pobre. La calidad sonora es baja, producto de una tecnolog\u00eda \u201carcaica\u201d de grabaci\u00f3n y reproducci\u00f3n: mezclador y micr\u00f3fonos ambientales de bajo costo, caseteras pl\u00e1sticas con su velocidad de reproducci\u00f3n inestable, amplificadores manipulados y parlantes de calidad de accesorio de computador personal, extra\u00eddos de sus cajas de resonancia. El rango de frecuencias sonoras es m\u00e1s limitado en comparaci\u00f3n con la tecnolog\u00eda digital.<\/p>\n<p>Los sonidos mismos consisten en el registro de ruidos caseros y callejeros de barrios pobres de Pe\u00f1alol\u00e8n, montados en forma abrupta, yuxtapuestos uno al otro. Los diferentes canales de audio emiten los ruidos superpuestos, el bajo volumen requiere el acercamiento del o\u00eddo a cada uno de los parlantes, lo que significa una selecci\u00f3n moment\u00e1nea de los sonidos seg\u00fan la posici\u00f3n del oyente.<\/p>\n<p>Todos estos ruidos evocan un ambiente dom\u00e9stico-poblacional sencillo, si no precario, que tiene su correspondencia en los materiales visuales. Pero mientras los elementos visuales por si s\u00f3lo mantienen la posibilidad de ser le\u00eddos a favor del aspecto literal de la existencia f\u00edsica de cada material, la banda sonora connota estos materiales con un aspecto social-pol\u00edtico. Lo \u201cpobre\u201d deja de ser \u201cpovera\u201d y se transforma en representaci\u00f3n de pobreza. As\u00ed la tensi\u00f3n est\u00e9tica entre obra y espacio de exposici\u00f3n ahora es legible como tensi\u00f3n conceptual entre material marginal y lugar institucional de su presentaci\u00f3n: un Museo de arte contempor\u00e1neo.<\/p>\n<p>&#8212;&#8212;&#8211;<br \/>\n<sup>1<\/sup> MARCH\u00c1N FIZ, Sim\u00f3n.<\/p>\n","protected":false},"excerpt":{"rendered":"<p>Paisaje Marginal con Sinf\u00f3nica Radio Ruido. Teatro Universidad de Chile, Santiago de Chile, 2005 7\u00aa Bienal de Video y Nuevos Medios. Museo de Arte Contempor\u00e1neo, Santiago de Chile, 2005 Instalaci\u00f3n sonora Diversos materiales, banda sonora de 4 canales, luz. \u00bb order_by=\u00bbsortorder\u00bb order_direction=\u00bbASC\u00bb returns=\u00bbincluded\u00bb maximum_entity_count=\u00bb500&#8243;] Track &gt;&nbsp;Paisaje marginal con Sinf\u00f3nica _______________________________________________ Esta instalaci\u00f3n realic\u00e9 dos veces, [&hellip;]<\/p>\n","protected":false},"author":2,"featured_media":0,"parent":65,"menu_order":13,"comment_status":"closed","ping_status":"closed","template":"","meta":{"ngg_post_thumbnail":0,"footnotes":""},"class_list":["post-234","page","type-page","status-publish","hentry"],"_links":{"self":[{"href":"https:\/\/rkrause.cl\/web\/index.php?rest_route=\/wp\/v2\/pages\/234"}],"collection":[{"href":"https:\/\/rkrause.cl\/web\/index.php?rest_route=\/wp\/v2\/pages"}],"about":[{"href":"https:\/\/rkrause.cl\/web\/index.php?rest_route=\/wp\/v2\/types\/page"}],"author":[{"embeddable":true,"href":"https:\/\/rkrause.cl\/web\/index.php?rest_route=\/wp\/v2\/users\/2"}],"replies":[{"embeddable":true,"href":"https:\/\/rkrause.cl\/web\/index.php?rest_route=%2Fwp%2Fv2%2Fcomments&post=234"}],"version-history":[{"count":15,"href":"https:\/\/rkrause.cl\/web\/index.php?rest_route=\/wp\/v2\/pages\/234\/revisions"}],"predecessor-version":[{"id":3943,"href":"https:\/\/rkrause.cl\/web\/index.php?rest_route=\/wp\/v2\/pages\/234\/revisions\/3943"}],"up":[{"embeddable":true,"href":"https:\/\/rkrause.cl\/web\/index.php?rest_route=\/wp\/v2\/pages\/65"}],"wp:attachment":[{"href":"https:\/\/rkrause.cl\/web\/index.php?rest_route=%2Fwp%2Fv2%2Fmedia&parent=234"}],"curies":[{"name":"wp","href":"https:\/\/api.w.org\/{rel}","templated":true}]}}