{"id":256,"date":"2009-03-07T12:48:27","date_gmt":"2009-03-07T16:48:27","guid":{"rendered":"http:\/\/rkrause.cl\/web\/?page_id=256"},"modified":"2026-03-28T14:07:08","modified_gmt":"2026-03-28T17:07:08","slug":"2006-radio-ruido-en-radio-uniacc","status":"publish","type":"page","link":"https:\/\/rkrause.cl\/web\/?page_id=256","title":{"rendered":"[2006] Radio Ruido: Programa Radial Colectivo"},"content":{"rendered":"<h2>Radio Ruido programa radial colectivo<\/h2>\n<h6>Serie de 10 programas de arte sonoro online, 2006<br \/>\nwww.uniacc.cl<\/h6>\n<p><img loading=\"lazy\" decoding=\"async\" class=\"alignnone size-full wp-image-4285\" src=\"https:\/\/rkrause.cl\/web\/wp-content\/uploads\/2018\/03\/flyer-RadioRuido.jpg\" alt=\"\" width=\"856\" height=\"651\" srcset=\"https:\/\/rkrause.cl\/web\/wp-content\/uploads\/2018\/03\/flyer-RadioRuido.jpg 856w, https:\/\/rkrause.cl\/web\/wp-content\/uploads\/2018\/03\/flyer-RadioRuido-300x228.jpg 300w, https:\/\/rkrause.cl\/web\/wp-content\/uploads\/2018\/03\/flyer-RadioRuido-768x584.jpg 768w, https:\/\/rkrause.cl\/web\/wp-content\/uploads\/2018\/03\/flyer-RadioRuido-700x532.jpg 700w\" sizes=\"(max-width: 856px) 100vw, 856px\" \/><\/p>\n<p>Tracks<\/p>\n<p><a href=\"http:\/\/rkrause.cl\/web\/wp-content\/uploads\/2009\/03\/alejandro-quiroga_-uniacc-extracto.mp3\">&gt; Alejandro Quiroga &#8211; Intro UNIACC &#8211; extracto<\/a><a href=\"http:\/\/rkrause.cl\/web\/wp-content\/uploads\/2009\/03\/ariel-bustamante_track-1.mp3\"><br \/>\n&gt; Ariel Bustamante &#8211; Track1<\/a><br \/>\n<a href=\"http:\/\/rkrause.cl\/web\/wp-content\/uploads\/2009\/03\/christian-oyarzun_performance-noviembre-2005-extracto.mp3\">&gt; Christian Oyarz\u00fan &#8211; Performance Noviembre 2005 &#8211; extracto<\/a><br \/>\n<a href=\"http:\/\/rkrause.cl\/web\/wp-content\/uploads\/2009\/03\/claudio-munoz_performance-noviembre-2006-extracto.mp3\">&gt; Claudio Mu\u00f1oz &#8211; Performance Noviembre 2006 &#8211; extracto<\/a><br \/>\n<a href=\"http:\/\/rkrause.cl\/web\/wp-content\/uploads\/2009\/03\/cristinan-sotomayor_programa-uniacc-extracto.mp3\">&gt; Cristi\u00e1n Sotomayor &#8211; Programa UNIACC &#8211; extracto<\/a><br \/>\n<a href=\"http:\/\/rkrause.cl\/web\/wp-content\/uploads\/2009\/03\/cuchufleta-punk_charcarrachaca.mp3\">&gt; Cuchufleta Punk &#8211; Charcarrachaca<\/a><br \/>\n<a href=\"http:\/\/rkrause.cl\/web\/wp-content\/uploads\/2009\/03\/daniel-cruz_programa-uniacc-extracto.mp3\">&gt; Daniel Cruz &#8211; Programa UNIACC &#8211; extracto<\/a><br \/>\n<a href=\"http:\/\/rkrause.cl\/web\/wp-content\/uploads\/2009\/03\/despoina-tsafou_alex-posada_-lavadora-1.mp3\">&gt; Despoina Tsafou &#8211; Alex Posada &#8211; Lavadora1<\/a><br \/>\n<a href=\"http:\/\/rkrause.cl\/web\/wp-content\/uploads\/2009\/03\/djconduction-sweet-bad-let-it-be.mp3\">&gt; DJcondunction &#8211; Sweet bad let it bee<\/a><br \/>\n<a href=\"http:\/\/rkrause.cl\/web\/wp-content\/uploads\/2009\/03\/enrique-zamudio_entrevista-extracto.mp3\">&gt; Enrique Zamudio &#8211; Entrevista &#8211; extracto<\/a><br \/>\n<a href=\"http:\/\/rkrause.cl\/web\/wp-content\/uploads\/2009\/03\/la-pilumpinchera_typicalchileanjungle.mp3\">&gt; La pilumpinchera &#8211; Typicalchileanjungle<\/a><br \/>\n<a href=\"http:\/\/rkrause.cl\/web\/wp-content\/uploads\/2009\/03\/monica-bate_programa-uniacc-extracto.mp3\">&gt; M\u00f3nica Bate &#8211; Programa UNIACC &#8211; extracto<\/a><br \/>\n<a href=\"http:\/\/rkrause.cl\/web\/wp-content\/uploads\/2009\/03\/paula-arrieta_-nadie-se-acuerda-de-los-aviones-documental-stereo.mp3\">&gt; Paula Arrieta &#8211; Nadie se acuerda de los aviones &#8211; documental stereo<\/a><br \/>\n<a href=\"http:\/\/rkrause.cl\/web\/wp-content\/uploads\/2009\/03\/radio-ruido_-garabatos.mp3\">&gt; Radio Ruido &#8211; Garabatos<\/a><br \/>\n<a href=\"http:\/\/rkrause.cl\/web\/wp-content\/uploads\/2009\/03\/rainer-krause-interpreta-gerhard-ruehm_a.mp3\">&gt; Rainer Krause interpreta a Gerhard R\u00fchm<\/a><\/p>\n<hr>\n<h2 class=\"MsoNormal\">Primer Manifiesto<\/h2>\n<p class=\"MsoNormal\"><span lang=\"ES\"><span style=\"font-weight: normal;\">RadioRuido<\/span><\/span><span lang=\"ES\"><span style=\"font-weight: normal;\">. <\/span><\/span><\/p>\n<p class=\"MsoNormal\"><span lang=\"EN-GB\"><span style=\"font-weight: normal;\">1-RR. es un work in progressssss\u2026\u2026.<\/span><\/span><\/p>\n<p class=\"MsoNormal\"><span lang=\"ES\"><span style=\"font-weight: normal;\">2&#8211;RR. son experencias ac\u00fasticas\\\\fon\u00e9ticas\\\\electroac\u00fasticas\\\\visuales.<\/span><\/span><\/p>\n<p class=\"MsoNormal\"><span lang=\"ES\"><span style=\"font-weight: normal;\">3&#8212;RR. es un proyecto en que {artistas visuales, m\u00fasicos} {trabajan juntos}.<\/span><\/span><\/p>\n<p class=\"MsoNormal\"><span lang=\"ES\"><span style=\"font-weight: normal;\">4&#8212;-RR. es un proyecto que trabaja con el cruce de [+] lenguajes, [+] soportes y [+] materiales heterog\u00e9nicos [= intermedio].<\/span><\/span><\/p>\n<p class=\"MsoNormal\"><span lang=\"ES\"><span style=\"font-weight: normal;\">5&#8212;&#8211;RR. es un proyecto que se remite a las \u00e9xp\u00e9r\u00ed\u00e9nc\u00ed\u00e1s s\u00f3n\u00f3r\u00e1s \u00e9n \u00e9l c\u00e1mp\u00f3 d\u00e9 l\u00e1s \u00e1rt\u00e9s v\u00eds\u00fa\u00e1l\u00e9s y \u00e9n l\u00f3s m\u00e9d\u00ed\u00f3s t\u00e9cn\u00f3l\u00f3g\u00edc\u00f3s.<\/span><\/span><\/p>\n<p class=\"MsoNormal\"><span lang=\"ES\"><span style=\"font-weight: normal;\">6&#8212;&#8212;RR. es un territorio de &lt;auto-inscripci\u00f3n&gt; que se valida a si mismo desde el momento de su formaci\u00f3n en el a\u00f1o 2004.<\/span><\/span><\/p>\n<p class=\"MsoNormal\"><span lang=\"EN-GB\"><span style=\"font-weight: normal;\">7&#8212;&#8212;-RR. es un work in progressssss\u2026\u2026<\/span><\/span><\/p>\n<p class=\"MsoNormal\">&nbsp;<\/p>\n<p>&nbsp;<\/p>\n","protected":false},"excerpt":{"rendered":"<p>Radio Ruido programa radial colectivo Serie de 10 programas de arte sonoro online, 2006 www.uniacc.cl Tracks &gt; Alejandro Quiroga &#8211; Intro UNIACC &#8211; extracto &gt; Ariel Bustamante &#8211; Track1 &gt; Christian Oyarz\u00fan &#8211; Performance Noviembre 2005 &#8211; extracto &gt; Claudio Mu\u00f1oz &#8211; Performance Noviembre 2006 &#8211; extracto &gt; Cristi\u00e1n Sotomayor &#8211; Programa UNIACC &#8211; extracto [&hellip;]<\/p>\n","protected":false},"author":2,"featured_media":0,"parent":1683,"menu_order":8,"comment_status":"closed","ping_status":"closed","template":"","meta":{"ngg_post_thumbnail":0,"footnotes":""},"class_list":["post-256","page","type-page","status-publish","hentry"],"_links":{"self":[{"href":"https:\/\/rkrause.cl\/web\/index.php?rest_route=\/wp\/v2\/pages\/256"}],"collection":[{"href":"https:\/\/rkrause.cl\/web\/index.php?rest_route=\/wp\/v2\/pages"}],"about":[{"href":"https:\/\/rkrause.cl\/web\/index.php?rest_route=\/wp\/v2\/types\/page"}],"author":[{"embeddable":true,"href":"https:\/\/rkrause.cl\/web\/index.php?rest_route=\/wp\/v2\/users\/2"}],"replies":[{"embeddable":true,"href":"https:\/\/rkrause.cl\/web\/index.php?rest_route=%2Fwp%2Fv2%2Fcomments&post=256"}],"version-history":[{"count":17,"href":"https:\/\/rkrause.cl\/web\/index.php?rest_route=\/wp\/v2\/pages\/256\/revisions"}],"predecessor-version":[{"id":6794,"href":"https:\/\/rkrause.cl\/web\/index.php?rest_route=\/wp\/v2\/pages\/256\/revisions\/6794"}],"up":[{"embeddable":true,"href":"https:\/\/rkrause.cl\/web\/index.php?rest_route=\/wp\/v2\/pages\/1683"}],"wp:attachment":[{"href":"https:\/\/rkrause.cl\/web\/index.php?rest_route=%2Fwp%2Fv2%2Fmedia&parent=256"}],"curies":[{"name":"wp","href":"https:\/\/api.w.org\/{rel}","templated":true}]}}