{"id":262,"date":"2009-03-07T13:15:31","date_gmt":"2009-03-07T17:15:31","guid":{"rendered":"http:\/\/rkrause.cl\/web\/?page_id=262"},"modified":"2026-03-28T14:11:22","modified_gmt":"2026-03-28T17:11:22","slug":"radio-ruido-revista-no1","status":"publish","type":"page","link":"https:\/\/rkrause.cl\/web\/?page_id=262","title":{"rendered":"[2008] est\u00e9reo &#8211; RRR_1"},"content":{"rendered":"<h2>est\u00e9reo &#8211; RadioRuidoRevista_1<\/h2>\n<h6>Revista con 1 CD, 2 fotos&nbsp;estereosc\u00f3picas y un lente 3 D, 2008<\/h6>\n<p>ngg_shortcode_0_placeholder<\/p>\n<p>Este primer n\u00famero de la revista tiene como t\u00edtulo una de sus caracter\u00edsticas t\u00e9cnicas. El est\u00e9reo del soporte CD es una de sus limitaciones, pues reduce la experiencia espacial frente a la instalaci\u00f3n sonora (formato preferido de RadioRuido) a dos canales, que implica la aceptaci\u00f3n de un protocolo de escucha por parte del oyente. Esta reducci\u00f3n de posibilidades de escucha implica a su vez una conciente adecuaci\u00f3n del proceso de producci\u00f3n art\u00edstica. El CD <em>RRR_1<\/em> re\u00fane diferentes propuestas de los miembros de RR y constituye el segundo CD colectivo de RR.\u00b9<\/p>\n<p><span style=\"font-size: x-small;\">\u00b9 El primer CD fue el cat\u00e1logo de la exposici\u00f3n RadioRuido en el Teatro Baquedano en 2005.<\/span><\/p>\n<p>Contenido:<\/p>\n<p>Rainer Krause: Discursos y Di\u00e1logos<br \/>\nAriel Bustamante: Est\u00e9reo<br \/>\nDaniel Cruz: Ausencia del est\u00e9reo incorporado<br \/>\nSergio Rojas: \u00bfQueda todav\u00eda algo de \u00abruido\u00bb en el sonido?<br \/>\nGolo F\u00f6llmer: Arte Sonoro, Definici\u00f3n para un diccionario<br \/>\nEnrique Zamudio: 2 fotos estereosc\u00f3picas y un lente 3 D<\/p>\n<p>&gt; <a href=\"http:\/\/rkrause.cl\/web\/wp-content\/uploads\/2009\/03\/08_03_rrr_1.pdf\" target=\"_blank\" rel=\"noopener\">Radio Ruido Revista N\u00ba 1<\/a><\/p>\n<p>Tracks:<\/p>\n<p><a href=\"http:\/\/rkrause.cl\/web\/wp-content\/uploads\/2009\/03\/alejandro-quiroga_track-no-3.mp3\" target=\"_blank\" rel=\"noopener\">&gt; Alejandro Quiroga &#8211; track No3<\/a><br \/>\n<a href=\"http:\/\/rkrause.cl\/web\/wp-content\/uploads\/2009\/03\/cristian-sotomayor_ciudatge-4.mp3\" target=\"_blank\" rel=\"noopener\">&gt; Cristi\u00e1n Sotomayor &#8211; Ciudatge 4<\/a><br \/>\n<a href=\"http:\/\/rkrause.cl\/web\/wp-content\/uploads\/2009\/03\/daniel-cruz_rapanuistatement-xhoeseimprovisation-fragamento.mp3\" target=\"_blank\" rel=\"noopener\">&gt; Daniel Cruz &#8211; Rapanuistatement &#8211; xhoeseimprovisation &#8211; fragamento<\/a><br \/>\n<a href=\"http:\/\/rkrause.cl\/web\/wp-content\/uploads\/2009\/03\/enrique-zamudio_orquesta-y-voces-fragmento.mp3\" target=\"_blank\" rel=\"noopener\">&gt; Enrique Zamudio &#8211; Orquesta y voces &#8211; fragmento<\/a><br \/>\n<a href=\"http:\/\/rkrause.cl\/web\/wp-content\/uploads\/2009\/03\/monica-bate_boiling-point.mp3\" target=\"_blank\" rel=\"noopener\">&gt; M\u00f3nica Bate &#8211; Boiling Point<\/a><\/p>\n","protected":false},"excerpt":{"rendered":"<p>est\u00e9reo &#8211; RadioRuidoRevista_1 Revista con 1 CD, 2 fotos&nbsp;estereosc\u00f3picas y un lente 3 D, 2008 \u00bb order_by=\u00bbsortorder\u00bb order_direction=\u00bbASC\u00bb returns=\u00bbincluded\u00bb maximum_entity_count=\u00bb500&#8243;] Este primer n\u00famero de la revista tiene como t\u00edtulo una de sus caracter\u00edsticas t\u00e9cnicas. El est\u00e9reo del soporte CD es una de sus limitaciones, pues reduce la experiencia espacial frente a la instalaci\u00f3n sonora (formato [&hellip;]<\/p>\n","protected":false},"author":2,"featured_media":0,"parent":1683,"menu_order":5,"comment_status":"closed","ping_status":"closed","template":"","meta":{"ngg_post_thumbnail":0,"footnotes":""},"class_list":["post-262","page","type-page","status-publish","hentry"],"_links":{"self":[{"href":"https:\/\/rkrause.cl\/web\/index.php?rest_route=\/wp\/v2\/pages\/262"}],"collection":[{"href":"https:\/\/rkrause.cl\/web\/index.php?rest_route=\/wp\/v2\/pages"}],"about":[{"href":"https:\/\/rkrause.cl\/web\/index.php?rest_route=\/wp\/v2\/types\/page"}],"author":[{"embeddable":true,"href":"https:\/\/rkrause.cl\/web\/index.php?rest_route=\/wp\/v2\/users\/2"}],"replies":[{"embeddable":true,"href":"https:\/\/rkrause.cl\/web\/index.php?rest_route=%2Fwp%2Fv2%2Fcomments&post=262"}],"version-history":[{"count":31,"href":"https:\/\/rkrause.cl\/web\/index.php?rest_route=\/wp\/v2\/pages\/262\/revisions"}],"predecessor-version":[{"id":4248,"href":"https:\/\/rkrause.cl\/web\/index.php?rest_route=\/wp\/v2\/pages\/262\/revisions\/4248"}],"up":[{"embeddable":true,"href":"https:\/\/rkrause.cl\/web\/index.php?rest_route=\/wp\/v2\/pages\/1683"}],"wp:attachment":[{"href":"https:\/\/rkrause.cl\/web\/index.php?rest_route=%2Fwp%2Fv2%2Fmedia&parent=262"}],"curies":[{"name":"wp","href":"https:\/\/api.w.org\/{rel}","templated":true}]}}