{"id":4370,"date":"2018-03-05T15:18:11","date_gmt":"2018-03-05T18:18:11","guid":{"rendered":"https:\/\/rkrause.cl\/web\/?page_id=4370"},"modified":"2018-03-05T15:56:58","modified_gmt":"2018-03-05T18:56:58","slug":"2016-con-re-dissonante","status":"publish","type":"page","link":"https:\/\/rkrause.cl\/web\/?page_id=4370","title":{"rendered":"[2016] [con\/re\/dis]sonante"},"content":{"rendered":"<h2>[con\/re\/dis]sonante<\/h2>\n<h6><em>Foro de las Artes<\/em>. Casa Central, Universidad de Chile, Santiago de Chile, 2016<br \/>\n(Curator\u00eda en conjunto con &gt;&nbsp;<a href=\"http:\/\/www.lukaskuehne.com\/\" target=\"_blank\" rel=\"noopener\">Lukas K\u00fchne<\/a>)<\/h6>\n<p>ngg_shortcode_0_placeholder<\/p>\n<p>\u201c[con\/re\/dis]sonante\u201d es una exposici\u00f3n con 15 configuraciones sonoras, donde los materiales, objetos, procesos y espacios (elementos propios del repertorio escult\u00f3rico) se relacionan en forma cambiante con el sonido en sus dimensiones sensibles, significativas y formales. Los trabajos fueron desarrollados por estudiantes del pre- y posgrado en el taller del acad\u00e9mico invitado y escultor sonoro Lukas K\u00fchne de la Universidad de la Rep\u00fablica, Uruguay, realizado en el marco del Coloquio \u201cEscultura y Contemporaneidad\u201d, organizado en el Departamento de Artes Visuales, Facultad de Artes de la Universidad de Chilena a inicios de agosto 2016.<\/p>\n<p>&nbsp;<\/p>\n","protected":false},"excerpt":{"rendered":"<p>[con\/re\/dis]sonante Foro de las Artes. Casa Central, Universidad de Chile, Santiago de Chile, 2016 (Curator\u00eda en conjunto con &gt;&nbsp;Lukas K\u00fchne) \u00bb order_by=\u00bbsortorder\u00bb order_direction=\u00bbASC\u00bb returns=\u00bbincluded\u00bb maximum_entity_count=\u00bb500&#8243;] \u201c[con\/re\/dis]sonante\u201d es una exposici\u00f3n con 15 configuraciones sonoras, donde los materiales, objetos, procesos y espacios (elementos propios del repertorio escult\u00f3rico) se relacionan en forma cambiante con el sonido en sus [&hellip;]<\/p>\n","protected":false},"author":2,"featured_media":0,"parent":67,"menu_order":0,"comment_status":"closed","ping_status":"closed","template":"","meta":{"ngg_post_thumbnail":0,"footnotes":""},"class_list":["post-4370","page","type-page","status-publish","hentry"],"_links":{"self":[{"href":"https:\/\/rkrause.cl\/web\/index.php?rest_route=\/wp\/v2\/pages\/4370"}],"collection":[{"href":"https:\/\/rkrause.cl\/web\/index.php?rest_route=\/wp\/v2\/pages"}],"about":[{"href":"https:\/\/rkrause.cl\/web\/index.php?rest_route=\/wp\/v2\/types\/page"}],"author":[{"embeddable":true,"href":"https:\/\/rkrause.cl\/web\/index.php?rest_route=\/wp\/v2\/users\/2"}],"replies":[{"embeddable":true,"href":"https:\/\/rkrause.cl\/web\/index.php?rest_route=%2Fwp%2Fv2%2Fcomments&post=4370"}],"version-history":[{"count":5,"href":"https:\/\/rkrause.cl\/web\/index.php?rest_route=\/wp\/v2\/pages\/4370\/revisions"}],"predecessor-version":[{"id":4407,"href":"https:\/\/rkrause.cl\/web\/index.php?rest_route=\/wp\/v2\/pages\/4370\/revisions\/4407"}],"up":[{"embeddable":true,"href":"https:\/\/rkrause.cl\/web\/index.php?rest_route=\/wp\/v2\/pages\/67"}],"wp:attachment":[{"href":"https:\/\/rkrause.cl\/web\/index.php?rest_route=%2Fwp%2Fv2%2Fmedia&parent=4370"}],"curies":[{"name":"wp","href":"https:\/\/api.w.org\/{rel}","templated":true}]}}