{"id":4410,"date":"2018-03-05T16:33:12","date_gmt":"2018-03-05T19:33:12","guid":{"rendered":"https:\/\/rkrause.cl\/web\/?page_id=4410"},"modified":"2019-03-30T15:12:13","modified_gmt":"2019-03-30T18:12:13","slug":"2017-la-isla-reconocimiento","status":"publish","type":"page","link":"https:\/\/rkrause.cl\/web\/?page_id=4410","title":{"rendered":"[2017-&#8230;] La isla [reconocimiento]"},"content":{"rendered":"<h2>La isla [reconocimiento]&nbsp;<\/h2>\n<p>es un proyecto participativo: todos los habitantes y visitantes de Sudam\u00e9rica pueden cooperar en la construcci\u00f3n de un mapa a base de sonidos grabados en sus costas. Hay dos formas de participar:<\/p>\n<p><u>A trav\u00e9s de la aplicaci\u00f3n&nbsp;<i><b>La isla<\/b><\/i>&nbsp;para tel\u00e9fonos m\u00f3viles<\/u>: Primero tienes que bajar la aplicaci\u00f3n desde el &gt; <a href=\"https:\/\/itunes.apple.com\/cl\/app\/la-isla-rec\/id1361903604?l=en&amp;mt=8\" target=\"_blank\" rel=\"noopener\">App-Store<\/a> de Apple para i-Phones o desde &gt; <a href=\"https:\/\/play.google.com\/store\/apps\/details?id=com.innervycs.laisla\" target=\"_blank\" rel=\"noopener\">Google play<\/a> para celulares con sistema operativo Androide. Los links se encuentran en esta p\u00e1gina. La aplicaci\u00f3n es gratuita y la instalaci\u00f3n en tu tel\u00e9fono m\u00f3vil sencilla y r\u00e1pida. Una vez instalada, la aplicaci\u00f3n te solicita que te identifiques con nombre y correo electr\u00f3nico de contacto para que en esta p\u00e1gina web aparezcas como autor de tus sonidos. Con su activaci\u00f3n, la aplicaci\u00f3n registra autom\u00e1ticamente 3 minutos de sonido y los env\u00eda con datos geo-referenciales a esta p\u00e1gina web. Los sonidos tienen que ser de olas del mar (o de un lago) en la costa. Por favor, ac\u00e9rcate lo m\u00e1s posible a las olas, protege el micr\u00f3fono de tu m\u00f3vil del viento (p.ej. tap\u00e1ndolo con una prenda de lana), no te cambies de posici\u00f3n mientras grabas. La aplicaci\u00f3n te solicita que indiques si el lugar de la grabaci\u00f3n es del continente (isla principal), otra isla (isla secundaria) o de un lago y a continuaci\u00f3n debes ingresar el nombre del lugar.&nbsp;<\/p>\n<p><u>A trav\u00e9s de la p\u00e1gina web&nbsp;<a href=\"http:\/\/la-isla-reconocimiento.cl\/\" target=\"_blank\" rel=\"noopener\">&gt;&nbsp;http:\/\/la-isla-reconocimiento.cl\/<\/a><\/u>: Si prefieres, puedes grabar sonidos costeros con otro dispositivo, como por ejemplo una grabadora de audio de mejor calidad. En este caso puedes subir los sonidos (no m\u00e1s de 3 minutos por grabaci\u00f3n) directamente a la p\u00e1gina web. En el men\u00fa \u201cSubir tu audio\u201d encuentras un formulario que te permite esta acci\u00f3n. En este caso debes buscar los datos geo-referenciales manualmente, por ejemplo, a trav\u00e9s de Google earth. Sin estos datos, tu sonido no puede ser incorporado en el mapa, pues no se conoce la ubicaci\u00f3n de la grabaci\u00f3n. Todos tus sonidos estar\u00e1n accesibles aqu\u00ed, junto con los sonidos de los otros participantes, haciendo clic sobre los puntos del mapa.<\/p>\n<p><a href=\"https:\/\/www.4shared.com\/office\/z7QCoFYgfi\/RKrause_La_isla_reconocimiento.html\" target=\"_blank\" rel=\"noopener\">&gt; documento del proyecto<\/a><\/p>\n<p><iframe loading=\"lazy\" src=\"https:\/\/player.vimeo.com\/video\/326812414\" width=\"640\" height=\"360\" frameborder=\"0\" allowfullscreen=\"allowfullscreen\"><\/iframe><\/p>\n<p><a href=\"https:\/\/vimeo.com\/326812414\">RKRAUSE_La_isla<\/a> from <a href=\"https:\/\/vimeo.com\/rainerkrause\">Rainer Krause<\/a> on <a href=\"https:\/\/vimeo.com\">Vimeo<\/a>.<\/p>\n<p>&nbsp;<\/p>\n<p>ngg_shortcode_0_placeholder<\/p>\n<h6><em>La isla [reconocimiento]<\/em>, Festival SACO, Antofagasta, Chile, 2018<br \/>\n<em>La isla [reconocimiento]<\/em>, Sala Anilla, Museo de Arte Contempor\u00e1neo, Santiago de Chile, 2018<br \/>\n<em>n \/ La isla<\/em>. Sala Punt\u00e1ngeles, Valpara\u00edso, Chile, 2017<\/h6>\n<p>ngg_shortcode_1_placeholder<\/p>\n<hr>\n<h2>La isla [an_archivo]&nbsp;<\/h2>\n<p>&gt; <a href=\"http:\/\/la-isla-reconocimiento.cl\/blog\/\" target=\"_blank\" rel=\"noopener\">Pagina web<\/a> de documentaci\u00f3n del proyecto <em>La isla [reconocimiento]&nbsp;<\/em><\/p>\n<p>ngg_shortcode_2_placeholder<\/p>\n<p>&nbsp;<\/p>\n","protected":false},"excerpt":{"rendered":"<p>La isla [reconocimiento]&nbsp; es un proyecto participativo: todos los habitantes y visitantes de Sudam\u00e9rica pueden cooperar en la construcci\u00f3n de un mapa a base de sonidos grabados en sus costas. Hay dos formas de participar: A trav\u00e9s de la aplicaci\u00f3n&nbsp;La isla&nbsp;para tel\u00e9fonos m\u00f3viles: Primero tienes que bajar la aplicaci\u00f3n desde el &gt; App-Store de Apple [&hellip;]<\/p>\n","protected":false},"author":2,"featured_media":0,"parent":65,"menu_order":0,"comment_status":"closed","ping_status":"closed","template":"","meta":{"ngg_post_thumbnail":0,"footnotes":""},"class_list":["post-4410","page","type-page","status-publish","hentry"],"_links":{"self":[{"href":"https:\/\/rkrause.cl\/web\/index.php?rest_route=\/wp\/v2\/pages\/4410"}],"collection":[{"href":"https:\/\/rkrause.cl\/web\/index.php?rest_route=\/wp\/v2\/pages"}],"about":[{"href":"https:\/\/rkrause.cl\/web\/index.php?rest_route=\/wp\/v2\/types\/page"}],"author":[{"embeddable":true,"href":"https:\/\/rkrause.cl\/web\/index.php?rest_route=\/wp\/v2\/users\/2"}],"replies":[{"embeddable":true,"href":"https:\/\/rkrause.cl\/web\/index.php?rest_route=%2Fwp%2Fv2%2Fcomments&post=4410"}],"version-history":[{"count":16,"href":"https:\/\/rkrause.cl\/web\/index.php?rest_route=\/wp\/v2\/pages\/4410\/revisions"}],"predecessor-version":[{"id":5474,"href":"https:\/\/rkrause.cl\/web\/index.php?rest_route=\/wp\/v2\/pages\/4410\/revisions\/5474"}],"up":[{"embeddable":true,"href":"https:\/\/rkrause.cl\/web\/index.php?rest_route=\/wp\/v2\/pages\/65"}],"wp:attachment":[{"href":"https:\/\/rkrause.cl\/web\/index.php?rest_route=%2Fwp%2Fv2%2Fmedia&parent=4410"}],"curies":[{"name":"wp","href":"https:\/\/api.w.org\/{rel}","templated":true}]}}