{"id":4811,"date":"2018-03-09T15:03:21","date_gmt":"2018-03-09T18:03:21","guid":{"rendered":"https:\/\/rkrause.cl\/web\/?page_id=4811"},"modified":"2018-08-13T21:24:36","modified_gmt":"2018-08-14T00:24:36","slug":"cds-dvds","status":"publish","type":"page","link":"https:\/\/rkrause.cl\/web\/?page_id=4811","title":{"rendered":"CDs \/ DVDs"},"content":{"rendered":"<h2>CDs \/ DVDs (en construcci\u00f3n)<\/h2>\n<h6>2015<\/h6>\n<p><em><img loading=\"lazy\" decoding=\"async\" class=\"size-full wp-image-5151 alignleft\" src=\"https:\/\/rkrause.cl\/web\/wp-content\/uploads\/2018\/08\/15-10-pn100_mini.jpg\" alt=\"\" width=\"150\" height=\"150\" srcset=\"https:\/\/rkrause.cl\/web\/wp-content\/uploads\/2018\/08\/15-10-pn100_mini.jpg 150w, https:\/\/rkrause.cl\/web\/wp-content\/uploads\/2018\/08\/15-10-pn100_mini-50x50.jpg 50w, https:\/\/rkrause.cl\/web\/wp-content\/uploads\/2018\/08\/15-10-pn100_mini-100x100.jpg 100w\" sizes=\"(max-width: 150px) 100vw, 150px\" \/>Di algo\u2026 Pueblo Nuevo 10\u00b0 Aniversario<\/em>.&nbsp;Santiago de Chile (Pueblo Nuevo pn 100), 2015<br \/>\nAlbum de descarga<\/p>\n<p><a style=\"font-family: -apple-system, BlinkMacSystemFont, 'Segoe UI', Roboto, Oxygen-Sans, Ubuntu, Cantarell, 'Helvetica Neue', sans-serif;\" href=\"https:\/\/pueblonuevo.cl\/catalogo\/di-algo-pn10a\/\" target=\"_blank\" rel=\"noopener\">&gt; descarga completa<\/a><br \/>\n<a href=\"https:\/\/rkrause.cl\/web\/wp-content\/uploads\/2018\/03\/15-10-pn100.pdf\" target=\"_blank\" rel=\"noopener\">&gt; car\u00e1tula<\/a><br \/>\n<a href=\"https:\/\/rkrause.cl\/web\/wp-content\/uploads\/2018\/03\/pn100_033_Rainer-Krause.mp3\" target=\"_blank\" rel=\"noopener\">&gt; track 33: Rainer Krause &#8211; Cambiar la pronunciaci\u00f3n del propio nombre&#8230; [versi\u00f3n binaural]<\/a><br \/>\n<span style=\"color: #993300;\"><em><strong>\u00a1Escuchar con aud\u00edfonos!<\/strong><\/em><\/span><\/p>\n<p>&nbsp;<\/p>\n<p><img loading=\"lazy\" decoding=\"async\" class=\"size-full wp-image-5152 alignleft\" src=\"https:\/\/rkrause.cl\/web\/wp-content\/uploads\/2018\/08\/15-11_kafkage_tarjeta_mini.jpg\" alt=\"\" width=\"150\" height=\"150\" srcset=\"https:\/\/rkrause.cl\/web\/wp-content\/uploads\/2018\/08\/15-11_kafkage_tarjeta_mini.jpg 150w, https:\/\/rkrause.cl\/web\/wp-content\/uploads\/2018\/08\/15-11_kafkage_tarjeta_mini-50x50.jpg 50w, https:\/\/rkrause.cl\/web\/wp-content\/uploads\/2018\/08\/15-11_kafkage_tarjeta_mini-100x100.jpg 100w\" sizes=\"(max-width: 150px) 100vw, 150px\" \/><\/p>\n<p><span style=\"font-family: -apple-system, BlinkMacSystemFont, 'Segoe UI', Roboto, Oxygen-Sans, Ubuntu, Cantarell, 'Helvetica Neue', sans-serif;\">Rainer Krause, Mauricio Barr\u00eda: <\/span><em style=\"font-family: -apple-system, BlinkMacSystemFont, 'Segoe UI', Roboto, Oxygen-Sans, Ubuntu, Cantarell, 'Helvetica Neue', sans-serif;\">&gt;[&#8216;Kafkage] para mall&lt;<\/em><br \/>\nTarjeta de descarga para el proyecto&nbsp;<em style=\"font-family: -apple-system, BlinkMacSystemFont, 'Segoe UI', Roboto, Oxygen-Sans, Ubuntu, Cantarell, 'Helvetica Neue', sans-serif;\">&gt;[&#8216;Kafkage] para mall&lt;. <\/em>Santiago de Chile (Portaldisc), 2015<\/p>\n<p>&gt; <a href=\"https:\/\/rkrause.cl\/web\/wp-content\/uploads\/2018\/03\/15-11_kafkage_tarjeta.pdf\" target=\"_blank\" rel=\"noopener\">tarjeta<\/a><br \/>\n&gt; <a href=\"http:\/\/www.portaldisc.com\/gratis.php?id=11999\" target=\"_blank\" rel=\"noopener\">descarga&nbsp;<\/a>&nbsp;&nbsp;&nbsp;&nbsp;&nbsp;<span style=\"color: #993300;\"><em><strong>\u00a1Escuchar con aud\u00edfonos!<\/strong><\/em><\/span><br \/>\n&gt; <a href=\"https:\/\/rkrause.cl\/web\/?page_id=1685\" target=\"_blank\" rel=\"noopener\">[&#8216;Kaf<em>kage<\/em>] para <em>mall&nbsp;&nbsp;&nbsp;&nbsp;<\/em><\/a><\/p>\n<p>&nbsp;<\/p>\n<hr>\n<h6>2012<\/h6>\n<p><img loading=\"lazy\" decoding=\"async\" class=\"size-full wp-image-5162 alignleft\" src=\"https:\/\/rkrause.cl\/web\/wp-content\/uploads\/2018\/08\/CD10_Label-CD-1TB3_mini.jpg\" alt=\"\" width=\"150\" height=\"150\" srcset=\"https:\/\/rkrause.cl\/web\/wp-content\/uploads\/2018\/08\/CD10_Label-CD-1TB3_mini.jpg 150w, https:\/\/rkrause.cl\/web\/wp-content\/uploads\/2018\/08\/CD10_Label-CD-1TB3_mini-50x50.jpg 50w, https:\/\/rkrause.cl\/web\/wp-content\/uploads\/2018\/08\/CD10_Label-CD-1TB3_mini-100x100.jpg 100w\" sizes=\"(max-width: 150px) 100vw, 150px\" \/>Rainer Krause: <em>1 TB<sub>3&nbsp;<\/sub>[timeboxing]<\/em>. Santiago de Chile&nbsp;(autoedici\u00f3n CD-RK010), 2012<br \/>\nCD-R, 1 track, duraci\u00f3n 1hr19\u00bb,&nbsp;50&nbsp;ejemplares&nbsp;ejemplares numerados y firmados<\/p>\n<p>&gt; <a href=\"https:\/\/rkrause.cl\/web\/wp-content\/uploads\/2018\/03\/CD10_Label-CD-1TB3-3.pdf\" target=\"_blank\" rel=\"noopener\">etiqueta<\/a><br \/>\n&gt; <a href=\"https:\/\/rkrause.cl\/web\/wp-content\/uploads\/2018\/03\/CD10_1TB3-timebox-CD_extracto.mp3\" target=\"_blank\" rel=\"noopener\">extracto track<\/a><br \/>\nbanda sonora de la instalaci\u00f3n&nbsp; &gt; <a href=\"https:\/\/rkrause.cl\/web\/?page_id=1449\" target=\"_blank\" rel=\"noopener\">1 TB<sub>3&nbsp;<\/sub>[timeboxing]<\/a><\/p>\n<hr>\n<h6>2011<\/h6>\n<p><img loading=\"lazy\" decoding=\"async\" class=\"size-full wp-image-5161 alignleft\" src=\"https:\/\/rkrause.cl\/web\/wp-content\/uploads\/2018\/08\/CD9_365_etiquetaCD_mini.jpg\" alt=\"\" width=\"150\" height=\"150\" srcset=\"https:\/\/rkrause.cl\/web\/wp-content\/uploads\/2018\/08\/CD9_365_etiquetaCD_mini.jpg 150w, https:\/\/rkrause.cl\/web\/wp-content\/uploads\/2018\/08\/CD9_365_etiquetaCD_mini-50x50.jpg 50w, https:\/\/rkrause.cl\/web\/wp-content\/uploads\/2018\/08\/CD9_365_etiquetaCD_mini-100x100.jpg 100w\" sizes=\"(max-width: 150px) 100vw, 150px\" \/>Rainer Krause: <em>&lt;365&gt;<\/em>. Santiago de Chile&nbsp;(autoedici\u00f3n CD-RK009), 2011<br \/>\nCD-R. 53 tracks, duraci\u00f3n total 1hr14&#8242;, 400 ejemplares<\/p>\n<p>&gt; <a href=\"https:\/\/rkrause.cl\/web\/wp-content\/uploads\/2018\/03\/CD9_etiqueta-365.pdf\" target=\"_blank\" rel=\"noopener\">etiqueta<\/a><br \/>\n&gt; <a href=\"https:\/\/soundcloud.com\/rainer-krause-1\/sets\/365a\" target=\"_blank\" rel=\"noopener\">tracks<\/a><br \/>\nremix est\u00e9reo, banda sonora de la instalaci\u00f3n &gt; <a href=\"https:\/\/rkrause.cl\/web\/?page_id=1038\" target=\"_blank\" rel=\"noopener\">&lt;365&gt;, Versi\u00f3n ampliada para sala vac\u00eda<\/a><\/p>\n<p>&nbsp;<\/p>\n<hr>\n<h6>2010<\/h6>\n<p><img loading=\"lazy\" decoding=\"async\" class=\"size-full wp-image-5153 alignleft\" src=\"https:\/\/rkrause.cl\/web\/wp-content\/uploads\/2018\/08\/CD-Audioguias_etiqueta_mini.jpg\" alt=\"\" width=\"150\" height=\"150\" srcset=\"https:\/\/rkrause.cl\/web\/wp-content\/uploads\/2018\/08\/CD-Audioguias_etiqueta_mini.jpg 150w, https:\/\/rkrause.cl\/web\/wp-content\/uploads\/2018\/08\/CD-Audioguias_etiqueta_mini-50x50.jpg 50w, https:\/\/rkrause.cl\/web\/wp-content\/uploads\/2018\/08\/CD-Audioguias_etiqueta_mini-100x100.jpg 100w\" sizes=\"(max-width: 150px) 100vw, 150px\" \/><em>Audiogu\u00edas. experiencias colaterales para espacios expositivos.<\/em> Santiago de Chile, 2010<br \/>\nCat\u00e1logo de la exposici\u00f3n&nbsp;<em>Audiogu\u00edas. Experiencias colaterales para espacios expositivos.<\/em>&nbsp;Museo Nacional de Bellas Artes, Santiago de Chile, 2010<br \/>\nCD-R-mp3, 6 tracks<\/p>\n<p>&gt; <a href=\"http:\/\/www.exponauta.cl\/audioguias\/index.htm\" target=\"_blank\" rel=\"noopener\">tracks para descargar<\/a><br \/>\n&gt;<a href=\"http:\/\/www.exponauta.cl\/audioguias\/rainer.htm\" target=\"_blank\" rel=\"noopener\"> track Rainer Krause &#8211; Laut<\/a><br \/>\n&gt; <a href=\"https:\/\/rkrause.cl\/web\/?page_id=848\" target=\"_blank\" rel=\"noopener\">Laut<\/a><\/p>\n<p><span style=\"color: #993300;\"><em><strong>\u00a1Escuchar con aud\u00edfonos!<\/strong><\/em><\/span><\/p>\n<hr>\n<h6>2008<\/h6>\n<p><em><img loading=\"lazy\" decoding=\"async\" class=\"size-full wp-image-5214 alignleft\" src=\"https:\/\/rkrause.cl\/web\/wp-content\/uploads\/2018\/08\/CD-espaces-sonores_mini.jpg\" alt=\"\" width=\"150\" height=\"150\" srcset=\"https:\/\/rkrause.cl\/web\/wp-content\/uploads\/2018\/08\/CD-espaces-sonores_mini.jpg 150w, https:\/\/rkrause.cl\/web\/wp-content\/uploads\/2018\/08\/CD-espaces-sonores_mini-50x50.jpg 50w, https:\/\/rkrause.cl\/web\/wp-content\/uploads\/2018\/08\/CD-espaces-sonores_mini-100x100.jpg 100w\" sizes=\"(max-width: 150px) 100vw, 150px\" \/>espaces sonores<\/em>. Qu\u00e9bec (\u00c9ditions Intervention, Avatar), 2007.&nbsp;<br \/>\nCD, suplemento de la revista inter art actuel N\u00ba 98. Queb\u00e9c&nbsp;(\u00c9ditions Intervention), 2008<br \/>\nISSN 0825-8708<\/p>\n<p>track 23, Rainer Krause: <em>Kreuzfahrt (extrait)<\/em>, duraci\u00f3n 4&#8217;37\u00bb<\/p>\n<p>&nbsp;<\/p>\n<p>&nbsp;<\/p>\n<p><img loading=\"lazy\" decoding=\"async\" class=\"size-full wp-image-5160 alignleft\" src=\"https:\/\/rkrause.cl\/web\/wp-content\/uploads\/2018\/08\/CD7_caratula-China-Beat-front_mini.jpg\" alt=\"\" width=\"150\" height=\"150\" srcset=\"https:\/\/rkrause.cl\/web\/wp-content\/uploads\/2018\/08\/CD7_caratula-China-Beat-front_mini.jpg 150w, https:\/\/rkrause.cl\/web\/wp-content\/uploads\/2018\/08\/CD7_caratula-China-Beat-front_mini-50x50.jpg 50w, https:\/\/rkrause.cl\/web\/wp-content\/uploads\/2018\/08\/CD7_caratula-China-Beat-front_mini-100x100.jpg 100w\" sizes=\"(max-width: 150px) 100vw, 150px\" \/>Rainer Krause: <em>China beat<\/em>. Santiago de Chile&nbsp;(autoedici\u00f3n CD-RK007), 2008<br \/>\nCD-R, 20 tracks, duraci\u00f3n total 43&#8242;, 100&nbsp;ejemplares&nbsp;ejemplares numerados y firmados<\/p>\n<p>&gt; <a href=\"https:\/\/rkrause.cl\/web\/wp-content\/uploads\/2018\/03\/CD7_caratula-China-Beat_peq.pdf\" target=\"_blank\" rel=\"noopener\">car\u00e1tula&nbsp;<\/a><br \/>\ntracks <a href=\"https:\/\/rkrause.cl\/web\/wp-content\/uploads\/2018\/03\/CD7_Track-01.mp3\" target=\"_blank\" rel=\"noopener\">&gt; 1<\/a>, <a href=\"https:\/\/rkrause.cl\/web\/wp-content\/uploads\/2018\/03\/CD7_Track-07.mp3\" target=\"_blank\" rel=\"noopener\">&gt; 7<\/a><\/p>\n<p>&nbsp;<\/p>\n<p>&nbsp;<\/p>\n<hr>\n<h6>2006<\/h6>\n<p><img loading=\"lazy\" decoding=\"async\" class=\"size-full wp-image-5159 alignleft\" src=\"https:\/\/rkrause.cl\/web\/wp-content\/uploads\/2018\/08\/CD6_Caratula-Kreuzfahrt_mini.jpg\" alt=\"\" width=\"150\" height=\"150\" srcset=\"https:\/\/rkrause.cl\/web\/wp-content\/uploads\/2018\/08\/CD6_Caratula-Kreuzfahrt_mini.jpg 150w, https:\/\/rkrause.cl\/web\/wp-content\/uploads\/2018\/08\/CD6_Caratula-Kreuzfahrt_mini-50x50.jpg 50w, https:\/\/rkrause.cl\/web\/wp-content\/uploads\/2018\/08\/CD6_Caratula-Kreuzfahrt_mini-100x100.jpg 100w\" sizes=\"(max-width: 150px) 100vw, 150px\" \/>Rainer Krause: <em>Kreuzfahrt<\/em>. Santiago de Chile (autoedici\u00f3n CD-RK006), 2006<br \/>\nCD-R, 1 track, duraci\u00f3n 23&#8217;37\u00bb,&nbsp;50&nbsp;ejemplares&nbsp;ejemplares numerados y firmados<\/p>\n<p>&gt; <a href=\"https:\/\/rkrause.cl\/web\/wp-content\/uploads\/2018\/03\/CD6_Caratula-Kreuzfahrt_red.pdf\" target=\"_blank\" rel=\"noopener\">car\u00e1tula<\/a><br \/>\n&gt; <a href=\"https:\/\/rkrause.cl\/web\/wp-content\/uploads\/2018\/03\/CD6_Kreuzfahrt-extracto.mp3\" target=\"_blank\" rel=\"noopener\">extracto track<\/a><br \/>\nremix est\u00e9reo, banda sonora de la instalaci\u00f3n sonora &gt; <a href=\"https:\/\/rkrause.cl\/web\/?page_id=245\" target=\"_blank\" rel=\"noopener\">Kreuzfahrt<\/a><\/p>\n<p>&nbsp;<\/p>\n<p><img loading=\"lazy\" decoding=\"async\" class=\"size-full wp-image-5164 alignleft\" src=\"https:\/\/rkrause.cl\/web\/wp-content\/uploads\/2018\/08\/DVD2-Kreuzfahrt-Caratula-front_mini.jpg\" alt=\"\" width=\"150\" height=\"150\" srcset=\"https:\/\/rkrause.cl\/web\/wp-content\/uploads\/2018\/08\/DVD2-Kreuzfahrt-Caratula-front_mini.jpg 150w, https:\/\/rkrause.cl\/web\/wp-content\/uploads\/2018\/08\/DVD2-Kreuzfahrt-Caratula-front_mini-50x50.jpg 50w, https:\/\/rkrause.cl\/web\/wp-content\/uploads\/2018\/08\/DVD2-Kreuzfahrt-Caratula-front_mini-100x100.jpg 100w\" sizes=\"(max-width: 150px) 100vw, 150px\" \/>Rainer Krause: <em>Kreuzfahrt<\/em>. Santiago de Chile (autoedici\u00f3n DVD-RK002), 2006<br \/>\nDVD_R 5.1 (sin im\u00e1genes), 1 track, duraci\u00f3n 23&#8217;37\u00bb,&nbsp;30&nbsp;ejemplares&nbsp;ejemplares numerados y firmados<\/p>\n<p>&gt; <a href=\"https:\/\/rkrause.cl\/web\/wp-content\/uploads\/2018\/03\/DVD2-Kreuzfahrt-Caratula-front.pdf\" target=\"_blank\" rel=\"noopener\">car\u00e1tula<\/a><br \/>\nbanda sonora de la instalaci\u00f3n sonora &gt; <a href=\"https:\/\/rkrause.cl\/web\/?page_id=245\" target=\"_blank\" rel=\"noopener\">Kreuzfahrt<\/a><\/p>\n<p>&nbsp;<\/p>\n<p><img loading=\"lazy\" decoding=\"async\" class=\"size-full wp-image-5168 alignleft\" src=\"https:\/\/rkrause.cl\/web\/wp-content\/uploads\/2018\/08\/CD5_Caratula_mini.jpg\" alt=\"\" width=\"150\" height=\"150\" srcset=\"https:\/\/rkrause.cl\/web\/wp-content\/uploads\/2018\/08\/CD5_Caratula_mini.jpg 150w, https:\/\/rkrause.cl\/web\/wp-content\/uploads\/2018\/08\/CD5_Caratula_mini-50x50.jpg 50w, https:\/\/rkrause.cl\/web\/wp-content\/uploads\/2018\/08\/CD5_Caratula_mini-100x100.jpg 100w\" sizes=\"(max-width: 150px) 100vw, 150px\" \/>Rainer Krause: <em>tr\u00edpticos<\/em>. Santiago de Chile (autoedici\u00f3n CD-RK005), 2006<br \/>\nmini-CD-R, 34 tracks, duraci\u00f3n total 18&#8217;12\u00bb, 50&nbsp;ejemplares&nbsp;ejemplares numerados y firmados&nbsp;<\/p>\n<p>&gt; <a href=\"https:\/\/rkrause.cl\/web\/wp-content\/uploads\/2018\/03\/CD5_Caratula_y-Convertido.pdf\" target=\"_blank\" rel=\"noopener\">car\u00e1tula<\/a>&nbsp;<br \/>\ntracks&nbsp;<a href=\"http:\/\/rkrause.cl\/web\/wp-content\/uploads\/2009\/03\/01trip_01-10seg.mp3\" target=\"_blank\" rel=\"noopener\">&gt; 01,&nbsp;<\/a><a href=\"http:\/\/rkrause.cl\/web\/wp-content\/uploads\/2009\/03\/02trip_02-10seg.mp3\" target=\"_blank\" rel=\"noopener\">&gt; 02,&nbsp;<\/a><a href=\"http:\/\/rkrause.cl\/web\/wp-content\/uploads\/2009\/03\/03trip_03-10seg.mp3\" target=\"_blank\" rel=\"noopener\">&gt; 03<\/a>,&nbsp;<a href=\"http:\/\/rkrause.cl\/web\/wp-content\/uploads\/2009\/03\/04trip_04-10seg.mp3\" target=\"_blank\" rel=\"noopener\">&gt; 04<\/a>,&nbsp;<a href=\"http:\/\/rkrause.cl\/web\/wp-content\/uploads\/2009\/03\/05trip_05-10seg.mp3\" target=\"_blank\" rel=\"noopener\">&gt; 05,&nbsp;<\/a><a href=\"http:\/\/rkrause.cl\/web\/wp-content\/uploads\/2009\/03\/06trip_06-10seg.mp3\" target=\"_blank\" rel=\"noopener\">&gt; 06,&nbsp;<\/a><a href=\"http:\/\/rkrause.cl\/web\/wp-content\/uploads\/2009\/03\/07trip_07-10seg.mp3\" target=\"_blank\" rel=\"noopener\">&gt; 07,&nbsp;<\/a><a href=\"http:\/\/rkrause.cl\/web\/wp-content\/uploads\/2009\/03\/08trip_08-10seg.mp3\" target=\"_blank\" rel=\"noopener\">&gt; 08,&nbsp;<\/a><a href=\"http:\/\/rkrause.cl\/web\/wp-content\/uploads\/2009\/03\/09trip_09-10seg.mp3\" target=\"_blank\" rel=\"noopener\">&gt; 09,&nbsp;<\/a><a href=\"http:\/\/rkrause.cl\/web\/wp-content\/uploads\/2009\/03\/10trip_10-10seg.mp3\" target=\"_blank\" rel=\"noopener\">&gt; 10,&nbsp;<\/a><a href=\"http:\/\/rkrause.cl\/web\/wp-content\/uploads\/2009\/03\/11trip_11-10seg.mp3\" target=\"_blank\" rel=\"noopener\">&gt; 11,&nbsp;<\/a><a href=\"http:\/\/rkrause.cl\/web\/wp-content\/uploads\/2009\/03\/12trip_12-10seg.mp3\" target=\"_blank\" rel=\"noopener\">&gt; 12,&nbsp;<\/a><a href=\"http:\/\/rkrause.cl\/web\/wp-content\/uploads\/2009\/03\/13trip_13-10seg.mp3\" target=\"_blank\" rel=\"noopener\">&gt; 13,&nbsp;<\/a><a href=\"http:\/\/rkrause.cl\/web\/wp-content\/uploads\/2009\/03\/14trip_14-10seg.mp3\">&gt; 14,&nbsp;<\/a><a href=\"http:\/\/rkrause.cl\/web\/wp-content\/uploads\/2009\/03\/15trip_15-10seg.mp3\" target=\"_blank\" rel=\"noopener\">&gt; 15,&nbsp;<\/a><a href=\"http:\/\/rkrause.cl\/web\/wp-content\/uploads\/2009\/03\/16trip_16-10seg.mp3\" target=\"_blank\" rel=\"noopener\">&gt; 16,&nbsp;<\/a><a href=\"http:\/\/rkrause.cl\/web\/wp-content\/uploads\/2009\/03\/17trip_17-10seg.mp3\" target=\"_blank\" rel=\"noopener\">&gt; 17,&nbsp;<\/a><a href=\"http:\/\/rkrause.cl\/web\/wp-content\/uploads\/2009\/03\/18trip_18-10seg.mp3\" target=\"_blank\" rel=\"noopener\">&gt; 18,&nbsp;<\/a>&gt;&nbsp;<a href=\"http:\/\/rkrause.cl\/web\/wp-content\/uploads\/2009\/03\/19trip_19-10seg.mp3\" target=\"_blank\" rel=\"noopener\">19,&nbsp;<\/a>&gt;&nbsp;<a href=\"http:\/\/rkrause.cl\/web\/wp-content\/uploads\/2009\/03\/20trip_20-10seg.mp3\" target=\"_blank\" rel=\"noopener\">20,&nbsp;<\/a>&gt;&nbsp;<a href=\"http:\/\/rkrause.cl\/web\/wp-content\/uploads\/2009\/03\/21trip_21-10seg.mp3\" target=\"_blank\" rel=\"noopener\">21,&nbsp;<\/a>&gt;&nbsp;<a href=\"http:\/\/rkrause.cl\/web\/wp-content\/uploads\/2009\/03\/22trip_22-10seg.mp3\" target=\"_blank\" rel=\"noopener\">22,&nbsp;<\/a><a href=\"http:\/\/rkrause.cl\/web\/wp-content\/uploads\/2009\/03\/23trip_23-10seg.mp3\" target=\"_blank\" rel=\"noopener\">&gt; 23,&nbsp;<\/a><a href=\"http:\/\/rkrause.cl\/web\/wp-content\/uploads\/2009\/03\/25trip_25-10seg.mp3\" target=\"_blank\" rel=\"noopener\">&gt; 25,&nbsp;<\/a><a href=\"http:\/\/rkrause.cl\/web\/wp-content\/uploads\/2009\/03\/26trip_26-10seg.mp3\" target=\"_blank\" rel=\"noopener\">&gt; 26,&nbsp;<\/a>&nbsp;<a href=\"http:\/\/rkrause.cl\/web\/wp-content\/uploads\/2009\/03\/27trip_27-10seg.mp3\" target=\"_blank\" rel=\"noopener\">&gt; 27,&nbsp;<\/a>&gt;&nbsp;<a href=\"http:\/\/rkrause.cl\/web\/wp-content\/uploads\/2009\/03\/28trip_28-10seg.mp3\" target=\"_blank\" rel=\"noopener\">28<\/a><br \/>\nbanda sonora de la instalaci\u00f3n &gt; <a href=\"https:\/\/rkrause.cl\/web\/?page_id=240\" target=\"_blank\" rel=\"noopener\">Tr\u00edpticos radiof\u00f3nicos<\/a><\/p>\n<p>&nbsp;<\/p>\n<hr>\n<h6>2005<\/h6>\n<p><img loading=\"lazy\" decoding=\"async\" class=\"size-full wp-image-5158 alignleft\" src=\"https:\/\/rkrause.cl\/web\/wp-content\/uploads\/2018\/08\/CD4_07_Etiqueta-CD-Card_mini.jpg\" alt=\"\" width=\"150\" height=\"150\" srcset=\"https:\/\/rkrause.cl\/web\/wp-content\/uploads\/2018\/08\/CD4_07_Etiqueta-CD-Card_mini.jpg 150w, https:\/\/rkrause.cl\/web\/wp-content\/uploads\/2018\/08\/CD4_07_Etiqueta-CD-Card_mini-50x50.jpg 50w, https:\/\/rkrause.cl\/web\/wp-content\/uploads\/2018\/08\/CD4_07_Etiqueta-CD-Card_mini-100x100.jpg 100w\" sizes=\"(max-width: 150px) 100vw, 150px\" \/>Rainer Krause: <em>Cambiar la pronunciaci\u00f3n del propio nombre&#8230;<\/em> Santiago de Chile (autoedici\u00f3n CD-RK004), obra en proceso permanente<br \/>\nVersi\u00f3n 2005: CD-card, 1 track, duraci\u00f3n 6&#8217;29\u00bb, 40 ejemplares&nbsp;ejemplares numerados y firmados \/\/ Versi\u00f3n 2007: CD-card, 71 tracks, duraci\u00f3n total 15&#8242;, 35 ejemplares&nbsp;ejemplares numerados y firmados \/\/ Versi\u00f3n 2008: CD-card, 93 tracks, duraci\u00f3n total 19&#8242;, 35 ejemplares&nbsp;ejemplares numerados y firmados \/\/ Versi\u00f3n 2015, CD, 23 tracks, duraci\u00f3n total 1hr19&#8242;, 50 ejemplares&nbsp;ejemplares numerados y firmados<\/p>\n<p>&gt; <a href=\"https:\/\/rkrause.cl\/web\/wp-content\/uploads\/2018\/03\/CD4_15_caratula.pdf\" target=\"_blank\" rel=\"noopener\">car\u00e1tula Versi\u00f3n 2015<\/a><br \/>\n&gt; <a href=\"https:\/\/rkrause.cl\/web\/wp-content\/uploads\/2018\/03\/CD4_Pronunciacion-051129.mp3\" target=\"_blank\" rel=\"noopener\">track Versi\u00f3n 2005<\/a><br \/>\nbanda sonora de la instalaci\u00f3n &gt; <a href=\"https:\/\/rkrause.cl\/web\/?page_id=238\" target=\"_blank\" rel=\"noopener\">Cambiar la pronunciaci\u00f3n del propio nombre&#8230;<\/a><\/p>\n<p>&nbsp;<\/p>\n<p><img loading=\"lazy\" decoding=\"async\" class=\"size-full wp-image-5157 alignleft\" src=\"https:\/\/rkrause.cl\/web\/wp-content\/uploads\/2018\/08\/CD3_Caratula-Wohnzimmeruhr-front_mini.jpg\" alt=\"\" width=\"150\" height=\"150\" srcset=\"https:\/\/rkrause.cl\/web\/wp-content\/uploads\/2018\/08\/CD3_Caratula-Wohnzimmeruhr-front_mini.jpg 150w, https:\/\/rkrause.cl\/web\/wp-content\/uploads\/2018\/08\/CD3_Caratula-Wohnzimmeruhr-front_mini-50x50.jpg 50w, https:\/\/rkrause.cl\/web\/wp-content\/uploads\/2018\/08\/CD3_Caratula-Wohnzimmeruhr-front_mini-100x100.jpg 100w\" sizes=\"(max-width: 150px) 100vw, 150px\" \/>Rainer Krause: <em>Wohnzimmeruhr.<\/em> Santiago de Chile (autoedici\u00f3n CD-RK003), 2005<br \/>\nmini-CD-R, duraci\u00f3n 18&#8217;08\u00bb, 50 ejemplares numerados y firmados&nbsp;<\/p>\n<p>&gt; <a href=\"https:\/\/rkrause.cl\/web\/wp-content\/uploads\/2018\/03\/CD3_Caratula-Wohnzimmeruhr.pdf\" target=\"_blank\" rel=\"noopener\">car\u00e1tula<\/a><br \/>\n&gt; <a href=\"https:\/\/rkrause.cl\/web\/wp-content\/uploads\/2018\/03\/Wohnzimmeruhr-original.mp3\" target=\"_blank\" rel=\"noopener\">track<\/a><br \/>\nbanda sonora de la instalaci\u00f3n &gt; <a href=\"https:\/\/rkrause.cl\/web\/?page_id=232\" target=\"_blank\" rel=\"noopener\">Wohnzimmeruhr<\/a><\/p>\n<p>&nbsp;<\/p>\n<p><img loading=\"lazy\" decoding=\"async\" class=\"size-full wp-image-5154 alignleft\" src=\"https:\/\/rkrause.cl\/web\/wp-content\/uploads\/2018\/08\/CD-RadioRuido_etiqueta_mini.jpg\" alt=\"\" width=\"150\" height=\"150\" srcset=\"https:\/\/rkrause.cl\/web\/wp-content\/uploads\/2018\/08\/CD-RadioRuido_etiqueta_mini.jpg 150w, https:\/\/rkrause.cl\/web\/wp-content\/uploads\/2018\/08\/CD-RadioRuido_etiqueta_mini-50x50.jpg 50w, https:\/\/rkrause.cl\/web\/wp-content\/uploads\/2018\/08\/CD-RadioRuido_etiqueta_mini-100x100.jpg 100w\" sizes=\"(max-width: 150px) 100vw, 150px\" \/>RadioRuido. Santiago de Chile (autoedici\u00f3n), 2005<br \/>\nCat\u00e1logo de la exposici\u00f3n&nbsp;<em>Radio Ruido<\/em>. Teatro Universidad de Chile, Santiago de Chile, 2005<br \/>\nCD-R, 24 tracks<\/p>\n<p>&gt; <a href=\"https:\/\/rkrause.cl\/web\/wp-content\/uploads\/2018\/03\/CD-RadioRuido_caratula.pdf\" target=\"_blank\" rel=\"noopener\">car\u00e1tula<\/a><br \/>\n&gt; <a href=\"http:\/\/rkrause.cl\/web\/wp-content\/uploads\/2009\/03\/paisaje-marginal-c-sinfonica.mp3\" target=\"_blank\" rel=\"noopener\">track 23 Rainer Krause &#8211; Paisaje marginal con Sinf\u00f3nica<\/a><br \/>\n&gt;&nbsp;<a href=\"https:\/\/rkrause.cl\/web\/?page_id=234\" target=\"_blank\" rel=\"noopener\">Paisaje marginal con Sinf\u00f3nica<\/a><\/p>\n<p>&nbsp;<\/p>\n<hr>\n<h6>2004<\/h6>\n<p><img loading=\"lazy\" decoding=\"async\" class=\"size-full wp-image-5156 alignleft\" src=\"https:\/\/rkrause.cl\/web\/wp-content\/uploads\/2018\/08\/cd02-actual-caratula-front_mini.jpg\" alt=\"\" width=\"150\" height=\"150\" srcset=\"https:\/\/rkrause.cl\/web\/wp-content\/uploads\/2018\/08\/cd02-actual-caratula-front_mini.jpg 150w, https:\/\/rkrause.cl\/web\/wp-content\/uploads\/2018\/08\/cd02-actual-caratula-front_mini-50x50.jpg 50w, https:\/\/rkrause.cl\/web\/wp-content\/uploads\/2018\/08\/cd02-actual-caratula-front_mini-100x100.jpg 100w\" sizes=\"(max-width: 150px) 100vw, 150px\" \/><\/p>\n<p>Rainer Krause: &#8230;actual \/\/ una pieza sonora seg\u00fan texto de Vil\u00e9m Flusser. Barcelona (autoedici\u00f3n CD-RK002), 2004<br \/>\nmini-CD-R, duraci\u00f3n 7&#8217;30\u00bb, 50 ejemplares numerados y firmados&nbsp;<\/p>\n<p><a href=\"https:\/\/rkrause.cl\/web\/wp-content\/uploads\/2018\/03\/cd02-actual-caratula.pdf\" target=\"_blank\" rel=\"noopener\">&gt; car\u00e1tula<\/a><br \/>\n&gt; <a href=\"http:\/\/rkrause.cl\/web\/wp-content\/uploads\/2009\/03\/cd02-actual.mp3\" target=\"_blank\" rel=\"noopener\">track<br \/>\n<\/a>banda sonora de la video-instalaci\u00f3n &gt; <a href=\"https:\/\/rkrause.cl\/web\/?page_id=227\" target=\"_blank\" rel=\"noopener\">&#8230;actual \/\/<\/a><\/p>\n<p>&nbsp;<\/p>\n<hr>\n<h6>2003<\/h6>\n<p><img loading=\"lazy\" decoding=\"async\" class=\"size-full wp-image-5163 alignleft\" src=\"https:\/\/rkrause.cl\/web\/wp-content\/uploads\/2018\/08\/DVD1-1cm2-Caratula-front_mini.jpg\" alt=\"\" width=\"150\" height=\"150\" srcset=\"https:\/\/rkrause.cl\/web\/wp-content\/uploads\/2018\/08\/DVD1-1cm2-Caratula-front_mini.jpg 150w, https:\/\/rkrause.cl\/web\/wp-content\/uploads\/2018\/08\/DVD1-1cm2-Caratula-front_mini-50x50.jpg 50w, https:\/\/rkrause.cl\/web\/wp-content\/uploads\/2018\/08\/DVD1-1cm2-Caratula-front_mini-100x100.jpg 100w\" sizes=\"(max-width: 150px) 100vw, 150px\" \/>Rainer Krause: <em>1 cm\u00b2 de Naci\u00f3n<\/em>. Barcelona (autoedici\u00f3n DVD-RK001), 2003<br \/>\nmini-DVD-R, 4 videos, duraci\u00f3n total 18&#8217;43\u00bb, 30 ejemplares numerados y firmados&nbsp;<\/p>\n<p>&gt; <a href=\"https:\/\/rkrause.cl\/web\/wp-content\/uploads\/2018\/03\/DVD1-1cm2-Caratula_peq.pdf\" target=\"_blank\" rel=\"noopener\">car\u00e1tula<\/a><br \/>\n&gt; <a href=\"https:\/\/vimeo.com\/175457836\" target=\"_blank\" rel=\"noopener\">videos<\/a><\/p>\n<p>&nbsp;<\/p>\n<p>&nbsp;<\/p>\n<p><img loading=\"lazy\" decoding=\"async\" class=\"size-full wp-image-5155 alignleft\" src=\"https:\/\/rkrause.cl\/web\/wp-content\/uploads\/2018\/08\/CD1_carat_1_seg_nac_mini.jpg\" alt=\"\" width=\"150\" height=\"150\" srcset=\"https:\/\/rkrause.cl\/web\/wp-content\/uploads\/2018\/08\/CD1_carat_1_seg_nac_mini.jpg 150w, https:\/\/rkrause.cl\/web\/wp-content\/uploads\/2018\/08\/CD1_carat_1_seg_nac_mini-50x50.jpg 50w, https:\/\/rkrause.cl\/web\/wp-content\/uploads\/2018\/08\/CD1_carat_1_seg_nac_mini-100x100.jpg 100w\" sizes=\"(max-width: 150px) 100vw, 150px\" \/>Rainer Krause: <em>1 seg de Naci\u00f3<\/em>. Barcelona (autoedici\u00f3n CD-RK001), 2003<br \/>\nmini-CD-R, duraci\u00f3n 0&#8217;15\u00bb, car\u00e1tula troquelada, 30 ejemplares numerados y firmados<\/p>\n<p>&gt; <a href=\"https:\/\/rkrause.cl\/web\/wp-content\/uploads\/2018\/03\/CD1_Caratula-1-seg-Convertido.pdf\" target=\"_blank\" rel=\"noopener\">car\u00e1tula<\/a><br \/>\n&gt; <a href=\"http:\/\/rkrause.cl\/web\/wp-content\/uploads\/2009\/03\/cd01-sonido-1-seg-de-nacion.mp3\" target=\"_blank\" rel=\"noopener\">track<\/a><\/p>\n<p>&nbsp;<\/p>\n<p>&nbsp;<\/p>\n<h6>&nbsp;<\/h6>\n","protected":false},"excerpt":{"rendered":"<p>CDs \/ DVDs (en construcci\u00f3n) 2015 Di algo\u2026 Pueblo Nuevo 10\u00b0 Aniversario.&nbsp;Santiago de Chile (Pueblo Nuevo pn 100), 2015 Album de descarga &gt; descarga completa &gt; car\u00e1tula &gt; track 33: Rainer Krause &#8211; Cambiar la pronunciaci\u00f3n del propio nombre&#8230; [versi\u00f3n binaural] \u00a1Escuchar con aud\u00edfonos! &nbsp; Rainer Krause, Mauricio Barr\u00eda: &gt;[&#8216;Kafkage] para mall&lt; Tarjeta de descarga [&hellip;]<\/p>\n","protected":false},"author":2,"featured_media":0,"parent":1211,"menu_order":4,"comment_status":"closed","ping_status":"closed","template":"","meta":{"ngg_post_thumbnail":0,"footnotes":""},"class_list":["post-4811","page","type-page","status-publish","hentry"],"_links":{"self":[{"href":"https:\/\/rkrause.cl\/web\/index.php?rest_route=\/wp\/v2\/pages\/4811"}],"collection":[{"href":"https:\/\/rkrause.cl\/web\/index.php?rest_route=\/wp\/v2\/pages"}],"about":[{"href":"https:\/\/rkrause.cl\/web\/index.php?rest_route=\/wp\/v2\/types\/page"}],"author":[{"embeddable":true,"href":"https:\/\/rkrause.cl\/web\/index.php?rest_route=\/wp\/v2\/users\/2"}],"replies":[{"embeddable":true,"href":"https:\/\/rkrause.cl\/web\/index.php?rest_route=%2Fwp%2Fv2%2Fcomments&post=4811"}],"version-history":[{"count":52,"href":"https:\/\/rkrause.cl\/web\/index.php?rest_route=\/wp\/v2\/pages\/4811\/revisions"}],"predecessor-version":[{"id":5216,"href":"https:\/\/rkrause.cl\/web\/index.php?rest_route=\/wp\/v2\/pages\/4811\/revisions\/5216"}],"up":[{"embeddable":true,"href":"https:\/\/rkrause.cl\/web\/index.php?rest_route=\/wp\/v2\/pages\/1211"}],"wp:attachment":[{"href":"https:\/\/rkrause.cl\/web\/index.php?rest_route=%2Fwp%2Fv2%2Fmedia&parent=4811"}],"curies":[{"name":"wp","href":"https:\/\/api.w.org\/{rel}","templated":true}]}}