{"id":4818,"date":"2018-03-09T15:11:25","date_gmt":"2018-03-09T18:11:25","guid":{"rendered":"https:\/\/rkrause.cl\/web\/?page_id=4818"},"modified":"2018-08-13T20:07:33","modified_gmt":"2018-08-13T23:07:33","slug":"capitulos-en-libros","status":"publish","type":"page","link":"https:\/\/rkrause.cl\/web\/?page_id=4818","title":{"rendered":"Art\u00edculos en libros \/ revistas"},"content":{"rendered":"<h2>Art\u00edculos en libros \/ revistas<\/h2>\n<h6>2018<\/h6>\n<p><img loading=\"lazy\" decoding=\"async\" class=\"size-full wp-image-5190 alignleft\" src=\"https:\/\/rkrause.cl\/web\/wp-content\/uploads\/2018\/08\/Tribunales_mini.jpg\" alt=\"\" width=\"150\" height=\"150\" srcset=\"https:\/\/rkrause.cl\/web\/wp-content\/uploads\/2018\/08\/Tribunales_mini.jpg 150w, https:\/\/rkrause.cl\/web\/wp-content\/uploads\/2018\/08\/Tribunales_mini-50x50.jpg 50w, https:\/\/rkrause.cl\/web\/wp-content\/uploads\/2018\/08\/Tribunales_mini-100x100.jpg 100w\" sizes=\"(max-width: 150px) 100vw, 150px\" \/>Ignacio S\u00e1ez &amp; Patricio Zeiss (Eds.): <em>Tribunales. Sobre una teor\u00eda moderna.<\/em> Concepci\u00f3n (Dostercios), 2018<br \/>\nISBN 978-956-09018-1-1, 140 p\u00e1ginas, 500 ejemplares<\/p>\n<p>entrevista Rainer Krause: \u00ab9.3 GB [Edificio Tribunales &#8211; Tucapel].\u00bb pp. 66-77<\/p>\n<p>&nbsp;<\/p>\n<p>&nbsp;<\/p>\n<hr>\n<h6>2017<\/h6>\n<p><img loading=\"lazy\" decoding=\"async\" class=\"size-full wp-image-5188 alignleft\" src=\"https:\/\/rkrause.cl\/web\/wp-content\/uploads\/2018\/08\/Notas-de-ciudad_mini.jpg\" alt=\"\" width=\"150\" height=\"150\" srcset=\"https:\/\/rkrause.cl\/web\/wp-content\/uploads\/2018\/08\/Notas-de-ciudad_mini.jpg 150w, https:\/\/rkrause.cl\/web\/wp-content\/uploads\/2018\/08\/Notas-de-ciudad_mini-50x50.jpg 50w, https:\/\/rkrause.cl\/web\/wp-content\/uploads\/2018\/08\/Notas-de-ciudad_mini-100x100.jpg 100w\" sizes=\"(max-width: 150px) 100vw, 150px\" \/>Nucleo de Creaci\u00f3n e Investigaci\u00f3n Arte y Espacio P\u00fablico: <em>Notas de ciudad<\/em>. Santiago de Chile (Departamento de Artes Visuales, Facultad de Artes, Universidad de Chile), 2017<br \/>\nISBN 978-956-19-0998-4, 132 p\u00e1ginas, 500 ejemplares<\/p>\n<p>texto Rainer Krause: \u00abPaisaje Sonoro.\u00bb pp. 113-125<\/p>\n<p>&nbsp;<\/p>\n<hr>\n<h6>2015<\/h6>\n<p><img loading=\"lazy\" decoding=\"async\" class=\"size-full wp-image-5186 alignleft\" src=\"https:\/\/rkrause.cl\/web\/wp-content\/uploads\/2018\/08\/ArteArchivo_mini.jpg\" alt=\"\" width=\"150\" height=\"150\" srcset=\"https:\/\/rkrause.cl\/web\/wp-content\/uploads\/2018\/08\/ArteArchivo_mini.jpg 150w, https:\/\/rkrause.cl\/web\/wp-content\/uploads\/2018\/08\/ArteArchivo_mini-50x50.jpg 50w, https:\/\/rkrause.cl\/web\/wp-content\/uploads\/2018\/08\/ArteArchivo_mini-100x100.jpg 100w\" sizes=\"(max-width: 150px) 100vw, 150px\" \/>Ver\u00f3nica Troncoso &amp; Germ\u00e1n Gonz\u00e1lez (Eds.): <em>Arte + Archivo: producci\u00f3n, reflexiones y desplazamientos<\/em>. Santiago de Chile (Departamento de Artes Visuales, Facultad de Artes, Universidad de Chile), 2015<br \/>\nISBN 978-956-19-1012-6, 270 p\u00e1ginas, 500 ejemplares<\/p>\n<p>texto Rainer Krause: \u00abArchivo, colecci\u00f3n, dep\u00f3sito: Las series &lt;1 TB&gt; y &lt;1 GB&gt;.\u00bb pp. 88-102 y 196-207&nbsp;<\/p>\n<p>&nbsp;<\/p>\n<p><img loading=\"lazy\" decoding=\"async\" class=\"size-full wp-image-5178 alignleft\" src=\"https:\/\/rkrause.cl\/web\/wp-content\/uploads\/2018\/08\/15-07_Tecnologias-de-Mediacion_mini.jpg\" alt=\"\" width=\"150\" height=\"150\" srcset=\"https:\/\/rkrause.cl\/web\/wp-content\/uploads\/2018\/08\/15-07_Tecnologias-de-Mediacion_mini.jpg 150w, https:\/\/rkrause.cl\/web\/wp-content\/uploads\/2018\/08\/15-07_Tecnologias-de-Mediacion_mini-50x50.jpg 50w, https:\/\/rkrause.cl\/web\/wp-content\/uploads\/2018\/08\/15-07_Tecnologias-de-Mediacion_mini-100x100.jpg 100w\" sizes=\"(max-width: 150px) 100vw, 150px\" \/>Daniel Cruz (Ed.):<em>Tecnolog\u00eda de Mediaci\u00f3n<\/em>. Santiago de Chile (Escuela de Posgrado, Facultad de Artes, Universidad de Chile), 2015<br \/>\nISBN 978-956-19-0916-8, 124 p\u00e1ginas, 300 ejemplares<\/p>\n<p>&gt;&nbsp;<span style=\"font-family: -apple-system, BlinkMacSystemFont, 'Segoe UI', Roboto, Oxygen-Sans, Ubuntu, Cantarell, 'Helvetica Neue', sans-serif;\">texto <\/span><a style=\"font-family: -apple-system, BlinkMacSystemFont, 'Segoe UI', Roboto, Oxygen-Sans, Ubuntu, Cantarell, 'Helvetica Neue', sans-serif;\" href=\"https:\/\/rkrause.cl\/web\/wp-content\/uploads\/2018\/03\/15-07_Tecnologias-de-Mediacion.pdf\" target=\"_blank\" rel=\"noopener\">Rainer Krause: El objeto sonoro y el lenguaje<\/a><span style=\"font-family: -apple-system, BlinkMacSystemFont, 'Segoe UI', Roboto, Oxygen-Sans, Ubuntu, Cantarell, 'Helvetica Neue', sans-serif;\">, pp. 80-84<\/span><\/p>\n<p>&nbsp;<\/p>\n<p>&nbsp;<\/p>\n<p><img loading=\"lazy\" decoding=\"async\" class=\"size-full wp-image-5179 alignleft\" src=\"https:\/\/rkrause.cl\/web\/wp-content\/uploads\/2018\/08\/15-12_obj_mini.jpg\" alt=\"\" width=\"150\" height=\"150\" srcset=\"https:\/\/rkrause.cl\/web\/wp-content\/uploads\/2018\/08\/15-12_obj_mini.jpg 150w, https:\/\/rkrause.cl\/web\/wp-content\/uploads\/2018\/08\/15-12_obj_mini-50x50.jpg 50w, https:\/\/rkrause.cl\/web\/wp-content\/uploads\/2018\/08\/15-12_obj_mini-100x100.jpg 100w\" sizes=\"(max-width: 150px) 100vw, 150px\" \/>Daniel Cruz (Ed.): &nbsp;<em>Obj. Objeto Tecnol\u00f3gico en el Arte Contempor\u00e1neo.&nbsp;<\/em>Santiago de Chile (Departamento de Artes Visuales, Facultad de Artes, Universidad de Chile), 2015<br \/>\nISBN 978-956-19-0944-1, 256 p\u00e1ginas, 500 ejemplares<\/p>\n<p>&gt;&nbsp;<a style=\"font-family: -apple-system, BlinkMacSystemFont, 'Segoe UI', Roboto, Oxygen-Sans, Ubuntu, Cantarell, 'Helvetica Neue', sans-serif;\" href=\"https:\/\/rkrause.cl\/web\/wp-content\/uploads\/2018\/03\/15-12_obj.pdf\" target=\"_blank\" rel=\"noopener\">texto Rainer Krause: Objeto sonoro<\/a><span style=\"font-family: -apple-system, BlinkMacSystemFont, 'Segoe UI', Roboto, Oxygen-Sans, Ubuntu, Cantarell, 'Helvetica Neue', sans-serif;\">, pp. 21-33<\/span><\/p>\n<h6>&nbsp;<\/h6>\n<hr>\n<h6>2014<\/h6>\n<p><img loading=\"lazy\" decoding=\"async\" class=\"size-full wp-image-5181 alignleft\" src=\"https:\/\/rkrause.cl\/web\/wp-content\/uploads\/2018\/08\/Aural-enero-2014_mini.jpg\" alt=\"\" width=\"150\" height=\"150\" srcset=\"https:\/\/rkrause.cl\/web\/wp-content\/uploads\/2018\/08\/Aural-enero-2014_mini.jpg 150w, https:\/\/rkrause.cl\/web\/wp-content\/uploads\/2018\/08\/Aural-enero-2014_mini-50x50.jpg 50w, https:\/\/rkrause.cl\/web\/wp-content\/uploads\/2018\/08\/Aural-enero-2014_mini-100x100.jpg 100w\" sizes=\"(max-width: 150px) 100vw, 150px\" \/><em>Aural N\u00ba 1<\/em>. Valpara\u00edso (Tsonami Arte Sonoro), enero 2014<br \/>\n68 p\u00e1ginas.<\/p>\n<p>texto Rainer Krause: \u00abAriel Bustamante &amp; Alfredo Thiermann: Din\u00e1micas del vacio\u00bb, p. 67.<\/p>\n<p>&nbsp;<\/p>\n<p>&nbsp;<\/p>\n<hr>\n<h6>2013<\/h6>\n<p><img loading=\"lazy\" decoding=\"async\" class=\"size-full wp-image-5176 alignleft\" src=\"https:\/\/rkrause.cl\/web\/wp-content\/uploads\/2018\/08\/13-00_Alzaprima-5-1_mini.jpg\" alt=\"\" width=\"150\" height=\"150\" srcset=\"https:\/\/rkrause.cl\/web\/wp-content\/uploads\/2018\/08\/13-00_Alzaprima-5-1_mini.jpg 150w, https:\/\/rkrause.cl\/web\/wp-content\/uploads\/2018\/08\/13-00_Alzaprima-5-1_mini-50x50.jpg 50w, https:\/\/rkrause.cl\/web\/wp-content\/uploads\/2018\/08\/13-00_Alzaprima-5-1_mini-100x100.jpg 100w\" sizes=\"(max-width: 150px) 100vw, 150px\" \/><em>Alzaprima N\u00ba 5.<\/em> Concepci\u00f3n (Departamento de Artes Pl\u00e1sticas, Facultad de Humanidades y Arte, Universidad de Concepci\u00f3n), 2013<br \/>\nRevista de Investigaci\u00f3n y Creaci\u00f3n, ISSN 0718-8595, 94 p\u00e1ginas<\/p>\n<p>&gt;&nbsp;<a href=\"https:\/\/rkrause.cl\/web\/wp-content\/uploads\/2018\/03\/13-00_Alzaprima-5.pdf\" target=\"_blank\" rel=\"noopener\">texto Rainer Krause: \u00abLa instalaci\u00f3n sonora como formato en un espacio plurisensorial\u00bb<\/a>, pp. 38-51<\/p>\n<p>&nbsp;<\/p>\n<p>&nbsp;<\/p>\n<p><img loading=\"lazy\" decoding=\"async\" class=\"size-full wp-image-5177 alignleft\" src=\"https:\/\/rkrause.cl\/web\/wp-content\/uploads\/2018\/08\/13-07_TATecnologias-Aplicadas_tapa_mini.jpg\" alt=\"\" width=\"150\" height=\"150\" srcset=\"https:\/\/rkrause.cl\/web\/wp-content\/uploads\/2018\/08\/13-07_TATecnologias-Aplicadas_tapa_mini.jpg 150w, https:\/\/rkrause.cl\/web\/wp-content\/uploads\/2018\/08\/13-07_TATecnologias-Aplicadas_tapa_mini-50x50.jpg 50w, https:\/\/rkrause.cl\/web\/wp-content\/uploads\/2018\/08\/13-07_TATecnologias-Aplicadas_tapa_mini-100x100.jpg 100w\" sizes=\"(max-width: 150px) 100vw, 150px\" \/>Daniel Cruz, Andrea J\u00f6sch (Eds.): <em>[T][A]Tecnologias-Aplicadas<\/em>. Santiago de Chile (Escuela de Arte UNIACC), 2013<br \/>\nISBN 978-956-353-118-3, publicaci\u00f3n on-line, 128 p\u00e1ginas<\/p>\n<p>&gt; <a href=\"http:\/\/www.masivo.cl\/media\/libro\/[T][A]Tecnologias-Aplicadas.pdf\" target=\"_blank\" rel=\"noopener\">descarga completa<\/a><br \/>\n&gt; <a href=\"https:\/\/rkrause.cl\/web\/wp-content\/uploads\/2018\/03\/13-07_TATecnologias-Aplicadas_.pdf\" target=\"_blank\" rel=\"noopener\">textos&nbsp;Rainer Krause: \u00abLa radio como formato de producci\u00f3n art\u00edstico\u00bb y Rainer Krause: \u00ab\u00bfC\u00f3mo realizar una caminata sonora (en la ciudad)?\u00bb<\/a><\/p>\n<p>&nbsp;<\/p>\n<hr>\n<h6>2009<\/h6>\n<p><img loading=\"lazy\" decoding=\"async\" class=\"size-full wp-image-5184 alignleft\" src=\"https:\/\/rkrause.cl\/web\/wp-content\/uploads\/2018\/08\/Resonancias-nov-2009_mini.jpg\" alt=\"\" width=\"150\" height=\"150\" srcset=\"https:\/\/rkrause.cl\/web\/wp-content\/uploads\/2018\/08\/Resonancias-nov-2009_mini.jpg 150w, https:\/\/rkrause.cl\/web\/wp-content\/uploads\/2018\/08\/Resonancias-nov-2009_mini-50x50.jpg 50w, https:\/\/rkrause.cl\/web\/wp-content\/uploads\/2018\/08\/Resonancias-nov-2009_mini-100x100.jpg 100w\" sizes=\"(max-width: 150px) 100vw, 150px\" \/><em>Resonancias N\u00ba 25<\/em>. Santiago de Chile (Instituto de M\u00fasica, Facultad de Artes, Pontificia Universidad Cat\u00f3lica de Chile), noviembre 2009<br \/>\nISSN 0717-3474, 102 p\u00e1ginas<\/p>\n<p>texto Rainer Krause: \u00abKreuzfahrt: Un paisaje sonoro instalado.\u00bb pp. 16-24<\/p>\n","protected":false},"excerpt":{"rendered":"<p>Art\u00edculos en libros \/ revistas 2018 Ignacio S\u00e1ez &amp; Patricio Zeiss (Eds.): Tribunales. Sobre una teor\u00eda moderna. Concepci\u00f3n (Dostercios), 2018 ISBN 978-956-09018-1-1, 140 p\u00e1ginas, 500 ejemplares entrevista Rainer Krause: \u00ab9.3 GB [Edificio Tribunales &#8211; Tucapel].\u00bb pp. 66-77 &nbsp; &nbsp; 2017 Nucleo de Creaci\u00f3n e Investigaci\u00f3n Arte y Espacio P\u00fablico: Notas de ciudad. Santiago de Chile [&hellip;]<\/p>\n","protected":false},"author":2,"featured_media":0,"parent":1211,"menu_order":6,"comment_status":"closed","ping_status":"closed","template":"","meta":{"ngg_post_thumbnail":0,"footnotes":""},"class_list":["post-4818","page","type-page","status-publish","hentry"],"_links":{"self":[{"href":"https:\/\/rkrause.cl\/web\/index.php?rest_route=\/wp\/v2\/pages\/4818"}],"collection":[{"href":"https:\/\/rkrause.cl\/web\/index.php?rest_route=\/wp\/v2\/pages"}],"about":[{"href":"https:\/\/rkrause.cl\/web\/index.php?rest_route=\/wp\/v2\/types\/page"}],"author":[{"embeddable":true,"href":"https:\/\/rkrause.cl\/web\/index.php?rest_route=\/wp\/v2\/users\/2"}],"replies":[{"embeddable":true,"href":"https:\/\/rkrause.cl\/web\/index.php?rest_route=%2Fwp%2Fv2%2Fcomments&post=4818"}],"version-history":[{"count":16,"href":"https:\/\/rkrause.cl\/web\/index.php?rest_route=\/wp\/v2\/pages\/4818\/revisions"}],"predecessor-version":[{"id":5192,"href":"https:\/\/rkrause.cl\/web\/index.php?rest_route=\/wp\/v2\/pages\/4818\/revisions\/5192"}],"up":[{"embeddable":true,"href":"https:\/\/rkrause.cl\/web\/index.php?rest_route=\/wp\/v2\/pages\/1211"}],"wp:attachment":[{"href":"https:\/\/rkrause.cl\/web\/index.php?rest_route=%2Fwp%2Fv2%2Fmedia&parent=4818"}],"curies":[{"name":"wp","href":"https:\/\/api.w.org\/{rel}","templated":true}]}}