{"id":5558,"date":"2019-08-21T19:38:49","date_gmt":"2019-08-21T22:38:49","guid":{"rendered":"https:\/\/rkrause.cl\/web\/?page_id=5558"},"modified":"2026-03-28T18:58:28","modified_gmt":"2026-03-28T21:58:28","slug":"2019-milimetropolis","status":"publish","type":"page","link":"https:\/\/rkrause.cl\/web\/?page_id=5558","title":{"rendered":"[2019-22] milimetr\u00f3polis"},"content":{"rendered":"<h2>milimetr\u00f3polis<\/h2>\n<h6>Un proyecto de Rainer Krause (concepto general, dibujos, sonidos binaurales, mili-sonidos), con la participaci\u00f3n de Guillermo Rojo Echavarr\u00eda (dibujos, mili-sonidos), Lucas Soffia (mili-sonidos), Mar\u00eda Paz G\u00e1lvez (mili-sonidos), Reinhard Schultz (mili-sonidos), Felipe Weason (software).<\/h6>\n<h6><em>milimetr\u00f3polis<\/em>. Sala Juan Egenau, Universidad de Chile, Santiago de Chile, 2019<\/h6>\n<p>Instalaci\u00f3n sonora<br \/>\n8 canales de audio con sonidos aleatorios (computadora, software, altavoces); audio binaural (reproductor mp3, aud\u00edfonos); est\u00e9reo 2.1 (reproductor DVD, altavoces); dibujos, acuarelas, grabado, plotter de corte, adoquines, banco de concreto<\/p>\n<p>ngg_shortcode_0_placeholder<\/p>\n<h6>&nbsp;<\/h6>\n<h6><em>Rauschmittel.<\/em> Museo de Arte Contempor\u00e1neo, Sede Parque Forestal, Santiago de Chile, 2022<\/h6>\n<p>Instalaci\u00f3n sonora<br \/>\n8 canales de audio con sonidos aleatorios (computadora, software, altavoces); 2 canales de audio est\u00e9reo; video wall de cuatro pantallas; adoquines, bancos de madera<\/p>\n<p>ngg_shortcode_1_placeholder<\/p>\n<h5>&nbsp;<\/h5>\n<h5><span style=\"color: #993300;\">Registro binaural: \u00a1Escuchar con aud\u00edfonos!<\/span><\/h5>\n<p><iframe loading=\"lazy\" src=\"https:\/\/w.soundcloud.com\/player\/?url=https%3A\/\/api.soundcloud.com\/users\/437857359&amp;color=%23423535&amp;auto_play=false&amp;hide_related=false&amp;show_comments=true&amp;show_user=true&amp;show_reposts=false&amp;show_teaser=true\" width=\"100%\" height=\"300\" frameborder=\"no\" scrolling=\"no\"><\/iframe><\/p>\n","protected":false},"excerpt":{"rendered":"<p>milimetr\u00f3polis Un proyecto de Rainer Krause (concepto general, dibujos, sonidos binaurales, mili-sonidos), con la participaci\u00f3n de Guillermo Rojo Echavarr\u00eda (dibujos, mili-sonidos), Lucas Soffia (mili-sonidos), Mar\u00eda Paz G\u00e1lvez (mili-sonidos), Reinhard Schultz (mili-sonidos), Felipe Weason (software). milimetr\u00f3polis. Sala Juan Egenau, Universidad de Chile, Santiago de Chile, 2019 Instalaci\u00f3n sonora 8 canales de audio con sonidos aleatorios (computadora, [&hellip;]<\/p>\n","protected":false},"author":2,"featured_media":0,"parent":65,"menu_order":0,"comment_status":"closed","ping_status":"closed","template":"","meta":{"ngg_post_thumbnail":0,"footnotes":""},"class_list":["post-5558","page","type-page","status-publish","hentry"],"_links":{"self":[{"href":"https:\/\/rkrause.cl\/web\/index.php?rest_route=\/wp\/v2\/pages\/5558"}],"collection":[{"href":"https:\/\/rkrause.cl\/web\/index.php?rest_route=\/wp\/v2\/pages"}],"about":[{"href":"https:\/\/rkrause.cl\/web\/index.php?rest_route=\/wp\/v2\/types\/page"}],"author":[{"embeddable":true,"href":"https:\/\/rkrause.cl\/web\/index.php?rest_route=\/wp\/v2\/users\/2"}],"replies":[{"embeddable":true,"href":"https:\/\/rkrause.cl\/web\/index.php?rest_route=%2Fwp%2Fv2%2Fcomments&post=5558"}],"version-history":[{"count":30,"href":"https:\/\/rkrause.cl\/web\/index.php?rest_route=\/wp\/v2\/pages\/5558\/revisions"}],"predecessor-version":[{"id":6800,"href":"https:\/\/rkrause.cl\/web\/index.php?rest_route=\/wp\/v2\/pages\/5558\/revisions\/6800"}],"up":[{"embeddable":true,"href":"https:\/\/rkrause.cl\/web\/index.php?rest_route=\/wp\/v2\/pages\/65"}],"wp:attachment":[{"href":"https:\/\/rkrause.cl\/web\/index.php?rest_route=%2Fwp%2Fv2%2Fmedia&parent=5558"}],"curies":[{"name":"wp","href":"https:\/\/api.w.org\/{rel}","templated":true}]}}