{"id":5833,"date":"2020-12-11T16:12:08","date_gmt":"2020-12-11T19:12:08","guid":{"rendered":"https:\/\/rkrause.cl\/web\/?page_id=5833"},"modified":"2021-10-13T15:46:21","modified_gmt":"2021-10-13T18:46:21","slug":"2020-2","status":"publish","type":"page","link":"https:\/\/rkrause.cl\/web\/?page_id=5833","title":{"rendered":"[2020] &#8230;[&#8230;]"},"content":{"rendered":"<h3><span style=\"color: #333333;\">&#8230;[&#8230;]<\/span><\/h3>\n<p>Trabajo radiof\u00f3nico<br \/>\nDuraci\u00f3n: 24 horas<\/p>\n<p>Material sonoro:<br \/>\n\u00b7 el silencio (como fondo) de 24 horas y<br \/>\n\u00b7 el silencio (como interrupci\u00f3n) 279 veces en el d\u00eda de transmisi\u00f3n.<\/p>\n<p>El silencio de fondo est\u00e1 omnipresente (pasivo) como condici\u00f3n para que la transmisi\u00f3n habitual de la emisora funcione (por ejemplo, un chirrido t\u00e9cnico de fondo dificultar\u00eda la escucha del programa habitual). Esta transmisi\u00f3n se interrumpe cada 5 minutos y 10 segundo por apenas 1 segundo y medio por un silencio \u201cactivo\u201d, una interrupci\u00f3n, parecido a una falla t\u00e9cnica, que anula la transmisi\u00f3n.<\/p>\n<p><img loading=\"lazy\" decoding=\"async\" class=\"alignnone size-full wp-image-5839\" src=\"https:\/\/rkrause.cl\/web\/wp-content\/uploads\/2020\/12\/esquema-silencios_red.jpg\" alt=\"\" width=\"1200\" height=\"202\" srcset=\"https:\/\/rkrause.cl\/web\/wp-content\/uploads\/2020\/12\/esquema-silencios_red.jpg 1200w, https:\/\/rkrause.cl\/web\/wp-content\/uploads\/2020\/12\/esquema-silencios_red-300x51.jpg 300w, https:\/\/rkrause.cl\/web\/wp-content\/uploads\/2020\/12\/esquema-silencios_red-768x129.jpg 768w, https:\/\/rkrause.cl\/web\/wp-content\/uploads\/2020\/12\/esquema-silencios_red-700x118.jpg 700w\" sizes=\"(max-width: 1200px) 100vw, 1200px\" \/><\/p>\n<p>Nos hemos acostumbrados demasiado a los n\u00fameros abstractos de cada d\u00eda en las noticias televisivas que nos indican el desarrollo de la pandemia. Una l\u00ednea zigzagueada no duele, no se percibe individuos atr\u00e1s. Reci\u00e9n cuando es una\/un colega, amiga\/o o familiar que se contagia, empieza la desesperaci\u00f3n: la l\u00ednea estad\u00edstica entra en la vida, la transforma y duele profundamente.<\/p>\n<p>El 27 de junio 2020, el Ministerio de Salud del Gobierno de Chile p\u00fablico el n\u00famero de nuevos contagiados y fallecidos a ra\u00edz de la pandemia del COVID-19 del d\u00eda anterior: miles de contagiados y 279 fallecidos. Hasta ahora, es la fecha con el mayor n\u00famero de fallecidos por d\u00eda, o sea, se puede considerar como un d\u00eda <em>peak<\/em> en pandemia, que desde entonces est\u00e1 en leve descenso.<\/p>\n<p>Estos 279 fallecidos en el d\u00eda 27-6-2020 en Chile (podr\u00eda ser otro d\u00eda en otro pa\u00eds con otro n\u00famero de fallecidos, pero tengo que elegir un d\u00eda de pandemia para un d\u00eda de transmisi\u00f3n) est\u00e1n representados a trav\u00e9s de 279 silencios de 1,5 segundos cada uno. Muy poco, casi imperceptible si se escucha por casualidad. Pero si se sigue la transmisi\u00f3n por m\u00e1s tiempo, empieza a llamar la atenci\u00f3n y en cierta situaci\u00f3n puede ser molesto. Hay un problema \u00e9tico: la interrupci\u00f3n interviene en el derecho de la libre expresi\u00f3n (de las\/los programadores de la radio), modifica la escucha (aunque s\u00faper breve) del material sonoro de otras\/os, algo que uno mismo no le gustar\u00eda que pasara con su propia propuesta. Queda entonces en la decisi\u00f3n de las\/los responsables, aceptar o rechazar esta propuesta. En el segundo caso, <strong>me gustar\u00eda recibir una argumentaci\u00f3n de su decisi\u00f3n, que en ning\u00fan caso voy a cuestionar. <\/strong>Eso si, la respuesta va a ser parte de este trabajo radiof\u00f3nico.<\/p>\n<p>Adjunto a esta descripci\u00f3n dos archivos de audio:<\/p>\n<p>[a] 5\u201910\u201d de silencio de fondo (pasivo),<br \/>\n[b] 1,5\u201d de silencio interruptivo (activo),<\/p>\n<p>que se deben reproducir en forma intercalada. El silencio [a] se transmite en conjunto con la programaci\u00f3n habitual, el silencio [b] anula esta transmisi\u00f3n programada.<\/p>\n<p>&nbsp;<\/p>\n<h4>Festival Internacional de Arte Sonoro Monteaudio, Montevideo, Uruguay, 2020<br \/>\nTransmisi\u00f3n el 22 de noviembre, de 0 a 24 hrs.<\/h4>\n<p><iframe loading=\"lazy\" src=\"https:\/\/w.soundcloud.com\/player\/?url=https%3A\/\/api.soundcloud.com\/playlists\/1182259666&amp;color=%236b6c6e&amp;auto_play=false&amp;hide_related=false&amp;show_comments=true&amp;show_user=true&amp;show_reposts=false&amp;show_teaser=true&amp;visual=true\" width=\"100%\" height=\"300\" frameborder=\"no\" scrolling=\"no\"><\/iframe><\/p>\n<p>&nbsp;<\/p>\n<h4>XVI Festival de Arte Sonoro Tsonami, Valpara\u00edso, Chile, 2020.<br \/>\nTransmisi\u00f3n el 19 de diciembre, 19.55 hrs.<\/h4>\n<p><iframe loading=\"lazy\" src=\"https:\/\/w.soundcloud.com\/player\/?url=https%3A\/\/api.soundcloud.com\/tracks\/951773899&amp;color=%236b6c6e&amp;auto_play=false&amp;hide_related=false&amp;show_comments=true&amp;show_user=true&amp;show_reposts=false&amp;show_teaser=true&amp;visual=true\" width=\"100%\" height=\"300\" frameborder=\"no\" scrolling=\"no\"><span data-mce-type=\"bookmark\" style=\"display: inline-block; width: 0px; overflow: hidden; line-height: 0;\" class=\"mce_SELRES_start\">?<\/span><\/iframe><\/p>\n<div style=\"font-size: 10px; color: #cccccc; line-break: anywhere; word-break: normal; overflow: hidden; white-space: nowrap; text-overflow: ellipsis; font-family: Interstate,Lucida Grande,Lucida Sans Unicode,Lucida Sans,Garuda,Verdana,Tahoma,sans-serif; font-weight: 100;\"><a style=\"color: #cccccc; text-decoration: none;\" title=\"Rainer Krause\" href=\"https:\/\/soundcloud.com\/user-687441051\" target=\"_blank\" rel=\"noopener\">Rainer Krause<\/a> \u00b7 <a style=\"color: #cccccc; text-decoration: none;\" title=\"...[...] Festival Tsonami 201219 - 200504 H6shot.WAV\" href=\"https:\/\/soundcloud.com\/user-687441051\/festival-tsonami-201219-200504-h6shotwav\" target=\"_blank\" rel=\"noopener\">&#8230;[&#8230;] Festival Tsonami 201219 &#8211; 200504 H6shot.WAV<\/a><\/div>\n","protected":false},"excerpt":{"rendered":"<p>&#8230;[&#8230;] Trabajo radiof\u00f3nico Duraci\u00f3n: 24 horas Material sonoro: \u00b7 el silencio (como fondo) de 24 horas y \u00b7 el silencio (como interrupci\u00f3n) 279 veces en el d\u00eda de transmisi\u00f3n. El silencio de fondo est\u00e1 omnipresente (pasivo) como condici\u00f3n para que la transmisi\u00f3n habitual de la emisora funcione (por ejemplo, un chirrido t\u00e9cnico de fondo dificultar\u00eda [&hellip;]<\/p>\n","protected":false},"author":2,"featured_media":0,"parent":65,"menu_order":0,"comment_status":"closed","ping_status":"closed","template":"","meta":{"ngg_post_thumbnail":0,"footnotes":""},"class_list":["post-5833","page","type-page","status-publish","hentry"],"_links":{"self":[{"href":"https:\/\/rkrause.cl\/web\/index.php?rest_route=\/wp\/v2\/pages\/5833"}],"collection":[{"href":"https:\/\/rkrause.cl\/web\/index.php?rest_route=\/wp\/v2\/pages"}],"about":[{"href":"https:\/\/rkrause.cl\/web\/index.php?rest_route=\/wp\/v2\/types\/page"}],"author":[{"embeddable":true,"href":"https:\/\/rkrause.cl\/web\/index.php?rest_route=\/wp\/v2\/users\/2"}],"replies":[{"embeddable":true,"href":"https:\/\/rkrause.cl\/web\/index.php?rest_route=%2Fwp%2Fv2%2Fcomments&post=5833"}],"version-history":[{"count":8,"href":"https:\/\/rkrause.cl\/web\/index.php?rest_route=\/wp\/v2\/pages\/5833\/revisions"}],"predecessor-version":[{"id":5848,"href":"https:\/\/rkrause.cl\/web\/index.php?rest_route=\/wp\/v2\/pages\/5833\/revisions\/5848"}],"up":[{"embeddable":true,"href":"https:\/\/rkrause.cl\/web\/index.php?rest_route=\/wp\/v2\/pages\/65"}],"wp:attachment":[{"href":"https:\/\/rkrause.cl\/web\/index.php?rest_route=%2Fwp%2Fv2%2Fmedia&parent=5833"}],"curies":[{"name":"wp","href":"https:\/\/api.w.org\/{rel}","templated":true}]}}