{"id":6050,"date":"2021-10-13T15:35:47","date_gmt":"2021-10-13T18:35:47","guid":{"rendered":"https:\/\/rkrause.cl\/web\/?page_id=6050"},"modified":"2025-08-24T19:20:16","modified_gmt":"2025-08-24T22:20:16","slug":"playlist","status":"publish","type":"page","link":"https:\/\/rkrause.cl\/web\/?page_id=6050","title":{"rendered":"[2021-22] Playlist"},"content":{"rendered":"<h6>Monteaudio-Playlist, <em>Festival Internacional de Arte Sonoro Monteaudio22, transforma(c)ci\u00f3n<\/em>, Montevideo, Uruguay, 2022<br \/>\nRauschmittel-Playlist, Museo de Arte Contempor\u00e1neo, Santiago de Chile, 2022<br \/>\nSomaRumor-Playlist,<em> II Encontro Latino-Americano de Arte Sonoro<\/em>, Universidade Federal Fluminense, Brasil, 2021<br \/>\nForo-Playlist, <em>Foro de las Artes<\/em>, Universidad de Chile, 2021<br \/>\nEgenau-Playlist, Sala Juan Egenau, Departamento de Artes Visuales, Universidad de Chile, 2021<img loading=\"lazy\" decoding=\"async\" class=\"aligncenter wp-image-6078\" src=\"https:\/\/rkrause.cl\/web\/wp-content\/uploads\/2021\/10\/Captura-de-Pantalla-2021-08-07-a-las-11.20.35-700x518.png\" alt=\"\" width=\"400\" height=\"296\" srcset=\"https:\/\/rkrause.cl\/web\/wp-content\/uploads\/2021\/10\/Captura-de-Pantalla-2021-08-07-a-las-11.20.35-700x518.png 700w, https:\/\/rkrause.cl\/web\/wp-content\/uploads\/2021\/10\/Captura-de-Pantalla-2021-08-07-a-las-11.20.35-300x222.png 300w, https:\/\/rkrause.cl\/web\/wp-content\/uploads\/2021\/10\/Captura-de-Pantalla-2021-08-07-a-las-11.20.35.png 760w\" sizes=\"(max-width: 400px) 100vw, 400px\" \/><\/h6>\n<p><strong><em>Foro-Playlist<\/em><\/strong> es una exposici\u00f3n on-line de reconfiguraciones de siete instalaciones sonoras \u201cf\u00edsicas\u201d desarrolladas y montadas entre los a\u00f1os 2005 y 2021, y -al mismo tiempo- una instalaci\u00f3n virtual aut\u00f3noma que conecta diversos espacios virtuales con diferentes funciones como archivo, ejecutor de software y espacio de difusi\u00f3n e interacci\u00f3n. En cada d\u00eda de la semana, el visitante de esta exposici\u00f3n\/instalaci\u00f3n se enfrenta a otra obra. Adem\u00e1s, los sonidos var\u00edan seg\u00fan la hora del d\u00eda.&nbsp;&nbsp;<\/p>\n<p>En <strong><em>Foro-Playlist<\/em><\/strong>, la experiencia espacial de la escucha -en una sala real con las instalaciones montadas- est\u00e1 transformada en una escucha por dos canales, a veces a trav\u00e9s de alta voces, a veces a trav\u00e9s de aud\u00edfonos. Esta reducci\u00f3n de dimensionalidad espacial del sonido no significa autom\u00e1ticamente una p\u00e9rdida de experiencia, sino un cambio a otros par\u00e1metros. Cada obra requiere una manera singular de escucha: continua, interrumpida, repetida, atenta, sin atenci\u00f3n especial o casi imperceptible. La exposici\u00f3n\/instalaci\u00f3n es una invitaci\u00f3n a modificar la forma de escucha, donde el oyente est\u00e1 libre de aceptar o rechazar esta propuesta.<\/p>\n<p><span style=\"color: #808080;\">(Programaci\u00f3n y dise\u00f1o gr\u00e1fico: Felipe Weason)<\/span><\/p>\n<h3 style=\"text-align: center;\"><span style=\"color: #993300;\"><strong>Entrar en la exposici\u00f3n <\/strong><a style=\"color: #993300;\" href=\"http:\/\/rkrause.cl\/playlist\/\" target=\"_blank\" rel=\"noopener\"><strong>&gt; aqu\u00ed<\/strong><\/a><\/span><\/h3>\n<hr>\n<p>[1]Todos los <strong>lunes<\/strong> se escucha la obra <strong><em>La isla [registro]<\/em><\/strong><em>,<\/em> que consiste en 480 registros sonoros de las costas sudamericanas, realizados por 69 seguidores del proyecto <em>La isla [reconocimiento]<\/em>, una instalaci\u00f3n medial del a\u00f1o 2016.&nbsp;<strong>Se recomienda<\/strong> escuchar la obra en una duraci\u00f3n a tu gusto y a trav\u00e9s de altavoces, como fondo sonoro del entorno habitual, no demasiado fuerte pero bien audible en medio de los sonidos del ambiente.<\/p>\n<p><a href=\"http:\/\/la-isla-reconocimiento.cl\/\" target=\"_blank\" rel=\"noopener\">(M\u00e1s informaciones sobre el proyecto La isla [reconocimiento] <strong>&gt; aqu\u00ed<\/strong>)<\/a><\/p>\n<hr>\n<p>[2] Los <strong>martes<\/strong> se escucha <strong><em>1 seg. [confinamiento]<\/em>, <\/strong>obra especialmente desarrollada para esta exposici\u00f3n a trav\u00e9s de 446 sonidos registrados durante los confinamientos totales y parciales en los a\u00f1os 2020 y 2021.&nbsp;<strong>Se recomienda<\/strong> hacer sonar el audio a trav\u00e9s de altavoces todo el d\u00eda no demasiado fuerte y sin prestar mucha atenci\u00f3n. Los sonidos que interrumpen de modo irregular el entorno sonoro habitual provocan extra\u00f1as relaciones puntuales.<\/p>\n<hr>\n<p>[3] Los d\u00edas <strong>mi\u00e9rcoles<\/strong> suena la obra <strong><em>Cambiar la pronunciaci\u00f3n del propio nombre&#8230;<\/em><\/strong> En su versi\u00f3n de 2021 (una obra en proceso desde 2005) se escucha las voces de 220 personas y la imitaci\u00f3n de su pronunciaciones.Como la obra no es demasiado larga, <strong>sugiero <\/strong>escucharla atentamente y preguntarse \u00bfqu\u00e9 estoy escuchando?.<\/p>\n<p>(M\u00e1s informaciones <a href=\"https:\/\/rkrause.cl\/web\/?page_id=238\" target=\"_blank\" rel=\"noopener\"><strong>&gt; aqu\u00ed<\/strong><\/a>)<\/p>\n<hr>\n<p>[4] Todos los <strong>jueves<\/strong> se puede escuchar <strong><em>timeboxing <\/em><\/strong>del a\u00f1o 2012 en su adaptaci\u00f3n para la&nbsp; presentaci\u00f3n on-line. La versi\u00f3n original dura un a\u00f1o completo emitiendo ininterrumpidamente 30 segundos de ruido blanco intercalado por 30 segundos de silencio.&nbsp;<strong>Se recomienda<\/strong> hacer sonar la obra todo el d\u00eda a trav\u00e9s de altavoces en volumen moderado. No prestes atenci\u00f3n al sonido (pues no es interesante), sino a la percepci\u00f3n del flujo de tiempo en este d\u00eda.<\/p>\n<p>(M\u00e1s informaciones <a href=\"https:\/\/rkrause.cl\/web\/?page_id=1449\" target=\"_blank\" rel=\"noopener\"><strong>&gt; aqu\u00ed<\/strong><\/a>)<\/p>\n<hr>\n<p>[5] El d\u00eda <strong>viernes<\/strong> suena la versi\u00f3n est\u00e9reo de la instalaci\u00f3n sonora <strong><em>n<\/em><\/strong>, una obra desarrollado por el c\u00famulo sonoro RadioRuido.2 en 2014. 16.000 n\u00fameros son pronunciados por 100 personas durante 8 horas.&nbsp;<strong>Se recomienda<\/strong> escuchar la obra en diferentes momentos del d\u00eda por 10 o 15 minutos con atenci\u00f3n, preferentemente con aud\u00edfonos.&nbsp;<span style=\"color: #808080;\">(RadioRuido.2 fueron: M\u00f3nica Bate, Nicol\u00e1s Fuentes, Sebasti\u00e1n Valenzuela, Felipe Fierro, Claudio Mu\u00f1oz Pilonitis, Rainer Krause.&nbsp;&nbsp;<\/span><\/p>\n<p>(M\u00e1s informaciones <a href=\"https:\/\/rkrause.cl\/web\/?page_id=1687\" target=\"_blank\" rel=\"noopener\"><strong>&gt; aqu\u00ed<\/strong>)<\/a><\/p>\n<hr>\n<p>[6] Cada <strong>s\u00e1bado<\/strong> se puede escuchar <strong><em>mlmtrpls<\/em><\/strong>, la reconfiguraci\u00f3n en dos canales de audio de la instalaci\u00f3n sonora <em>milimetr\u00f3polis<\/em> de 10 canales del a\u00f1o 2019. Suena una cantidad indefinida de sonidos poco interesantes, poco significativos, cortos, a veces poco audibles. En su totalidad forman un ruido de fondo sobre el cual se destacan los sonidos habituales de tu entorno m\u00e1s importantes.&nbsp;<strong>Se recomienda<\/strong> hacer sonar la obra todo el d\u00eda a trav\u00e9s de altavoces en volumen moderado, prestando atenci\u00f3n solamente de vez en cuando, en momentos cuando no hay otra cosa que hacer.&nbsp;<span style=\"color: #808080;\">(Sonidos binaurales: &nbsp;Rainer Krause; Mili-sonidos: Guillermo Rojo Echavarr\u00eda, Lucas Sof\u00eda, Mar\u00eda Paz G\u00e1lvez, Reinhard Schulz, Rainer Krause; Software: Felipe Weason.)<\/span><\/p>\n<p>(M\u00e1s informaciones <a href=\"https:\/\/rkrause.cl\/web\/?page_id=5558\" target=\"_blank\" rel=\"noopener\"><strong>&gt; aqu\u00ed<\/strong><\/a>)<\/p>\n<hr>\n<p>[7] Al final, el <strong>domingo<\/strong> se escuchan fragmentos de todas mis obras sonoras desde 1996 hasta 2020 en la instalaci\u00f3n <strong><em>\u0153vre<\/em><\/strong>, reproducidos aleatoriamente. Como esta obra tiene una duraci\u00f3n moderada (20 minutos) <strong>se recomienda<\/strong> escucharla en cualquier momento del d\u00eda con buenos aud\u00edfonos, buenos altavoces tambi\u00e9n sirven.&nbsp;<span style=\"color: #808080;\">(Edici\u00f3n audio: Katherine Yohan Canales)<\/span><\/p>\n<hr>\n<hr>\n<p><span style=\"color: #008000;\"><strong><em>SomaRumor-Playlist <\/em><\/strong><em>\u00e9 <\/em><em>uma exposi\u00e7\u00e3o online que<\/em><em> reconfigura sete instala\u00e7\u00f5<\/em><em>es sonoras \u00abf\u00ed<\/em><em>sicas\u00bb desenvolvidas e montadas entre 2005 e 2021. A<\/em><em>o mesmo tempo \u00e9 <\/em><em>&nbsp;uma instala\u00e7\u00e3<\/em><em>o virtual aut\u00f3noma que liga diferentes espa<\/em><em>\u00e7os virtuais com diferentes fun\u00e7\u00f5es como arquivo, software e espa\u00e7o para divulga\u00e7\u00e3<\/em><em>o e interac<\/em><em>\u00e7\u00e3<\/em><em>o. A<\/em><em> cada dia da semana, o visitante d<\/em><em>a exposi\u00e7\u00e3o\/instala<\/em><em>\u00e7\u00e3o <\/em><em>\u00e9 <\/em><em>confrontado com uma obra diferente. Al<\/em><em>\u00e9<\/em><em>m disso, os sons variam de acordo com&nbsp; dia e hora.<\/em><\/span><\/p>\n<p><span style=\"color: #008000;\"><em>Em <strong>SomaRumor-Playlist<\/strong> <\/em>a experi\u00eancia espacial, vivenciada pela escuta em uma sala real com instala\u00e7\u00f5es montadas, \u00e9 transformada numa audi\u00e7\u00e3o de dois canais, por vezes atrav\u00e9s de alto-falantes, por vezes atrav\u00e9s de fone de ouvido. Esta redu\u00e7\u00e3o da dimensionalidade espacial do som n\u00e3o significa automaticamente uma perda de experi\u00eancia, mas uma mudan\u00e7a de par\u00e2metros. Cada trabalho requer uma forma singular de escuta: cont\u00ednua, interrompida, repetida, atenta, desatenta ou quase impercept\u00edvel. A exposi\u00e7\u00e3o\/instala\u00e7\u00e3o \u00e9 um convite para modificar o modo de escuta, onde o ouvinte tem a liberdade de aceitar ou rejeitar a proposta.<\/span><\/p>\n<p><span style=\"color: #808080;\">(Programa\u00e7\u00e3o e desenho gr\u00e1fico: Felipe Weason)<\/span><\/p>\n<h3 style=\"text-align: center;\"><span style=\"color: #993300;\">Entre na exposi\u00e7\u00e3o <a href=\"http:\/\/rkrause.cl\/playlist\/\" target=\"_blank\" rel=\"noopener\">&gt; aqui<\/a><\/span><\/h3>\n<hr>\n<p><span style=\"color: #008000;\">[1] Todas as <strong>segundas-feiras<\/strong> se pode ouvir o trabalho<strong> La isla [registro]<\/strong>, que consiste em 480 grava\u00e7\u00f5es sonoras das costas sul-americanas, feitas por 69 seguidores do projecto La isla [reconocimiento], uma instala\u00e7\u00e3o midi\u00e1tica de 2016.&nbsp;<strong>Recomenda-se<\/strong> ouvir o trabalho pelo tempo que quiser atrav\u00e9s de alto-falantes. O trabalho deve soar como \u00abfundo sonoro\u00bb do entorno habitual, n\u00e3o muito alto mas bem aud\u00edvel, equilibrado com os sons do ambiente.<\/span><\/p>\n<p><span style=\"color: #008000;\">(Mais informa\u00e7\u00f5es em <a style=\"color: #008000;\" href=\"http:\/\/la-isla-reconocimiento.cl\/)\" target=\"_blank\" rel=\"noopener\">&gt; http:\/\/la-isla-reconocimiento.cl\/<\/a>)<\/span><\/p>\n<hr>\n<p><span style=\"color: #008000;\">[2] \u00c0s <strong>ter\u00e7as-feiras<\/strong>, ou\u00e7a <strong>1 segundo. [confinamento]<\/strong>, um trabalho especialmente desenvolvido para esta exposi\u00e7\u00e3o a partir de 446 sons gravados durante o confinamento total e parcial nos anos de 2020 e 2021.&nbsp;<strong>Recomenda-se<\/strong> tocar o \u00e1udio por alto-falantes durante todo o dia, n\u00e3o muito alto e sem prestar demasiada aten\u00e7\u00e3o. Sons que interrompem irregularmente o ambiente sonoro habitual causam rela\u00e7\u00f5es pontuais estranhas.<\/span><\/p>\n<hr>\n<p><span style=\"color: #008000;\">[3] \u00c0s <strong>quartas-feiras<\/strong>, toca-se a pe\u00e7a <strong>Mudar a pron\u00fancia do pr\u00f3prio nome<\/strong>&#8230; Na sua vers\u00e3o de 2021 (obra em processo desde 2005), as vozes de 220 pessoas s\u00e3o ouvidas e as suas pron\u00fancias s\u00e3o imitadas. Como a pe\u00e7a n\u00e3o \u00e9 muito longa, <strong>sugiro <\/strong>que a ou\u00e7a com aten\u00e7\u00e3o e se pergunte: o que \u00e9 que estou a ouvir?<\/span><\/p>\n<p><span style=\"color: #008000;\">(Mais informa\u00e7\u00f5es <a style=\"color: #008000;\" href=\"https:\/\/rkrause.cl\/web\/?page_id=238\" target=\"_blank\" rel=\"noopener\">&gt; aqui<\/a>)<\/span><\/p>\n<hr>\n<p><span style=\"color: #008000;\">[4] Todas <strong>as quintas-feiras <\/strong>pode-se ouvir a <strong>timeboxing <\/strong>do ano 2012 na sua adapta\u00e7\u00e3o para apresenta\u00e7\u00e3o online. A vers\u00e3o original dura um ano inteiro, transmitindo ininterruptamente 30 segundos de ru\u00eddo branco intercalados por 30 segundos de sil\u00eancio.&nbsp;<strong>Recomenda-se<\/strong> tocar o trabalho durante todo o dia atrav\u00e9s de alto-falantes a um volume moderado. N\u00e3o preste aten\u00e7\u00e3o ao som (pois n\u00e3o \u00e9 interessante), mas \u00e0 percep\u00e7\u00e3o do fluxo de tempo neste dia.<\/span><\/p>\n<p><span style=\"color: #008000;\">(Mais informa\u00e7\u00f5es <a style=\"color: #008000;\" href=\"https:\/\/rkrause.cl\/web\/?page_id=1449\" target=\"_blank\" rel=\"noopener\">&gt; aqui<\/a>)<\/span><\/p>\n<hr>\n<p><span style=\"color: #008000;\">[5] Na <strong>sexta-feira<\/strong> ser\u00e1 reproduzida a vers\u00e3o est\u00e9reo da instala\u00e7\u00e3o sonora <strong><em>n<\/em><\/strong>, um trabalho desenvolvido pelo ac\u00famulo de sons da RadioRuido.2 em 2014. 16.000 n\u00fameros s\u00e3o pronunciados por 100 pessoas durante 8 horas.&nbsp;<strong>Recomenda-se<\/strong> ouvir a pe\u00e7a em diferentes momentos do dia durante 10 a 15 minutos com aten\u00e7\u00e3o, de prefer\u00eancia com fone de ouvido.&nbsp;<span style=\"color: #999999;\">(RadioRuido.2 foram: M\u00f3nica Bate, Nicol\u00e1s Fuentes, Sebasti\u00e1n Valenzuela, Felipe Fierro, Claudio Mu\u00f1oz Pilonitis, Rainer Krause.) <\/span><\/span><\/p>\n<p><span style=\"color: #008000;\">(Mais informa\u00e7\u00f5es <a style=\"color: #008000;\" href=\"https:\/\/rkrause.cl\/web\/?page_id=1687\" target=\"_blank\" rel=\"noopener\">&gt; aqui<\/a>)<\/span><\/p>\n<hr>\n<p><span style=\"color: #008000;\">[6] Todos os <strong>s\u00e1bados<\/strong> pode ouvir<strong><em> mlmtrpls<\/em><\/strong>, a reconfigura\u00e7\u00e3o em dois canais da instala\u00e7\u00e3o sonora milimetropolis de 10 canais de 2019. Um n\u00famero indefinido de sons desinteressantes, insignificantes, curtos, por vezes inaud\u00edveis, s\u00e3o tocados. Na sua totalidade, formam um ru\u00eddo de fundo sobre o qual se destacam os sons mais importantes do seu ambiente.&nbsp;<strong>Recomenda-se<\/strong> tocar o trabalho durante todo o dia atrav\u00e9s de alto-falantes em volume moderado, prestando aten\u00e7\u00e3o apenas ocasionalmente, em momentos em que n\u00e3o h\u00e1 mais nada a fazer.<\/span>&nbsp;<span style=\"color: #808080;\">(Binaural sounds: Rainer Krause; Mili-sounds: Guillermo Rojo Echavarr\u00eda, Lucas Sof?a, Mar\u00eda Paz G\u00e1lvez, Reinhard Schulz, Rainer Krause; Software: Felipe Weason)<\/span><\/p>\n<hr>\n<p><span style=\"color: #008000;\">[7] Por fim, <strong>no domingo<\/strong>, escuta-se fragmentos de todas as minhas obras sonoras de 1996 a 2020 na instala\u00e7\u00e3o <strong><em>\u0153vre, <\/em><\/strong>reproduzidas aleatoriamente. Como este trabalho tem uma dura\u00e7\u00e3o aproximada de 20 minutos <strong>\u00e9 recomendado<\/strong> ouvi-lo a qualquer hora do dia com bons fones de ouvido, bons alto-falantes tamb\u00e9m servem.&nbsp;<\/span><span style=\"color: #808080;\">(Edi\u00e7\u00e3o \u00e1udio: Katherine Yohan Canales)<\/span><\/p>\n","protected":false},"excerpt":{"rendered":"<p>Monteaudio-Playlist, Festival Internacional de Arte Sonoro Monteaudio22, transforma(c)ci\u00f3n, Montevideo, Uruguay, 2022 Rauschmittel-Playlist, Museo de Arte Contempor\u00e1neo, Santiago de Chile, 2022 SomaRumor-Playlist, II Encontro Latino-Americano de Arte Sonoro, Universidade Federal Fluminense, Brasil, 2021 Foro-Playlist, Foro de las Artes, Universidad de Chile, 2021 Egenau-Playlist, Sala Juan Egenau, Departamento de Artes Visuales, Universidad de Chile, 2021 Foro-Playlist es [&hellip;]<\/p>\n","protected":false},"author":2,"featured_media":0,"parent":65,"menu_order":0,"comment_status":"closed","ping_status":"closed","template":"","meta":{"ngg_post_thumbnail":0,"footnotes":""},"class_list":["post-6050","page","type-page","status-publish","hentry"],"_links":{"self":[{"href":"https:\/\/rkrause.cl\/web\/index.php?rest_route=\/wp\/v2\/pages\/6050"}],"collection":[{"href":"https:\/\/rkrause.cl\/web\/index.php?rest_route=\/wp\/v2\/pages"}],"about":[{"href":"https:\/\/rkrause.cl\/web\/index.php?rest_route=\/wp\/v2\/types\/page"}],"author":[{"embeddable":true,"href":"https:\/\/rkrause.cl\/web\/index.php?rest_route=\/wp\/v2\/users\/2"}],"replies":[{"embeddable":true,"href":"https:\/\/rkrause.cl\/web\/index.php?rest_route=%2Fwp%2Fv2%2Fcomments&post=6050"}],"version-history":[{"count":24,"href":"https:\/\/rkrause.cl\/web\/index.php?rest_route=\/wp\/v2\/pages\/6050\/revisions"}],"predecessor-version":[{"id":6454,"href":"https:\/\/rkrause.cl\/web\/index.php?rest_route=\/wp\/v2\/pages\/6050\/revisions\/6454"}],"up":[{"embeddable":true,"href":"https:\/\/rkrause.cl\/web\/index.php?rest_route=\/wp\/v2\/pages\/65"}],"wp:attachment":[{"href":"https:\/\/rkrause.cl\/web\/index.php?rest_route=%2Fwp%2Fv2%2Fmedia&parent=6050"}],"curies":[{"name":"wp","href":"https:\/\/api.w.org\/{rel}","templated":true}]}}