{"id":670,"date":"2009-07-01T15:59:44","date_gmt":"2009-07-01T19:59:44","guid":{"rendered":"http:\/\/rkrause.cl\/web\/?page_id=670"},"modified":"2018-03-01T20:48:25","modified_gmt":"2018-03-01T23:48:25","slug":"sobre-r-krause","status":"publish","type":"page","link":"https:\/\/rkrause.cl\/web\/?page_id=670","title":{"rendered":"Textos sobre R. Krause"},"content":{"rendered":"<p><strong>Leonor Castaneda: Ge-metr\u00eda<\/strong><\/p>\n<p>Rainer Krause ha utilizado la figura de 1cm\u00b2, como unidad b\u00e1sica de la representaci\u00f3n del territorio, en obras que partieron en 1994 con un delgado terr\u00f3n de tierra de 1cm\u00b2 sobe papel. Desde esa dimensi\u00f3n territorial, la unidad de medida ha sido representada en las estrategias visuales de la \u201cfigura y el fondo\u201d y de la \u201cforma y contraforma\u201d, para revelar un contenido en el que se reflexiona sobre el limite, la identidad y el territorio.<\/p>\n<p>Introducci\u00f3n al libro \u00abRainer Krause: 1cm\u00b2\u00bb, 2010<br \/>\n&gt; <a href=\"https:\/\/rkrause.cl\/web\/wp-content\/uploads\/2018\/03\/Geo-metria.pdf\" target=\"_blank\" rel=\"noopener\">Texto completo<\/a><\/p>\n<hr>\n<p><strong>Leonor Castaneda: Comet\u00ed un error<\/strong><\/p>\n<p>Al observador le es inherente el error. Observar, es el di\u00e1logo constante entre la posibilidad del error y la veracidad de la percepci\u00f3n y el juicio. Un posible error ser\u00eda no advertir la paradoja, en la que el acto de ver solo se despliega al abrirse en dos.<\/p>\n<p>Texto para la exposici\u00f3n \u00abErrores (Versi\u00f3n N\u00ba 3)\u00bb, Julio 2009 <a href=\"http:\/\/rkrause.cl\/web\/wp-content\/uploads\/2009\/03\/Leonor Castaneda_ COMETi UN ERROR 2.pdf\" target=\"_blank\" rel=\"noopener\"><br \/>\n&gt; Texto completo<\/a><\/p>\n<hr>\n<p><strong>Jean-Pierre Guay: Croisi\u00e8re ou la position du sujet<\/strong><\/p>\n<p>Inter, Art Actuel 99 (Qu\u00e9bec)<br \/>\n&gt;&nbsp;<a href=\"http:\/\/rkrause.cl\/web\/wp-content\/uploads\/2009\/04\/Inter Art Actuel_99_Printemps 2008_p 80-81.pdf\" target=\"_blank\" rel=\"noopener\">Texto completo<\/a><\/p>\n<hr>\n<p><strong>Alberto Madrid: Arte (con)textual<\/strong><\/p>\n<p>Seg\u00fan indica Jos\u00e9 Miguel G. Cort\u00e9s en su libro \u00abLas Pol\u00edticas del Espacio\u00bb: \u00abla ciudad se ha convertido en un enorme laboratorio social en el que combinan e influyen mutuamente la reflexi\u00f3n te\u00f3rica, la acci\u00f3n pr\u00e1ctica y la imaginaci\u00f3n creativa\u00bb; referido al campo del arte. Aspectos que son abordados y desarrollados en la obra de Rainer Krause \u00abProyecto de Cooperaci\u00f3n\u00bb que expone en la vitrina de la Defensor\u00eda Penal P\u00fablica (Valpara\u00edso); cons-cientemente he dicho expone, pero lo cierto que no lo es en el sentido tradicional del \u00abcubo blanco\u00bb neutro de la galer\u00eda o el museo.<\/p>\n<p>El Mercurio, Santiago de Chile, 9-7-2006<a href=\"http:\/\/rkrause.cl\/web\/wp-content\/uploads\/2009\/03\/alberto-madrid_arte%20con-textual.pdf\" target=\"_blank\" rel=\"noopener\"><br \/>\n&gt; Texto completo<\/a><\/p>\n<hr>\n<p><strong>Ram\u00f3n Castillo: 1cm\u00b2 de Naci\u00f3n<\/strong><\/p>\n<p>El trabajo de Rainer Krause titulado \u00ab1 cm\u00b2 de Naci\u00f3n\u00bb alude a esta paradoja entre texto e imagen, entre representaci\u00f3n y presentaci\u00f3n, entre mapa, naci\u00f3n y territorio. El proyecto posee dos partes y ambas est\u00e1n relacionadas con una geograf\u00eda en particular: la geograf\u00eda pol\u00edtica de Espa\u00f1a y la piel del artista.<\/p>\n<p>Barcelona, junio del 2003 <a href=\"http:\/\/rkrause.cl\/web\/wp-content\/uploads\/2009\/03\/Ramon%20Castillo_1%20cm2%20de%20Nacion.pdf\" target=\"_blank\" rel=\"noopener\"><br \/>\n&gt; Texto completo<\/a><\/p>\n<hr>\n<p><strong>Ram\u00f3n Castillo: 1 cm\u00b2 of Nation<\/strong><\/p>\n<p>Rainer Krause&#8217;s work entitled, \u00ab1 cm\u00b2 of Nation\u00bb alludes to this paradox between text and image, representation and presentation, and map, nation and territory. There are two parts to the project, both of which are connected with one special geography: the political geography of Spain and the artist&#8217;s skin.<\/p>\n<p>Barcelona, june 2003 <a href=\"http:\/\/rkrause.cl\/web\/wp-content\/uploads\/2009\/03\/Ramon%20Castillo_1%20cm2%20of%20Nation.pdf\" target=\"_blank\" rel=\"noopener\"><br \/>\n&gt; Texto completo<\/a><\/p>\n<hr>\n<p><strong>Daniela Rosenfeld: Krause, un artista singular<\/strong><\/p>\n<p>Cuando hablamos de Rainer Krause, estamos hablando de un artista distinto. Un personaje que nunca se ha regido por modas ni corrientes en materia de arte y que siempre se ha guiado por su propia intuici\u00f3n y percepci\u00f3n de las realidades que le ha tocado vivir. Es de esos artistas que vinieron al mundo para decir algo solo a los que quieran \u00abescucharlo\u00bb. Un artista de bajo perfil, sin pretensiones y sin aires de grandeza, que posee un grado de autenticidad que a veces se echa de menos en nuestro medio.<\/p>\n<p>El Mercurio, Revista El S\u00e1bado, 31-8-2001 <a href=\"http:\/\/rkrause.cl\/web\/wp-content\/uploads\/2009\/03\/Daniela%20Rosenfeld_Un%20artista%20singular.pdf\" target=\"_blank\" rel=\"noopener\"><br \/>\n&gt; Texto completo<\/a><\/p>\n<hr>\n<p><strong>Jos\u00e9 Zalaquett: Di\u00e1logo de verdad<\/strong><\/p>\n<p>Para quienes vienen siguiendo la trayectoria art\u00edstica de Rainer Krause, es grato comprobar que siempre se puede esperar de \u00e9l un nuevo giro, aunque dentro de su bien asentada coherencia art\u00edstica. Esta vez, la evidencia est\u00e1 a la vista en el Centro de Extensi\u00f3n de la Universidad Cat\u00f3lica, donde expone junto a Osear Concha.<\/p>\n<p>Que Pasa, Santiago de Chile, 14-10-2000 <a href=\"http:\/\/rkrause.cl\/web\/wp-content\/uploads\/2009\/03\/Jose-Zalaquett_Dialogo-de-verdad.pdf\" target=\"_blank\" rel=\"noopener\"><br \/>\n&gt; Texto completo<\/a><\/p>\n<hr>\n<p><strong>Jos\u00e9 Zalaquett: Notable intermediario<\/strong><\/p>\n<p>Si uno no conociera la procedencia alemana de Rainer Krause, ser\u00eda natural tomarlo co\u00acmo un artista chileno, de esos que uno desea\u00acr\u00eda que surjan en estos tiempos de vacuidad est\u00e9tica y desorientaci\u00f3n val\u00f3rica. Porque Krause, quien reside en Pe\u00f1alol\u00e9n desde hace 11 a\u00f1os, sabe situarse en el centro de algunas de nuestras m\u00e1s hondas dicotom\u00edas nacionales y hacernos conscientes de ellas, con medios pl\u00e1sticos.<\/p>\n<p>Que Pasa, Santiago de Chile, 26-9-1998 <a href=\"http:\/\/rkrause.cl\/web\/wp-content\/uploads\/2009\/03\/jose-zalaquett_notable%20intermediario.pdf\" target=\"_blank\" rel=\"noopener\"><br \/>\n&gt; Texto completo<\/a><\/p>\n<hr>\n<p><strong>Ram\u00f3n Castillo: Instalaci\u00f3n M\u00ednima, Costos M\u00ednimos II<\/strong><\/p>\n<p>Tras el largo pasillo que lo distancia de la calle, Rainer Krause ha ubicado la Instalaci\u00f3n M\u00ednima Il en el Sal\u00f3n de Informaci\u00f3n Educacional y Cultural del Ministerio de Educaci\u00f3n. Est\u00e1s obras m\u00ednimas podr\u00edan llamarse \u00ababstracciones po\u00e9ticas\u00bb. Para lograrlas, el artista ha recogido los objetos y los ha liberado de su deterioro para rescatarlos y \u00abconsagrarlos\u00bb en las paredes de las instituciones que representan, de alg\u00fan modo, el acceso al centro geogr\u00e1fico, pol\u00edtico y cultural de la metr\u00f3poli.<\/p>\n<p>El Mercurio, Santiago de Chile, 24-2-1998 <a href=\"http:\/\/rkrause.cl\/web\/wp-content\/uploads\/2009\/03\/Ramon%20Castillo_Instalacion%20Minima%20No%20II.pdf\" target=\"_blank\" rel=\"noopener\"><br \/>\n&gt; Texto completo<\/a><\/p>\n<hr>\n<p><strong>Ram\u00f3n Castillo: Instalaci\u00f3n M\u00ednima N\u00b0 l<\/strong><\/p>\n<p>obra del artista Ra\u00edner Krause -realizada en 1997 y reci\u00e9n puesta en el Ministerio de Vivienda y Urbanismo-, es parte de una serie de 10 trabajos que, gracias al Fondart, se planea poner en los accesos de edificios p\u00fablicos como La Moneda, el Ministerio de Obras P\u00fablicas, Servicio Electoral, Tesorer\u00eda y Escuela Militar, entre otros.<\/p>\n<p>El Mercurio, Santiago de Chile, 10-1-1998 <a href=\"http:\/\/rkrause.cl\/web\/wp-content\/uploads\/2009\/03\/Ramon%20Castillo_Instalacion%20Minima%20No%20I.pdf\" target=\"_blank\" rel=\"noopener\"><br \/>\n&gt; Texto completo<\/a><\/p>\n","protected":false},"excerpt":{"rendered":"<p>Leonor Castaneda: Ge-metr\u00eda Rainer Krause ha utilizado la figura de 1cm\u00b2, como unidad b\u00e1sica de la representaci\u00f3n del territorio, en obras que partieron en 1994 con un delgado terr\u00f3n de tierra de 1cm\u00b2 sobe papel. Desde esa dimensi\u00f3n territorial, la unidad de medida ha sido representada en las estrategias visuales de la \u201cfigura y el [&hellip;]<\/p>\n","protected":false},"author":2,"featured_media":0,"parent":653,"menu_order":2,"comment_status":"open","ping_status":"open","template":"","meta":{"ngg_post_thumbnail":0,"footnotes":""},"class_list":["post-670","page","type-page","status-publish","hentry"],"_links":{"self":[{"href":"https:\/\/rkrause.cl\/web\/index.php?rest_route=\/wp\/v2\/pages\/670"}],"collection":[{"href":"https:\/\/rkrause.cl\/web\/index.php?rest_route=\/wp\/v2\/pages"}],"about":[{"href":"https:\/\/rkrause.cl\/web\/index.php?rest_route=\/wp\/v2\/types\/page"}],"author":[{"embeddable":true,"href":"https:\/\/rkrause.cl\/web\/index.php?rest_route=\/wp\/v2\/users\/2"}],"replies":[{"embeddable":true,"href":"https:\/\/rkrause.cl\/web\/index.php?rest_route=%2Fwp%2Fv2%2Fcomments&post=670"}],"version-history":[{"count":20,"href":"https:\/\/rkrause.cl\/web\/index.php?rest_route=\/wp\/v2\/pages\/670\/revisions"}],"predecessor-version":[{"id":4036,"href":"https:\/\/rkrause.cl\/web\/index.php?rest_route=\/wp\/v2\/pages\/670\/revisions\/4036"}],"up":[{"embeddable":true,"href":"https:\/\/rkrause.cl\/web\/index.php?rest_route=\/wp\/v2\/pages\/653"}],"wp:attachment":[{"href":"https:\/\/rkrause.cl\/web\/index.php?rest_route=%2Fwp%2Fv2%2Fmedia&parent=670"}],"curies":[{"name":"wp","href":"https:\/\/api.w.org\/{rel}","templated":true}]}}