{"id":6872,"date":"2026-04-25T18:33:41","date_gmt":"2026-04-25T21:33:41","guid":{"rendered":"https:\/\/rkrause.cl\/web\/?page_id=6872"},"modified":"2026-04-25T18:41:48","modified_gmt":"2026-04-25T21:41:48","slug":"2017-22-objetos-no-sonantes","status":"publish","type":"page","link":"https:\/\/rkrause.cl\/web\/?page_id=6872","title":{"rendered":"[2017-22] Objetos (no-)sonantes"},"content":{"rendered":"\n<h2 class=\"wp-block-heading\">Tres piezas vocales<\/h2>\n\n\n\n<p><em>Rauschmittel<\/em>, Museo de Arte Contempor\u00e1neo, Santiago de Chile, 2022<\/p>\n\n\n\n<p>Cuescos y tallos de guindas y cerezas, cepillos dentales usados, cajas pl\u00e1sticas, medicamentos, madera, acr\u00edlico. 45 x 132 x 28 cm; 37 x 132 x 55 cm; 25 x 132 x 14 cm<\/p>\n\n\n\n<hr class=\"wp-block-separator has-alpha-channel-opacity\"\/>\n\n\n\n<h2 class=\"wp-block-heading\">Dos esculturas casi silenciosas<\/h2>\n\n\n\n<div class=\"wp-block-group is-vertical is-layout-flex wp-container-core-group-is-layout-4 wp-block-group-is-layout-flex\">\n<div class=\"wp-block-group\"><div class=\"wp-block-group__inner-container is-layout-constrained wp-block-group-is-layout-constrained\">\n<div class=\"wp-block-group\"><div class=\"wp-block-group__inner-container is-layout-constrained wp-block-group-is-layout-constrained\">\n<div class=\"wp-block-group is-vertical is-layout-flex wp-container-core-group-is-layout-1 wp-block-group-is-layout-flex\">\n<p><em>Rauschmittel<\/em>, Museo de Arte Contempor\u00e1neo, Santiago de Chile, 2022<br><em>Galer\u00eda Microonda<\/em>s, Departamento de Artes Visuales, Universidad de Chile, Santiago, 2017<\/p>\n<\/div>\n<\/div><\/div>\n<\/div><\/div>\n\n\n\n<p>Tapones de o\u00eddo, madera, acr\u00edlico. C\/u 20 x 25 x 25 cm<\/p>\n<\/div>\n\n\n\n<hr class=\"wp-block-separator has-alpha-channel-opacity\"\/>\n\n\n\n<h2 class=\"wp-block-heading\">Toyotomi Soundking<\/h2>\n\n\n\n<p><em>Rauschmittel<\/em>, Museo de Arte Contempor\u00e1neo, Santiago de Chile, 2022<\/p>\n\n\n\n<p>Estufa de calefacci\u00f3n a queros\u00edn funcionando, amplificador de guitarra funcionando, micr\u00f3fono de contacto, madera. 67 x 74 x 30 cm<\/p>\n","protected":false},"excerpt":{"rendered":"<p>Tres piezas vocales Rauschmittel, Museo de Arte Contempor\u00e1neo, Santiago de Chile, 2022 Cuescos y tallos de guindas y cerezas, cepillos dentales usados, cajas pl\u00e1sticas, medicamentos, madera, acr\u00edlico. 45 x 132 x 28 cm; 37 x 132 x 55 cm; 25 x 132 x 14 cm Dos esculturas casi silenciosas Rauschmittel, Museo de Arte Contempor\u00e1neo, Santiago [&hellip;]<\/p>\n","protected":false},"author":2,"featured_media":0,"parent":65,"menu_order":0,"comment_status":"closed","ping_status":"closed","template":"","meta":{"ngg_post_thumbnail":0,"footnotes":""},"class_list":["post-6872","page","type-page","status-publish","hentry"],"_links":{"self":[{"href":"https:\/\/rkrause.cl\/web\/index.php?rest_route=\/wp\/v2\/pages\/6872"}],"collection":[{"href":"https:\/\/rkrause.cl\/web\/index.php?rest_route=\/wp\/v2\/pages"}],"about":[{"href":"https:\/\/rkrause.cl\/web\/index.php?rest_route=\/wp\/v2\/types\/page"}],"author":[{"embeddable":true,"href":"https:\/\/rkrause.cl\/web\/index.php?rest_route=\/wp\/v2\/users\/2"}],"replies":[{"embeddable":true,"href":"https:\/\/rkrause.cl\/web\/index.php?rest_route=%2Fwp%2Fv2%2Fcomments&post=6872"}],"version-history":[{"count":3,"href":"https:\/\/rkrause.cl\/web\/index.php?rest_route=\/wp\/v2\/pages\/6872\/revisions"}],"predecessor-version":[{"id":6878,"href":"https:\/\/rkrause.cl\/web\/index.php?rest_route=\/wp\/v2\/pages\/6872\/revisions\/6878"}],"up":[{"embeddable":true,"href":"https:\/\/rkrause.cl\/web\/index.php?rest_route=\/wp\/v2\/pages\/65"}],"wp:attachment":[{"href":"https:\/\/rkrause.cl\/web\/index.php?rest_route=%2Fwp%2Fv2%2Fmedia&parent=6872"}],"curies":[{"name":"wp","href":"https:\/\/api.w.org\/{rel}","templated":true}]}}