{"id":848,"date":"2010-03-16T19:51:30","date_gmt":"2010-03-16T19:51:30","guid":{"rendered":"http:\/\/rkrause.cl\/web\/?page_id=848"},"modified":"2021-06-22T21:13:55","modified_gmt":"2021-06-23T00:13:55","slug":"2009-laut","status":"publish","type":"page","link":"https:\/\/rkrause.cl\/web\/?page_id=848","title":{"rendered":"[2009] Laut"},"content":{"rendered":"<h2>Laut<\/h2>\n<h6><em><br \/>\nAudiogu\u00edas. Experiencias colaterales para espacios expositivos.<\/em>&nbsp;Museo Nacional de Bellas Artes, Santiago de Chile, 2010<br \/>\nParte del proyecto <em>Audiogu\u00edas. Experiencias colaterales para espacios expositivos<\/em><\/h6>\n<p>Audiogu\u00eda formato mp3, 27&#8242;<\/p>\n<p>ngg_shortcode_0_placeholder<\/p>\n<p><a href=\"https:\/\/rkrause.cl\/web\/wp-content\/uploads\/2021\/06\/Laut.mp3\">&gt; track<\/a><br \/>\n<span style=\"color: #993300;\"><em><strong>Grabaci\u00f3n binaural. \u00a1 Escuchar con aud\u00edfonos !<\/strong><\/em><\/span><\/p>\n<p><strong>__________________________<br \/>\n<\/strong><\/p>\n<p><strong>\u201cLaut\u201d \u2013 la voz acusm\u00e1tica y la voz binaural<\/strong><\/p>\n<p><em>Laut<\/em> es el nombre, tanto del audio gu\u00eda como de la exposici\u00f3n ficticia que le da contenido. La palabra alemana<em> Laut<\/em> significa por un lado, un sonido producido por la voz humana o animal, por otro lado alude al volumen alto de un sonido o a una situaci\u00f3n ruidosa. As\u00ed en el audio gu\u00eda se escuchan principalmente voces como elementos de trabajos sonoros. La voz humana se entiende aqu\u00ed como un \u201cfen\u00f3meno de umbral\u201d<sup>1<\/sup>: es sensual y significante; es discursiva e ic\u00f3nica; es f\u00edsica y ps\u00edquica, la voz indica y simboliza; es acci\u00f3n del hablante y pasi\u00f3n del o\u00eddo.<sup>2<\/sup><br \/>\nCada uno de los seis trabajos de la exposici\u00f3n <em>Laut<\/em> tematiza este umbral de la voz humana de una manera distinta, estableciendo relaciones particulares entre sus diferentes aspectos. A pesar de eso, en cada uno de los trabajos la voz tiene calidad<em> acusm\u00e1tica<\/em> (o\u00edr sin ver),<sup>3<\/sup> o sea, la fuente de la voz no es visible. Eso parecer\u00eda obvio en un contexto de audio gu\u00eda, adem\u00e1s que estamos tan acostumbrados a la reproducci\u00f3n t\u00e9cnica de la voz, que ya no nos sorprender\u00eda de ninguna manera. No obstante, sin el cuerpo visible como fuente de la voz, la percepci\u00f3n queda invadida de lo audible; con esta separaci\u00f3n entre voz y cuerpo, \u201cde repente la voz es provista de autoridad y aura.\u201d<sup>4<\/sup><br \/>\nSin embargo, existe una t\u00e9cnica de grabaci\u00f3n que en su reproducci\u00f3n con aud\u00edfonos devuelve a la voz, aunque no su cuerpo, s\u00ed su ubicaci\u00f3n en el espacio. Mientras la voz <em>acusm\u00e1tica<\/em> esconde el lugar del cuerpo, o lo sustituye por un aparato t\u00e9cnico,<sup>5<\/sup> la voz <em>binaural<\/em> deja invisible el cuerpo, pero adem\u00e1s, esconde su sustituto t\u00e9cnico al cual nos hemos acostumbrado, instalando la voz en una distancia y direcci\u00f3n precisa respecto del oyente. Mientras en la escucha <em>acusm\u00e1tica<\/em> el cuerpo sigue existiendo en un lugar independiente del oyente (tras la cortina, al otro lado de la l\u00ednea telef\u00f3nica, o en un estudio de grabaci\u00f3n) y este cuerpo est\u00e1 visiblemente representado por un objeto t\u00e9cnico, en la escucha <em>binaural<\/em> la voz existe solamente en relaci\u00f3n al oyente, quien la lleva consigo en su recorrido.<br \/>\nPara \u201cinstalar\u201d las voces en las salas que el oyente del audio gu\u00eda va traspasando, las reprodujimos en \u00e9stas a trav\u00e9s de parlantes emplazados en las mismas posiciones que deber\u00ed-an tener en una instalaci\u00f3n sonora. As\u00ed las voces se \u201cimpregnan\u201d con las caracter\u00edsticas ac\u00fas-ticas de las salas del Museo, cuando las grab\u00e1bamos de nuevo con un par de micr\u00f3fonos <em>binaurales<\/em>, ubicados en los canales auditivos de los o\u00eddos externos de una persona en movimiento por las salas. Si el oyente del audio gu\u00eda est\u00e1 en la sala en que fue grabada la voz, \u00e9sta se instala en la sala, sin cuerpo o sustituto. En la escucha por aud\u00edfonos el oyente no solamente distingue sus posiciones entre izquierda y derecha, como en una grabaci\u00f3n est\u00e9reo habitual, sino ubica los sonidos fuera de los aud\u00edfonos, en distancia, frente o atr\u00e1s de \u00e9l, en movimiento.<br \/>\nY aqu\u00ed lo impactante: la voz binaural tiene ubicaci\u00f3n precisa respecto de su oyente y carece de lugar propio al mismo tiempo. Ya no es el oyente quien busca la fuente de voz \u2013como en la escucha acusm\u00e1tica-, sino es la voz sin cuerpo que busca al oyente. Sin \u00e9l, ella no tiene ning\u00fan espacio.<\/p>\n<p>Todo el material sonoro del audio gu\u00eda es de mi autor\u00eda, con excepci\u00f3n de una parte de \u201cP\u00e1jaros MERZ\u201d, que incluye poes\u00eda sonora de Andr\u00e9s Anwandter, Felipe Cussen, Kurt Folch y Mart\u00edn Gubbins. La banda sonora de \u201cPornofon\u00eda\u201d fue creada por Alejandro Albornoz basada en una grabaci\u00f3n m\u00eda. Los textos de las voces \u201coficiales\u201d del audio gu\u00eda fueron revisados y redactados por Leonor Casta\u00f1eda.&nbsp; Estas voces mismas son de Keyros Guillen y Roberto Aschieri. En las diferentes partes del audio gu\u00eda se escuchan las voces de: Gerardo Araneda, Monica Bate, Est\u00e9ban Bernatas, Ariel Bustamante, Leonor Casta\u00f1eda, Bernarda Castillo, Gabriel Castillo, Daniel Cruz, Mariana Dameno, Cl\u00e9ment Darrasse, Said Harrak, Karin Heipe, Katja Heipe, Wolfgang Heipe, Parimah Jataizadeh, Anneliese Krause, Edeltraut Krause, Heide Krause, Lilly Krause, Manfred Krause, Nele Krause, Pablo Krause, Camilo Larraz\u00e1bal, Enoc Mu\u00f1oz, Fleur Norguera, Jaime Odd\u00f3, Carlos Ossa, Uxue Otala Balzategi, Stephanie Palallos, Shahin Parvez, Carlos P\u00e9rez Villalobos, Alejandro Quiroga, Jenny Radovcic, Pamela Reyes, Lucho Riffo, Catarina Sim\u00e3o, Jos\u00e9 Sol\u00e9, Simon Sv\u00e4rd, William Thayer, Despoina Tsafou, Marcela Vidal, Heino Walter, Enrique Zamudio, Rodrigo Zu\u00f1iga.<\/p>\n<p>_______________________<\/p>\n<p class=\"texto_pala_01\"><span style=\"font-size: x-small;\"><span class=\"cita\"><span class=\"texto_cita_01\"><strong>(1)<\/strong> El umbral no es un l\u00edmite entre dos estados, sino un \u00e1rea, donde diferentes conceptos se superponen, interact\u00faan, est\u00e1n presentes a la misma vez.<br \/>\n<strong>(2)<\/strong> Kolesch, Doris &amp; Kr\u00e4mer, Sybille. \u00abStimmen im Konzert der Disziplinen\u00bb. En: Kolesch, Doris &amp; Kr\u00e4mer, Sybille (Eds.). Stimme. Francfort\/M. (Suhrkamp), 2006. p. 12.<br \/>\n<\/span><\/span><span class=\"texto_cita_01\"><span class=\"cita\"> <strong>(3)<\/strong> \u00abLos acusm\u00e1ticos eran disc\u00edpulos de Pythagoras, que, ocultados tras una cortina, segu\u00edan su ense\u00f1anza, sin poder verlo.\u00bb Dolar, Mladen. His Master\u2019s Voice. Eine Theorie de Stimme. Francfort\/M.(Suhrkamp), 2007. p. 83.<br \/>\n<strong>(4)<\/strong> \u00cddem. p.84.<br \/>\n<strong>(5) <\/strong>Gram\u00f3fono, parlante, celular, etc..<\/span><\/span><\/span><\/p>\n","protected":false},"excerpt":{"rendered":"<p>Laut Audiogu\u00edas. Experiencias colaterales para espacios expositivos.&nbsp;Museo Nacional de Bellas Artes, Santiago de Chile, 2010 Parte del proyecto Audiogu\u00edas. Experiencias colaterales para espacios expositivos Audiogu\u00eda formato mp3, 27&#8242; \u00bb order_by=\u00bbsortorder\u00bb order_direction=\u00bbASC\u00bb returns=\u00bbincluded\u00bb maximum_entity_count=\u00bb500&#8243;] &gt; track Grabaci\u00f3n binaural. \u00a1 Escuchar con aud\u00edfonos ! __________________________ \u201cLaut\u201d \u2013 la voz acusm\u00e1tica y la voz binaural Laut es el [&hellip;]<\/p>\n","protected":false},"author":2,"featured_media":0,"parent":65,"menu_order":6,"comment_status":"closed","ping_status":"closed","template":"","meta":{"ngg_post_thumbnail":0,"footnotes":""},"class_list":["post-848","page","type-page","status-publish","hentry"],"_links":{"self":[{"href":"https:\/\/rkrause.cl\/web\/index.php?rest_route=\/wp\/v2\/pages\/848"}],"collection":[{"href":"https:\/\/rkrause.cl\/web\/index.php?rest_route=\/wp\/v2\/pages"}],"about":[{"href":"https:\/\/rkrause.cl\/web\/index.php?rest_route=\/wp\/v2\/types\/page"}],"author":[{"embeddable":true,"href":"https:\/\/rkrause.cl\/web\/index.php?rest_route=\/wp\/v2\/users\/2"}],"replies":[{"embeddable":true,"href":"https:\/\/rkrause.cl\/web\/index.php?rest_route=%2Fwp%2Fv2%2Fcomments&post=848"}],"version-history":[{"count":34,"href":"https:\/\/rkrause.cl\/web\/index.php?rest_route=\/wp\/v2\/pages\/848\/revisions"}],"predecessor-version":[{"id":6016,"href":"https:\/\/rkrause.cl\/web\/index.php?rest_route=\/wp\/v2\/pages\/848\/revisions\/6016"}],"up":[{"embeddable":true,"href":"https:\/\/rkrause.cl\/web\/index.php?rest_route=\/wp\/v2\/pages\/65"}],"wp:attachment":[{"href":"https:\/\/rkrause.cl\/web\/index.php?rest_route=%2Fwp%2Fv2%2Fmedia&parent=848"}],"curies":[{"name":"wp","href":"https:\/\/api.w.org\/{rel}","templated":true}]}}