{"id":941,"date":"2010-10-14T21:10:35","date_gmt":"2010-10-14T21:10:35","guid":{"rendered":"http:\/\/rkrause.cl\/web\/?page_id=941"},"modified":"2021-06-22T20:21:14","modified_gmt":"2021-06-22T23:21:14","slug":"2010-fluidaz-liquidecion","status":"publish","type":"page","link":"https:\/\/rkrause.cl\/web\/?page_id=941","title":{"rendered":"[2010] Fluidaz-Liquideci\u00f3n"},"content":{"rendered":"<h2>Fluidaz-Liquideci\u00f3n<\/h2>\n<h6><em>Asedio al paisaje<\/em>. Sala de Arte CCU, Vitacura, Santiago de Chile, 2010<br \/>\nObra por encargo del curador Ram\u00f3n Castillo.<\/h6>\n<p>Instalaci\u00f3n sonora de dos canales<\/p>\n<p>ngg_shortcode_0_placeholder<\/p>\n<p><a href=\"https:\/\/rkrause.cl\/web\/wp-content\/uploads\/2021\/06\/Paisaje_liquido-5_mezcla-estereo.mp3\">&gt; track<\/a><\/p>\n<p>__________________________<\/p>\n<p>Rainer Krause, visit\u00f3 y recorri\u00f3 la Cervecera CCU Chile Ltda., ubicada en Quilicura. El artista fue al lugar y realiz\u00f3 registros sonoros de las actividades y atm\u00f3sfera de la planta durante el mes de julio. Una forma metaf\u00f3rica de ingresar al interior de la f\u00e1brica pintada por Strozzi. Es el sonido rememorando la entrop\u00eda de metales, l\u00edquidos, materias primas y trabajadores que Krause ha manipulado con el fin de proponer un ambiente o paisaje sonoro a partir de cuatro parlantes suspendidos en el cielo y un parlante puesto en un m\u00f3dulo de la Sala de Arte: es como si se tratara de un regreso s\u00fabito de la f\u00e1brica y sus mejores tiempos de producci\u00f3n. En el tiempo en que el per\u00edmetro de la zona ten\u00eda otro paisaje sonoro, hoy ha sido reemplazado por la actividad incesante de los veh\u00edculos, los tacos, y las multitudes de oficinistas y comerciantes.<\/p>\n<p>Krause fue el 14 de julio a registrar los sonidos in situ. Se desplaz\u00f3 en la empresa a trav\u00e9s de la zona de fermentaci\u00f3n, botellas, gr\u00faas, vapor, zona de envasado y de carga de los camiones, descarga de latas y con estos seis movimientos ac\u00fasticos elabor\u00f3 un dibujo-diagrama-partitura para explicar la narrativa en el tiempo de los sonidos y luego, reproducirlos. Seis momentos en los que la atenci\u00f3n del auditor aumenta, y esta flecha de atenci\u00f3n continua se interrumpe dejando silencio&#8230; y luego, sonidos particulares, m\u00e1s direccionales desv\u00edan la atenci\u00f3n sobre la realidad o ficci\u00f3n de esta atm\u00f3sfera fantasmal y concreta. Es como si las operar\u00edas y operarios de la cervecera de pronto se activaran y se desmarcaran, y fuera de marco comenzaran a recuperar el tiempo perdido del paisaje. Se alternan los cinco movimientos con ruidos puntuales provenientes del chorro o goteo de agua, secci\u00f3n de botellas, quebraz\u00f3n de botellas, golpes de caja, destrozos de loza y sonidos de copas&#8230; casi no se escucha gente, pues est\u00e1 tan mecanizado el trabajo que hay muy poco personal a la vista, a diferencia de la imagen de hace 60 a\u00f1os donde la gente estaba al interior en una escala muy distinta respecto de los procesos y mecanizados.<\/p>\n<p>Los sonidos y ruidos se alternan en este paisaje que acontece mientras recorremos la Sala de Arte de la CCU, una serie de sonidos deslocalizados que Krause reconoce:<\/p>\n<p style=\"padding-left: 30px;\">\u00abEl sonido en este exposici\u00f3n convive con las obras de los dem\u00e1s artistas. Se trata de un sonido que no viene de un lugar en particular, a diferencia de la pintura, la fotograf\u00eda o el video. El sonido no tiene marco, puede provenir desde cualquier parte. Existe sonido envolvente (atmosf\u00e9rico) y direccional (en este caso, que proviene del parlante puesto junto al cuadro de Strozzi).\u00bb<\/p>\n<p style=\"text-align: right;\"><span style=\"font-size: x-small;\">(Texto Ram\u00f3n Castillo, del cat\u00e1logo de la exposici\u00f3n)<\/span><\/p>\n","protected":false},"excerpt":{"rendered":"<p>Fluidaz-Liquideci\u00f3n Asedio al paisaje. Sala de Arte CCU, Vitacura, Santiago de Chile, 2010 Obra por encargo del curador Ram\u00f3n Castillo. Instalaci\u00f3n sonora de dos canales \u00bb order_by=\u00bbsortorder\u00bb order_direction=\u00bbASC\u00bb returns=\u00bbincluded\u00bb maximum_entity_count=\u00bb500&#8243;] &gt; track __________________________ Rainer Krause, visit\u00f3 y recorri\u00f3 la Cervecera CCU Chile Ltda., ubicada en Quilicura. El artista fue al lugar y realiz\u00f3 registros sonoros [&hellip;]<\/p>\n","protected":false},"author":2,"featured_media":0,"parent":65,"menu_order":4,"comment_status":"closed","ping_status":"closed","template":"","meta":{"ngg_post_thumbnail":0,"footnotes":""},"class_list":["post-941","page","type-page","status-publish","hentry"],"_links":{"self":[{"href":"https:\/\/rkrause.cl\/web\/index.php?rest_route=\/wp\/v2\/pages\/941"}],"collection":[{"href":"https:\/\/rkrause.cl\/web\/index.php?rest_route=\/wp\/v2\/pages"}],"about":[{"href":"https:\/\/rkrause.cl\/web\/index.php?rest_route=\/wp\/v2\/types\/page"}],"author":[{"embeddable":true,"href":"https:\/\/rkrause.cl\/web\/index.php?rest_route=\/wp\/v2\/users\/2"}],"replies":[{"embeddable":true,"href":"https:\/\/rkrause.cl\/web\/index.php?rest_route=%2Fwp%2Fv2%2Fcomments&post=941"}],"version-history":[{"count":18,"href":"https:\/\/rkrause.cl\/web\/index.php?rest_route=\/wp\/v2\/pages\/941\/revisions"}],"predecessor-version":[{"id":6012,"href":"https:\/\/rkrause.cl\/web\/index.php?rest_route=\/wp\/v2\/pages\/941\/revisions\/6012"}],"up":[{"embeddable":true,"href":"https:\/\/rkrause.cl\/web\/index.php?rest_route=\/wp\/v2\/pages\/65"}],"wp:attachment":[{"href":"https:\/\/rkrause.cl\/web\/index.php?rest_route=%2Fwp%2Fv2%2Fmedia&parent=941"}],"curies":[{"name":"wp","href":"https:\/\/api.w.org\/{rel}","templated":true}]}}